{"id":5389,"date":"2025-10-29T13:11:01","date_gmt":"2025-10-29T13:11:01","guid":{"rendered":"https:\/\/agenciausphot.com\/uze\/produto\/brinco-ciculo-vazado\/"},"modified":"2025-11-04T20:38:15","modified_gmt":"2025-11-04T20:38:15","slug":"brinco-ciculo-vazado","status":"publish","type":"product","link":"https:\/\/agenciausphot.com\/uze\/en\/product\/brinco-ciculo-vazado\/","title":{"rendered":"Brinco ciculo vazado"},"content":{"rendered":"<h3 data-start=\"103\" data-end=\"129\">Detalhes do Produto:<\/h3>\n<p data-start=\"130\" data-end=\"466\">Brinco em <strong data-start=\"140\" data-end=\"162\">Prata 925 leg\u00edtima<\/strong>, com design minimalista em formato de <strong data-start=\"201\" data-end=\"219\">c\u00edrculo vazado<\/strong>, que transmite leveza e sofistica\u00e7\u00e3o. Uma joia vers\u00e1til, moderna e atemporal, perfeita para uso no dia a dia ou em ocasi\u00f5es especiais. Pode ser usada sozinha para um visual clean ou combinada com outros brincos para criar composi\u00e7\u00f5es estilosas.<\/p>\n<p data-start=\"468\" data-end=\"606\">A prata 925 \u00e9 hipoalerg\u00eanica e possui <strong data-start=\"506\" data-end=\"528\">garantia vital\u00edcia<\/strong>, reconhecida por sua resist\u00eancia, durabilidade e excelente custo-benef\u00edcio.<\/p>\n<hr data-start=\"608\" data-end=\"611\">\n<h3 data-start=\"613\" data-end=\"645\">Especifica\u00e7\u00f5es do produto:<\/h3>\n<ul data-start=\"646\" data-end=\"845\">\n<li data-start=\"646\" data-end=\"683\">\n<p data-start=\"648\" data-end=\"683\"><strong data-start=\"648\" data-end=\"659\">Modelo:<\/strong> Brinco C\u00edrculo Vazado<\/p>\n<\/li>\n<li data-start=\"684\" data-end=\"715\">\n<p data-start=\"686\" data-end=\"715\"><strong data-start=\"686\" data-end=\"698\">Formato:<\/strong> Redondo vazado<\/p>\n<\/li>\n<li data-start=\"716\" data-end=\"752\">\n<p data-start=\"718\" data-end=\"752\"><strong data-start=\"718\" data-end=\"731\">Material:<\/strong> Prata 925 leg\u00edtima<\/p>\n<\/li>\n<li data-start=\"753\" data-end=\"794\">\n<p data-start=\"755\" data-end=\"794\"><strong data-start=\"755\" data-end=\"770\">Acabamento:<\/strong> Liso polido brilhante<\/p>\n<\/li>\n<li data-start=\"795\" data-end=\"819\">\n<p data-start=\"797\" data-end=\"819\"><strong data-start=\"797\" data-end=\"808\">G\u00eanero:<\/strong> Feminino<\/p>\n<\/li>\n<li data-start=\"820\" data-end=\"845\">\n<p data-start=\"822\" data-end=\"845\"><strong data-start=\"822\" data-end=\"831\">Peso:<\/strong> Aprox. 1,8g<\/p>\n<\/li>\n<\/ul>\n<hr data-start=\"847\" data-end=\"850\">\n<h3 data-start=\"852\" data-end=\"867\">Garantia:<\/h3>\n<p data-start=\"868\" data-end=\"1134\">Todos os brincos em <strong data-start=\"888\" data-end=\"901\">Prata 925<\/strong> acompanham <strong data-start=\"913\" data-end=\"957\">Certificado de Garantia de Autenticidade<\/strong>, assegurando a <strong data-start=\"973\" data-end=\"991\">dura\u00e7\u00e3o eterna<\/strong> do material. Diferente das bijuterias, pe\u00e7as em Prata 925 preservam brilho, valor e sofistica\u00e7\u00e3o por toda a vida, assim como o <strong data-start=\"1119\" data-end=\"1131\">Ouro 18k<\/strong>.<\/p>","protected":false},"excerpt":{"rendered":"<p>Detalhes do Produto: Brinco em Prata 925 leg\u00edtima, com design minimalista em formato de c\u00edrculo vazado, que transmite leveza e sofistica\u00e7\u00e3o. Uma joia vers\u00e1til, moderna&#8230;<\/p>","protected":false},"featured_media":5388,"comment_status":"open","ping_status":"closed","template":"","meta":[],"etheme_brands":[],"product_brand":[],"product_cat":[117,97],"product_tag":[133],"class_list":{"0":"post-5389","1":"product","2":"type-product","3":"status-publish","4":"has-post-thumbnail","6":"product_cat-categoriabrincosbrinco-feminino","7":"product_cat-categoriabrincos","8":"product_tag-uze-pratas","10":"first","11":"instock","12":"shipping-taxable","13":"purchasable","14":"product-type-simple"},"_links":{"self":[{"href":"https:\/\/agenciausphot.com\/uze\/en\/wp-json\/wp\/v2\/product\/5389","targetHints":{"allow":["GET"]}}],"collection":[{"href":"https:\/\/agenciausphot.com\/uze\/en\/wp-json\/wp\/v2\/product"}],"about":[{"href":"https:\/\/agenciausphot.com\/uze\/en\/wp-json\/wp\/v2\/types\/product"}],"replies":[{"embeddable":true,"href":"https:\/\/agenciausphot.com\/uze\/en\/wp-json\/wp\/v2\/comments?post=5389"}],"version-history":[{"count":1,"href":"https:\/\/agenciausphot.com\/uze\/en\/wp-json\/wp\/v2\/product\/5389\/revisions"}],"predecessor-version":[{"id":6153,"href":"https:\/\/agenciausphot.com\/uze\/en\/wp-json\/wp\/v2\/product\/5389\/revisions\/6153"}],"wp:featuredmedia":[{"embeddable":true,"href":"https:\/\/agenciausphot.com\/uze\/en\/wp-json\/wp\/v2\/media\/5388"}],"wp:attachment":[{"href":"https:\/\/agenciausphot.com\/uze\/en\/wp-json\/wp\/v2\/media?parent=5389"}],"wp:term":[{"taxonomy":"brand","embeddable":true,"href":"https:\/\/agenciausphot.com\/uze\/en\/wp-json\/wp\/v2\/etheme_brands?post=5389"},{"taxonomy":"product_brand","embeddable":true,"href":"https:\/\/agenciausphot.com\/uze\/en\/wp-json\/wp\/v2\/product_brand?post=5389"},{"taxonomy":"product_cat","embeddable":true,"href":"https:\/\/agenciausphot.com\/uze\/en\/wp-json\/wp\/v2\/product_cat?post=5389"},{"taxonomy":"product_tag","embeddable":true,"href":"https:\/\/agenciausphot.com\/uze\/en\/wp-json\/wp\/v2\/product_tag?post=5389"}],"curies":[{"name":"wp","href":"https:\/\/api.w.org\/{rel}","templated":true}]}}