{"id":5385,"date":"2025-10-29T13:10:58","date_gmt":"2025-10-29T13:10:58","guid":{"rendered":"https:\/\/agenciausphot.com\/uze\/produto\/conjunto-oval-cravejado-cristal\/"},"modified":"2025-11-04T20:38:14","modified_gmt":"2025-11-04T20:38:14","slug":"conjunto-oval-cravejado-cristal","status":"publish","type":"product","link":"https:\/\/agenciausphot.com\/uze\/en\/product\/conjunto-oval-cravejado-cristal\/","title":{"rendered":"Conjunto oval cravejado cristal"},"content":{"rendered":"<h3 data-start=\"113\" data-end=\"139\">Detalhes do Produto:<\/h3>\n<p data-start=\"140\" data-end=\"530\">Conjunto em <strong data-start=\"152\" data-end=\"174\">Prata 925 leg\u00edtima<\/strong>, composto por <strong data-start=\"189\" data-end=\"208\">colar e brincos<\/strong> com pedras de <strong data-start=\"223\" data-end=\"248\">zirc\u00f4nia oval cristal<\/strong>, rodeadas por delicado <strong data-start=\"272\" data-end=\"315\">cravejamento de micro zirc\u00f4nias cristal<\/strong>, que intensificam o brilho e a sofistica\u00e7\u00e3o da pe\u00e7a. O design elegante e atemporal torna este conjunto perfeito para ocasi\u00f5es especiais, casamentos, festas ou para quem deseja adicionar requinte ao visual di\u00e1rio.<\/p>\n<p data-start=\"532\" data-end=\"670\">A prata 925 \u00e9 hipoalerg\u00eanica e possui <strong data-start=\"570\" data-end=\"592\">garantia vital\u00edcia<\/strong>, reconhecida por sua resist\u00eancia, durabilidade e excelente custo-benef\u00edcio.<\/p>\n<hr data-start=\"672\" data-end=\"675\">\n<h3 data-start=\"677\" data-end=\"709\">Especifica\u00e7\u00f5es do produto:<\/h3>\n<ul data-start=\"710\" data-end=\"1009\">\n<li data-start=\"710\" data-end=\"757\">\n<p data-start=\"712\" data-end=\"757\"><strong data-start=\"712\" data-end=\"723\">Modelo:<\/strong> Conjunto Oval Cravejado Cristal<\/p>\n<\/li>\n<li data-start=\"758\" data-end=\"795\">\n<p data-start=\"760\" data-end=\"795\"><strong data-start=\"760\" data-end=\"770\">Itens:<\/strong> Colar + Par de brincos<\/p>\n<\/li>\n<li data-start=\"796\" data-end=\"843\">\n<p data-start=\"798\" data-end=\"843\"><strong data-start=\"798\" data-end=\"818\">Pedras Centrais:<\/strong> Zirc\u00f4nias oval cristal<\/p>\n<\/li>\n<li data-start=\"844\" data-end=\"898\">\n<p data-start=\"846\" data-end=\"898\"><strong data-start=\"846\" data-end=\"863\">Cravejamento:<\/strong> Micro zirc\u00f4nias cristal ao redor<\/p>\n<\/li>\n<li data-start=\"899\" data-end=\"935\">\n<p data-start=\"901\" data-end=\"935\"><strong data-start=\"901\" data-end=\"914\">Material:<\/strong> Prata 925 leg\u00edtima<\/p>\n<\/li>\n<li data-start=\"936\" data-end=\"984\">\n<p data-start=\"938\" data-end=\"984\"><strong data-start=\"938\" data-end=\"953\">Acabamento:<\/strong> Polido brilhante + cravejado<\/p>\n<\/li>\n<li data-start=\"985\" data-end=\"1009\">\n<p data-start=\"987\" data-end=\"1009\"><strong data-start=\"987\" data-end=\"1002\">Peso m\u00e9dio:<\/strong> 4,0g<\/p>\n<\/li>\n<\/ul>\n<hr data-start=\"1011\" data-end=\"1014\">\n<h3 data-start=\"1016\" data-end=\"1031\">Garantia:<\/h3>\n<p data-start=\"1032\" data-end=\"1300\">Todos os conjuntos em <strong data-start=\"1054\" data-end=\"1067\">Prata 925<\/strong> acompanham <strong data-start=\"1079\" data-end=\"1123\">Certificado de Garantia de Autenticidade<\/strong>, assegurando a <strong data-start=\"1139\" data-end=\"1157\">dura\u00e7\u00e3o eterna<\/strong> do material. Diferente das bijuterias, pe\u00e7as em Prata 925 preservam brilho, valor e sofistica\u00e7\u00e3o por toda a vida, assim como o <strong data-start=\"1285\" data-end=\"1297\">Ouro 18k<\/strong>.<\/p>\n<hr data-start=\"1302\" data-end=\"1307\">\n<p data-start=\"1309\" data-end=\"1459\" data-is-last-node=\"\" data-is-only-node=\"\">","protected":false},"excerpt":{"rendered":"<p>Detalhes do Produto: Conjunto em Prata 925 leg\u00edtima, composto por colar e brincos com pedras de zirc\u00f4nia oval cristal, rodeadas por delicado cravejamento de micro&#8230;<\/p>","protected":false},"featured_media":5384,"comment_status":"open","ping_status":"closed","template":"","meta":[],"etheme_brands":[],"product_brand":[],"product_cat":[109,94],"product_tag":[133],"class_list":{"0":"post-5385","1":"product","2":"type-product","3":"status-publish","4":"has-post-thumbnail","6":"product_cat-categoriaconjuntosconjunto-feminino","7":"product_cat-categoriaconjuntos","8":"product_tag-uze-pratas","10":"first","11":"instock","12":"shipping-taxable","13":"purchasable","14":"product-type-simple"},"_links":{"self":[{"href":"https:\/\/agenciausphot.com\/uze\/en\/wp-json\/wp\/v2\/product\/5385","targetHints":{"allow":["GET"]}}],"collection":[{"href":"https:\/\/agenciausphot.com\/uze\/en\/wp-json\/wp\/v2\/product"}],"about":[{"href":"https:\/\/agenciausphot.com\/uze\/en\/wp-json\/wp\/v2\/types\/product"}],"replies":[{"embeddable":true,"href":"https:\/\/agenciausphot.com\/uze\/en\/wp-json\/wp\/v2\/comments?post=5385"}],"version-history":[{"count":1,"href":"https:\/\/agenciausphot.com\/uze\/en\/wp-json\/wp\/v2\/product\/5385\/revisions"}],"predecessor-version":[{"id":6151,"href":"https:\/\/agenciausphot.com\/uze\/en\/wp-json\/wp\/v2\/product\/5385\/revisions\/6151"}],"wp:featuredmedia":[{"embeddable":true,"href":"https:\/\/agenciausphot.com\/uze\/en\/wp-json\/wp\/v2\/media\/5384"}],"wp:attachment":[{"href":"https:\/\/agenciausphot.com\/uze\/en\/wp-json\/wp\/v2\/media?parent=5385"}],"wp:term":[{"taxonomy":"brand","embeddable":true,"href":"https:\/\/agenciausphot.com\/uze\/en\/wp-json\/wp\/v2\/etheme_brands?post=5385"},{"taxonomy":"product_brand","embeddable":true,"href":"https:\/\/agenciausphot.com\/uze\/en\/wp-json\/wp\/v2\/product_brand?post=5385"},{"taxonomy":"product_cat","embeddable":true,"href":"https:\/\/agenciausphot.com\/uze\/en\/wp-json\/wp\/v2\/product_cat?post=5385"},{"taxonomy":"product_tag","embeddable":true,"href":"https:\/\/agenciausphot.com\/uze\/en\/wp-json\/wp\/v2\/product_tag?post=5385"}],"curies":[{"name":"wp","href":"https:\/\/api.w.org\/{rel}","templated":true}]}}