{"id":5383,"date":"2025-10-29T13:10:57","date_gmt":"2025-10-29T13:10:57","guid":{"rendered":"https:\/\/agenciausphot.com\/uze\/produto\/conjunto-oval-cravejado-rosa-bebe\/"},"modified":"2026-01-12T15:14:39","modified_gmt":"2026-01-12T15:14:39","slug":"conjunto-oval-cravejado-rosa-bebe","status":"publish","type":"product","link":"https:\/\/agenciausphot.com\/uze\/en\/product\/conjunto-oval-cravejado-rosa-bebe\/","title":{"rendered":"Conjunto oval cravejado rosa bebe"},"content":{"rendered":"<h3 data-start=\"115\" data-end=\"141\">Detalhes do Produto:<\/h3>\n<p data-start=\"142\" data-end=\"549\">Conjunto em <strong data-start=\"154\" data-end=\"176\">Prata 925 leg\u00edtima<\/strong>, composto por <strong data-start=\"191\" data-end=\"210\">colar e brincos<\/strong> com pedras de <strong data-start=\"225\" data-end=\"259\">zirc\u00f4nia oval na cor rosa beb\u00ea<\/strong>, rodeadas por delicado <strong data-start=\"283\" data-end=\"326\">cravejamento de micro zirc\u00f4nias cristal<\/strong>. O design cl\u00e1ssico e sofisticado valoriza a delicadeza da pedra central, trazendo brilho e romantismo \u00e0 pe\u00e7a. Uma joia perfeita para ocasi\u00f5es especiais, mas tamb\u00e9m ideal para dar um toque refinado ao visual do dia a dia.<\/p>\n<p data-start=\"551\" data-end=\"689\">A prata 925 \u00e9 hipoalerg\u00eanica e possui <strong data-start=\"589\" data-end=\"611\">garantia vital\u00edcia<\/strong>, reconhecida por sua resist\u00eancia, durabilidade e excelente custo-benef\u00edcio.<\/p>\n<hr data-start=\"691\" data-end=\"694\">\n<h3 data-start=\"696\" data-end=\"728\">Especifica\u00e7\u00f5es do produto:<\/h3>\n<ul data-start=\"729\" data-end=\"1032\">\n<li data-start=\"729\" data-end=\"778\">\n<p data-start=\"731\" data-end=\"778\"><strong data-start=\"731\" data-end=\"742\">Modelo:<\/strong> Conjunto Oval Cravejado Rosa Beb\u00ea<\/p>\n<\/li>\n<li data-start=\"779\" data-end=\"816\">\n<p data-start=\"781\" data-end=\"816\"><strong data-start=\"781\" data-end=\"791\">Itens:<\/strong> Colar + Par de brincos<\/p>\n<\/li>\n<li data-start=\"817\" data-end=\"866\">\n<p data-start=\"819\" data-end=\"866\"><strong data-start=\"819\" data-end=\"839\">Pedras Centrais:<\/strong> Zirc\u00f4nias oval rosa beb\u00ea<\/p>\n<\/li>\n<li data-start=\"867\" data-end=\"921\">\n<p data-start=\"869\" data-end=\"921\"><strong data-start=\"869\" data-end=\"886\">Cravejamento:<\/strong> Micro zirc\u00f4nias cristal ao redor<\/p>\n<\/li>\n<li data-start=\"922\" data-end=\"958\">\n<p data-start=\"924\" data-end=\"958\"><strong data-start=\"924\" data-end=\"937\">Material:<\/strong> Prata 925 leg\u00edtima<\/p>\n<\/li>\n<li data-start=\"959\" data-end=\"1007\">\n<p data-start=\"961\" data-end=\"1007\"><strong data-start=\"961\" data-end=\"976\">Acabamento:<\/strong> Polido brilhante + cravejado<\/p>\n<\/li>\n<li data-start=\"1008\" data-end=\"1032\">\n<p data-start=\"1010\" data-end=\"1032\"><strong data-start=\"1010\" data-end=\"1025\">Peso m\u00e9dio:<\/strong> 4,0g<\/p>\n<\/li>\n<\/ul>\n<hr data-start=\"1034\" data-end=\"1037\">\n<h3 data-start=\"1039\" data-end=\"1054\">Garantia:<\/h3>\n<p data-start=\"1055\" data-end=\"1321\">Todos os conjuntos em <strong data-start=\"1077\" data-end=\"1090\">Prata 925<\/strong> acompanham <strong data-start=\"1102\" data-end=\"1146\">Certificado de Garantia de Autenticidade<\/strong>, assegurando a <strong data-start=\"1162\" data-end=\"1180\">dura\u00e7\u00e3o eterna<\/strong> do material. Diferente das bijuterias, pe\u00e7as em Prata 925 preservam brilho, valor e delicadeza por toda a vida, assim como o <strong data-start=\"1306\" data-end=\"1318\">Ouro 18k<\/strong>.<\/p>","protected":false},"excerpt":{"rendered":"<p>Detalhes do Produto: Conjunto em Prata 925 leg\u00edtima, composto por colar e brincos com pedras de zirc\u00f4nia oval na cor rosa beb\u00ea, rodeadas por delicado&#8230;<\/p>","protected":false},"featured_media":5382,"comment_status":"open","ping_status":"closed","template":"","meta":[],"etheme_brands":[],"product_brand":[],"product_cat":[109,94],"product_tag":[133],"class_list":{"0":"post-5383","1":"product","2":"type-product","3":"status-publish","4":"has-post-thumbnail","6":"product_cat-categoriaconjuntosconjunto-feminino","7":"product_cat-categoriaconjuntos","8":"product_tag-uze-pratas","10":"first","11":"instock","12":"shipping-taxable","13":"purchasable","14":"product-type-simple"},"_links":{"self":[{"href":"https:\/\/agenciausphot.com\/uze\/en\/wp-json\/wp\/v2\/product\/5383","targetHints":{"allow":["GET"]}}],"collection":[{"href":"https:\/\/agenciausphot.com\/uze\/en\/wp-json\/wp\/v2\/product"}],"about":[{"href":"https:\/\/agenciausphot.com\/uze\/en\/wp-json\/wp\/v2\/types\/product"}],"replies":[{"embeddable":true,"href":"https:\/\/agenciausphot.com\/uze\/en\/wp-json\/wp\/v2\/comments?post=5383"}],"version-history":[{"count":1,"href":"https:\/\/agenciausphot.com\/uze\/en\/wp-json\/wp\/v2\/product\/5383\/revisions"}],"predecessor-version":[{"id":6150,"href":"https:\/\/agenciausphot.com\/uze\/en\/wp-json\/wp\/v2\/product\/5383\/revisions\/6150"}],"wp:featuredmedia":[{"embeddable":true,"href":"https:\/\/agenciausphot.com\/uze\/en\/wp-json\/wp\/v2\/media\/5382"}],"wp:attachment":[{"href":"https:\/\/agenciausphot.com\/uze\/en\/wp-json\/wp\/v2\/media?parent=5383"}],"wp:term":[{"taxonomy":"brand","embeddable":true,"href":"https:\/\/agenciausphot.com\/uze\/en\/wp-json\/wp\/v2\/etheme_brands?post=5383"},{"taxonomy":"product_brand","embeddable":true,"href":"https:\/\/agenciausphot.com\/uze\/en\/wp-json\/wp\/v2\/product_brand?post=5383"},{"taxonomy":"product_cat","embeddable":true,"href":"https:\/\/agenciausphot.com\/uze\/en\/wp-json\/wp\/v2\/product_cat?post=5383"},{"taxonomy":"product_tag","embeddable":true,"href":"https:\/\/agenciausphot.com\/uze\/en\/wp-json\/wp\/v2\/product_tag?post=5383"}],"curies":[{"name":"wp","href":"https:\/\/api.w.org\/{rel}","templated":true}]}}