{"id":5373,"date":"2025-10-29T13:10:50","date_gmt":"2025-10-29T13:10:50","guid":{"rendered":"https:\/\/agenciausphot.com\/uze\/produto\/alianca-prata-950-anatomica-namoro-2mm-28\/"},"modified":"2025-12-05T04:41:36","modified_gmt":"2025-12-05T04:41:36","slug":"alianca-prata-950-anatomica-namoro-2mm-28","status":"publish","type":"product","link":"https:\/\/agenciausphot.com\/uze\/en\/product\/alianca-prata-950-anatomica-namoro-2mm-28\/","title":{"rendered":"Alian\u00e7a prata 950 anat\u00f4mica namoro 2mm 28"},"content":{"rendered":"<h3 data-start=\"115\" data-end=\"141\">Detalhes do Produto:<\/h3>\n<p data-start=\"142\" data-end=\"428\">Alian\u00e7a de <strong data-start=\"153\" data-end=\"185\">namoro em Prata 950 leg\u00edtima<\/strong>, com <strong data-start=\"191\" data-end=\"209\">2mm de largura<\/strong> e design <strong data-start=\"219\" data-end=\"246\">anat\u00f4mico (confort fit)<\/strong>, que proporciona mais conforto no uso di\u00e1rio. O modelo \u00e9 delicado, elegante e atemporal, ideal para casais que buscam simbolizar amor e compromisso em uma pe\u00e7a fina e sofisticada.<\/p>\n<p data-start=\"430\" data-end=\"603\">A prata 950, de pureza ainda maior que a 925, garante brilho intenso, qualidade superior e <strong data-start=\"521\" data-end=\"543\">garantia vital\u00edcia<\/strong>, sendo uma das ligas mais nobres utilizadas em joalheria.<\/p>\n<hr data-start=\"605\" data-end=\"608\">\n<h3 data-start=\"610\" data-end=\"642\">Especifica\u00e7\u00f5es do produto:<\/h3>\n<ul data-start=\"643\" data-end=\"911\">\n<li data-start=\"643\" data-end=\"686\">\n<p data-start=\"645\" data-end=\"686\"><strong data-start=\"645\" data-end=\"656\">Modelo:<\/strong> Alian\u00e7a de Namoro Anat\u00f4mica<\/p>\n<\/li>\n<li data-start=\"687\" data-end=\"707\">\n<p data-start=\"689\" data-end=\"707\"><strong data-start=\"689\" data-end=\"701\">Largura:<\/strong> 2mm<\/p>\n<\/li>\n<li data-start=\"708\" data-end=\"744\">\n<p data-start=\"710\" data-end=\"744\"><strong data-start=\"710\" data-end=\"723\">Material:<\/strong> Prata 950 leg\u00edtima<\/p>\n<\/li>\n<li data-start=\"745\" data-end=\"792\">\n<p data-start=\"747\" data-end=\"792\"><strong data-start=\"747\" data-end=\"759\">Formato:<\/strong> Anat\u00f4mica (confort\u00e1vel ao uso)<\/p>\n<\/li>\n<li data-start=\"793\" data-end=\"834\">\n<p data-start=\"795\" data-end=\"834\"><strong data-start=\"795\" data-end=\"810\">Acabamento:<\/strong> Liso polido brilhante<\/p>\n<\/li>\n<li data-start=\"835\" data-end=\"858\">\n<p data-start=\"837\" data-end=\"858\"><strong data-start=\"837\" data-end=\"848\">G\u00eanero:<\/strong> Unissex<\/p>\n<\/li>\n<li data-start=\"859\" data-end=\"911\">\n<p data-start=\"861\" data-end=\"911\"><strong data-start=\"861\" data-end=\"870\">Peso:<\/strong> Aprox. 1,6g (pode variar conforme aro)<\/p>\n<\/li>\n<\/ul>\n<hr data-start=\"913\" data-end=\"916\">\n<h3 data-start=\"918\" data-end=\"933\">Garantia:<\/h3>\n<p data-start=\"934\" data-end=\"1203\">Todas as alian\u00e7as em <strong data-start=\"955\" data-end=\"968\">Prata 950<\/strong> acompanham <strong data-start=\"980\" data-end=\"1024\">Certificado de Garantia de Autenticidade<\/strong>, assegurando a <strong data-start=\"1040\" data-end=\"1058\">dura\u00e7\u00e3o eterna<\/strong> do material. Diferente das bijuterias, alian\u00e7as em Prata 950 preservam brilho, valor e significado por toda a vida, assim como o <strong data-start=\"1188\" data-end=\"1200\">Ouro 18k<\/strong>.<\/p>","protected":false},"excerpt":{"rendered":"<p>Detalhes do Produto: Alian\u00e7a de namoro em Prata 950 leg\u00edtima, com 2mm de largura e design anat\u00f4mico (confort fit), que proporciona mais conforto no uso&#8230;<\/p>","protected":false},"featured_media":5372,"comment_status":"open","ping_status":"closed","template":"","meta":[],"etheme_brands":[],"product_brand":[],"product_cat":[92,130],"product_tag":[133],"class_list":{"0":"post-5373","1":"product","2":"type-product","3":"status-publish","4":"has-post-thumbnail","6":"product_cat-categoriaanis","7":"product_cat-categoriaanisalianas","8":"product_tag-uze-pratas","10":"first","11":"instock","12":"shipping-taxable","13":"purchasable","14":"product-type-simple"},"_links":{"self":[{"href":"https:\/\/agenciausphot.com\/uze\/en\/wp-json\/wp\/v2\/product\/5373","targetHints":{"allow":["GET"]}}],"collection":[{"href":"https:\/\/agenciausphot.com\/uze\/en\/wp-json\/wp\/v2\/product"}],"about":[{"href":"https:\/\/agenciausphot.com\/uze\/en\/wp-json\/wp\/v2\/types\/product"}],"replies":[{"embeddable":true,"href":"https:\/\/agenciausphot.com\/uze\/en\/wp-json\/wp\/v2\/comments?post=5373"}],"version-history":[{"count":1,"href":"https:\/\/agenciausphot.com\/uze\/en\/wp-json\/wp\/v2\/product\/5373\/revisions"}],"predecessor-version":[{"id":6145,"href":"https:\/\/agenciausphot.com\/uze\/en\/wp-json\/wp\/v2\/product\/5373\/revisions\/6145"}],"wp:featuredmedia":[{"embeddable":true,"href":"https:\/\/agenciausphot.com\/uze\/en\/wp-json\/wp\/v2\/media\/5372"}],"wp:attachment":[{"href":"https:\/\/agenciausphot.com\/uze\/en\/wp-json\/wp\/v2\/media?parent=5373"}],"wp:term":[{"taxonomy":"brand","embeddable":true,"href":"https:\/\/agenciausphot.com\/uze\/en\/wp-json\/wp\/v2\/etheme_brands?post=5373"},{"taxonomy":"product_brand","embeddable":true,"href":"https:\/\/agenciausphot.com\/uze\/en\/wp-json\/wp\/v2\/product_brand?post=5373"},{"taxonomy":"product_cat","embeddable":true,"href":"https:\/\/agenciausphot.com\/uze\/en\/wp-json\/wp\/v2\/product_cat?post=5373"},{"taxonomy":"product_tag","embeddable":true,"href":"https:\/\/agenciausphot.com\/uze\/en\/wp-json\/wp\/v2\/product_tag?post=5373"}],"curies":[{"name":"wp","href":"https:\/\/api.w.org\/{rel}","templated":true}]}}