{"id":5369,"date":"2025-10-29T13:10:47","date_gmt":"2025-10-29T13:10:47","guid":{"rendered":"https:\/\/agenciausphot.com\/uze\/produto\/alianca-compromisso-prata-diamantada-com-friso-35-mm-unitaria-18\/"},"modified":"2025-12-05T04:41:36","modified_gmt":"2025-12-05T04:41:36","slug":"alianca-compromisso-prata-diamantada-com-friso-35-mm-unitaria-18","status":"publish","type":"product","link":"https:\/\/agenciausphot.com\/uze\/en\/product\/alianca-compromisso-prata-diamantada-com-friso-35-mm-unitaria-18\/","title":{"rendered":"Alian\u00e7a compromisso prata diamantada com friso 3,5 mm unit\u00e1ria 18"},"content":{"rendered":"<h3 data-start=\"149\" data-end=\"175\">Detalhes do Produto:<\/h3>\n<p data-start=\"176\" data-end=\"486\">Alian\u00e7a de compromisso em <strong data-start=\"202\" data-end=\"224\">Prata 925 leg\u00edtima<\/strong>, com <strong data-start=\"230\" data-end=\"250\">3,5mm de largura<\/strong>, acabamento <strong data-start=\"263\" data-end=\"277\">diamantado<\/strong> que reflete a luz em v\u00e1rios \u00e2ngulos e detalhe em <strong data-start=\"327\" data-end=\"344\">friso central<\/strong>, trazendo um toque moderno e sofisticado \u00e0 pe\u00e7a. O modelo \u00e9 unit\u00e1rio, perfeito para representar compromisso, amor e uni\u00e3o com muito estilo.<\/p>\n<p data-start=\"488\" data-end=\"626\">A prata 925 \u00e9 hipoalerg\u00eanica e possui <strong data-start=\"526\" data-end=\"548\">garantia vital\u00edcia<\/strong>, reconhecida por sua resist\u00eancia, durabilidade e excelente custo-benef\u00edcio.<\/p>\n<hr data-start=\"628\" data-end=\"631\">\n<h3 data-start=\"633\" data-end=\"665\">Especifica\u00e7\u00f5es do produto:<\/h3>\n<ul data-start=\"666\" data-end=\"943\">\n<li data-start=\"666\" data-end=\"725\">\n<p data-start=\"668\" data-end=\"725\"><strong data-start=\"668\" data-end=\"679\">Modelo:<\/strong> Alian\u00e7a de Compromisso Diamantada com Friso<\/p>\n<\/li>\n<li data-start=\"726\" data-end=\"748\">\n<p data-start=\"728\" data-end=\"748\"><strong data-start=\"728\" data-end=\"740\">Largura:<\/strong> 3,5mm<\/p>\n<\/li>\n<li data-start=\"749\" data-end=\"775\">\n<p data-start=\"751\" data-end=\"775\"><strong data-start=\"751\" data-end=\"759\">Aro:<\/strong> 18 (unit\u00e1ria)<\/p>\n<\/li>\n<li data-start=\"776\" data-end=\"812\">\n<p data-start=\"778\" data-end=\"812\"><strong data-start=\"778\" data-end=\"791\">Material:<\/strong> Prata 925 leg\u00edtima<\/p>\n<\/li>\n<li data-start=\"813\" data-end=\"866\">\n<p data-start=\"815\" data-end=\"866\"><strong data-start=\"815\" data-end=\"830\">Acabamento:<\/strong> Diamantado + friso central polido<\/p>\n<\/li>\n<li data-start=\"867\" data-end=\"890\">\n<p data-start=\"869\" data-end=\"890\"><strong data-start=\"869\" data-end=\"880\">G\u00eanero:<\/strong> Unissex<\/p>\n<\/li>\n<li data-start=\"891\" data-end=\"943\">\n<p data-start=\"893\" data-end=\"943\"><strong data-start=\"893\" data-end=\"902\">Peso:<\/strong> Aprox. 2,5g (pode variar conforme aro)<\/p>\n<\/li>\n<\/ul>\n<hr data-start=\"945\" data-end=\"948\">\n<h3 data-start=\"950\" data-end=\"965\">Garantia:<\/h3>\n<p data-start=\"966\" data-end=\"1232\">Todas as alian\u00e7as em <strong data-start=\"987\" data-end=\"1000\">Prata 925<\/strong> acompanham <strong data-start=\"1012\" data-end=\"1056\">Certificado de Garantia de Autenticidade<\/strong>, assegurando a <strong data-start=\"1072\" data-end=\"1090\">dura\u00e7\u00e3o eterna<\/strong> do material. Diferente das bijuterias, pe\u00e7as em Prata 925 preservam brilho, valor e significado por toda a vida, assim como o <strong data-start=\"1217\" data-end=\"1229\">Ouro 18k<\/strong>.<\/p>\n<hr data-start=\"1234\" data-end=\"1239\">\n<p data-start=\"1241\" data-end=\"1383\" data-is-last-node=\"\" data-is-only-node=\"\">","protected":false},"excerpt":{"rendered":"<p>Detalhes do Produto: Alian\u00e7a de compromisso em Prata 925 leg\u00edtima, com 3,5mm de largura, acabamento diamantado que reflete a luz em v\u00e1rios \u00e2ngulos e detalhe&#8230;<\/p>","protected":false},"featured_media":5368,"comment_status":"open","ping_status":"closed","template":"","meta":[],"etheme_brands":[],"product_brand":[],"product_cat":[92,130],"product_tag":[133],"class_list":{"0":"post-5369","1":"product","2":"type-product","3":"status-publish","4":"has-post-thumbnail","6":"product_cat-categoriaanis","7":"product_cat-categoriaanisalianas","8":"product_tag-uze-pratas","10":"first","11":"outofstock","12":"shipping-taxable","13":"purchasable","14":"product-type-simple"},"_links":{"self":[{"href":"https:\/\/agenciausphot.com\/uze\/en\/wp-json\/wp\/v2\/product\/5369","targetHints":{"allow":["GET"]}}],"collection":[{"href":"https:\/\/agenciausphot.com\/uze\/en\/wp-json\/wp\/v2\/product"}],"about":[{"href":"https:\/\/agenciausphot.com\/uze\/en\/wp-json\/wp\/v2\/types\/product"}],"replies":[{"embeddable":true,"href":"https:\/\/agenciausphot.com\/uze\/en\/wp-json\/wp\/v2\/comments?post=5369"}],"version-history":[{"count":1,"href":"https:\/\/agenciausphot.com\/uze\/en\/wp-json\/wp\/v2\/product\/5369\/revisions"}],"predecessor-version":[{"id":6143,"href":"https:\/\/agenciausphot.com\/uze\/en\/wp-json\/wp\/v2\/product\/5369\/revisions\/6143"}],"wp:featuredmedia":[{"embeddable":true,"href":"https:\/\/agenciausphot.com\/uze\/en\/wp-json\/wp\/v2\/media\/5368"}],"wp:attachment":[{"href":"https:\/\/agenciausphot.com\/uze\/en\/wp-json\/wp\/v2\/media?parent=5369"}],"wp:term":[{"taxonomy":"brand","embeddable":true,"href":"https:\/\/agenciausphot.com\/uze\/en\/wp-json\/wp\/v2\/etheme_brands?post=5369"},{"taxonomy":"product_brand","embeddable":true,"href":"https:\/\/agenciausphot.com\/uze\/en\/wp-json\/wp\/v2\/product_brand?post=5369"},{"taxonomy":"product_cat","embeddable":true,"href":"https:\/\/agenciausphot.com\/uze\/en\/wp-json\/wp\/v2\/product_cat?post=5369"},{"taxonomy":"product_tag","embeddable":true,"href":"https:\/\/agenciausphot.com\/uze\/en\/wp-json\/wp\/v2\/product_tag?post=5369"}],"curies":[{"name":"wp","href":"https:\/\/api.w.org\/{rel}","templated":true}]}}