{"id":5361,"date":"2025-10-29T13:10:40","date_gmt":"2025-10-29T13:10:40","guid":{"rendered":"https:\/\/agenciausphot.com\/uze\/produto\/alianca-quadrada-2mm-24\/"},"modified":"2025-12-04T18:44:00","modified_gmt":"2025-12-04T18:44:00","slug":"alianca-quadrada-2mm-24","status":"publish","type":"product","link":"https:\/\/agenciausphot.com\/uze\/en\/product\/alianca-quadrada-2mm-24\/","title":{"rendered":"Alian\u00e7a quadrada 2mm 24"},"content":{"rendered":"<h3 data-start=\"102\" data-end=\"128\">Detalhes do Produto:<\/h3>\n<p data-start=\"129\" data-end=\"480\">Alian\u00e7a em <strong data-start=\"140\" data-end=\"162\">Prata 925 leg\u00edtima<\/strong>, com design moderno e minimalista de <strong data-start=\"200\" data-end=\"220\">formato quadrado<\/strong> e <strong data-start=\"223\" data-end=\"241\">2mm de largura<\/strong>. Seu acabamento polido garante brilho elegante, enquanto o formato diferenciado transmite sofistica\u00e7\u00e3o e exclusividade. Uma joia delicada e atemporal, perfeita para casais que buscam alian\u00e7as finas, confort\u00e1veis e cheias de significado.<\/p>\n<p data-start=\"482\" data-end=\"620\">A prata 925 \u00e9 hipoalerg\u00eanica e possui <strong data-start=\"520\" data-end=\"542\">garantia vital\u00edcia<\/strong>, reconhecida por sua resist\u00eancia, durabilidade e excelente custo-benef\u00edcio.<\/p>\n<hr data-start=\"622\" data-end=\"625\">\n<h3 data-start=\"627\" data-end=\"659\">Especifica\u00e7\u00f5es do produto:<\/h3>\n<ul data-start=\"660\" data-end=\"891\">\n<li data-start=\"660\" data-end=\"692\">\n<p data-start=\"662\" data-end=\"692\"><strong data-start=\"662\" data-end=\"673\">Modelo:<\/strong> Alian\u00e7a Quadrada<\/p>\n<\/li>\n<li data-start=\"693\" data-end=\"713\">\n<p data-start=\"695\" data-end=\"713\"><strong data-start=\"695\" data-end=\"707\">Largura:<\/strong> 2mm<\/p>\n<\/li>\n<li data-start=\"714\" data-end=\"739\">\n<p data-start=\"716\" data-end=\"739\"><strong data-start=\"716\" data-end=\"728\">Formato:<\/strong> Quadrado<\/p>\n<\/li>\n<li data-start=\"740\" data-end=\"776\">\n<p data-start=\"742\" data-end=\"776\"><strong data-start=\"742\" data-end=\"755\">Material:<\/strong> Prata 925 leg\u00edtima<\/p>\n<\/li>\n<li data-start=\"777\" data-end=\"818\">\n<p data-start=\"779\" data-end=\"818\"><strong data-start=\"779\" data-end=\"794\">Acabamento:<\/strong> Liso polido brilhante<\/p>\n<\/li>\n<li data-start=\"819\" data-end=\"842\">\n<p data-start=\"821\" data-end=\"842\"><strong data-start=\"821\" data-end=\"832\">G\u00eanero:<\/strong> Unissex<\/p>\n<\/li>\n<li data-start=\"843\" data-end=\"891\">\n<p data-start=\"845\" data-end=\"891\"><strong data-start=\"845\" data-end=\"854\">Peso:<\/strong> Aprox. 1,5g (varia conforme o aro)<\/p>\n<\/li>\n<\/ul>\n<hr data-start=\"893\" data-end=\"896\">\n<h3 data-start=\"898\" data-end=\"913\">Garantia:<\/h3>\n<p data-start=\"914\" data-end=\"1180\">Todas as alian\u00e7as em <strong data-start=\"935\" data-end=\"948\">Prata 925<\/strong> acompanham <strong data-start=\"960\" data-end=\"1004\">Certificado de Garantia de Autenticidade<\/strong>, assegurando a <strong data-start=\"1020\" data-end=\"1038\">dura\u00e7\u00e3o eterna<\/strong> do material. Diferente das bijuterias, pe\u00e7as em Prata 925 preservam brilho, valor e significado por toda a vida, assim como o <strong data-start=\"1165\" data-end=\"1177\">Ouro 18k<\/strong>.<\/p>\n<hr data-start=\"1182\" data-end=\"1187\">\n<p data-start=\"1189\" data-end=\"1305\" data-is-last-node=\"\" data-is-only-node=\"\">","protected":false},"excerpt":{"rendered":"<p>Detalhes do Produto: Alian\u00e7a em Prata 925 leg\u00edtima, com design moderno e minimalista de formato quadrado e 2mm de largura. Seu acabamento polido garante brilho&#8230;<\/p>","protected":false},"featured_media":5360,"comment_status":"open","ping_status":"closed","template":"","meta":[],"etheme_brands":[],"product_brand":[],"product_cat":[92,130],"product_tag":[133],"class_list":{"0":"post-5361","1":"product","2":"type-product","3":"status-publish","4":"has-post-thumbnail","6":"product_cat-categoriaanis","7":"product_cat-categoriaanisalianas","8":"product_tag-uze-pratas","10":"first","11":"outofstock","12":"shipping-taxable","13":"product-type-variable"},"_links":{"self":[{"href":"https:\/\/agenciausphot.com\/uze\/en\/wp-json\/wp\/v2\/product\/5361","targetHints":{"allow":["GET"]}}],"collection":[{"href":"https:\/\/agenciausphot.com\/uze\/en\/wp-json\/wp\/v2\/product"}],"about":[{"href":"https:\/\/agenciausphot.com\/uze\/en\/wp-json\/wp\/v2\/types\/product"}],"replies":[{"embeddable":true,"href":"https:\/\/agenciausphot.com\/uze\/en\/wp-json\/wp\/v2\/comments?post=5361"}],"version-history":[{"count":1,"href":"https:\/\/agenciausphot.com\/uze\/en\/wp-json\/wp\/v2\/product\/5361\/revisions"}],"predecessor-version":[{"id":6139,"href":"https:\/\/agenciausphot.com\/uze\/en\/wp-json\/wp\/v2\/product\/5361\/revisions\/6139"}],"wp:featuredmedia":[{"embeddable":true,"href":"https:\/\/agenciausphot.com\/uze\/en\/wp-json\/wp\/v2\/media\/5360"}],"wp:attachment":[{"href":"https:\/\/agenciausphot.com\/uze\/en\/wp-json\/wp\/v2\/media?parent=5361"}],"wp:term":[{"taxonomy":"brand","embeddable":true,"href":"https:\/\/agenciausphot.com\/uze\/en\/wp-json\/wp\/v2\/etheme_brands?post=5361"},{"taxonomy":"product_brand","embeddable":true,"href":"https:\/\/agenciausphot.com\/uze\/en\/wp-json\/wp\/v2\/product_brand?post=5361"},{"taxonomy":"product_cat","embeddable":true,"href":"https:\/\/agenciausphot.com\/uze\/en\/wp-json\/wp\/v2\/product_cat?post=5361"},{"taxonomy":"product_tag","embeddable":true,"href":"https:\/\/agenciausphot.com\/uze\/en\/wp-json\/wp\/v2\/product_tag?post=5361"}],"curies":[{"name":"wp","href":"https:\/\/api.w.org\/{rel}","templated":true}]}}