{"id":5347,"date":"2025-10-29T13:10:31","date_gmt":"2025-10-29T13:10:31","guid":{"rendered":"https:\/\/agenciausphot.com\/uze\/produto\/relogio-de-pulso-casio-collect-pulseira-em-couro\/"},"modified":"2025-11-18T14:06:26","modified_gmt":"2025-11-18T14:06:26","slug":"relogio-de-pulso-casio-collect-pulseira-em-couro","status":"publish","type":"product","link":"https:\/\/agenciausphot.com\/uze\/en\/product\/relogio-de-pulso-casio-collect-pulseira-em-couro\/","title":{"rendered":"Relogio de pulso casio collect PULSEIRA EM COURO"},"content":{"rendered":"<div class=\"p-product_detail-spec-accordion__item\" data-cmp-hook-accordion=\"item\" style=\", Meiryo, \u30e1\u30a4\u30ea\u30aa, sans-serif;font-size: 15px\">\n<h3 class=\"p-product_detail-spec-accordion__header is-open\" data-sub-items-info=\"Tamanho da caixa (C \u00d7 L \u00d7 A):49 \u00d7 45 \u00d7 10.3 mm;Peso:70 g;Pulseira:Pulseira em couro;Resistente a \u00e1gua:Resist\u00eancia \u00e0 \u00e1gua at\u00e9 50 metros;Fonte de alimenta\u00e7\u00e3o e autonomia da bateria:Dura\u00e7\u00e3o aproximada da bateria: 3 anos no SR626SW;\" data-item-title=\"Informa\u00e7\u00f5es b\u00e1sicas\" style=\"margin-top: 0px;margin-bottom: 0px;padding: 20.5px 0px;line-height: 1;font-size: 18px\"><button class=\"p-product_detail-spec-accordion__button\" data-cmp-hook-accordion=\"button\" aria-expanded=\"true\" aria-label=\"Informa\u00e7\u00f5es b\u00e1sicas, button, expanded. Press Enter or Space to collapse. Tamanho da caixa (C \u00d7 L \u00d7 A):49 \u00d7 45 \u00d7 10.3 mm;Peso:70 g;Pulseira:Pulseira em couro;Resistente a \u00e1gua:Resist\u00eancia \u00e0 \u00e1gua at\u00e9 50 metros;Fonte de alimenta\u00e7\u00e3o e autonomia da bateria:Dura\u00e7\u00e3o aproximada da bateria: 3 anos no SR626SW;\" style=\"padding: 0px;font: inherit;border-width: 0px;border-style: initial;border-color: initial;position: relative;text-align: left;width: 843px\"><span class=\"p-product_detail-spec-accordion__title\">Informa\u00e7\u00f5es b\u00e1sicas<\/span><span class=\"p-product_detail-spec-accordion__icon icon-casio-icon_plus\" role=\"img\" style=\"line-height: 1;font-size: 20px;cursor: pointer;display: block;position: absolute;top: 9px;right: 20px;font-family: icon-casio !important\"><\/span><\/button><\/h3>\n<div data-cmp-hook-accordion=\"panel\" class=\"p-product_detail-spec-accordion__panel p-product_detail-spec-accordion__panel--hidden\" aria-hidden=\"false\" style=\"overflow: hidden;height: 237px\">\n<ul class=\"p-product_detail-spec-accordion__panel-inner\" style=\"margin-right: auto;margin-bottom: 0px;margin-left: auto;width: 738.391px;display: flex;flex-wrap: wrap;justify-content: space-between;padding-bottom: 5px\">\n<li class=\"p-product_detail-spec-accordion__panel-item\" style=\"margin-left: 0px;list-style-type: none;width: 348.672px;border-top: none;padding: 15.375px 0px\">\n<div class=\"p-product_detail-spec-accordion__panel-item-ttl\" style=\"font-size: 9pt;margin-bottom: 10px;display: flex;align-content: center\">\n<h4 style=\"margin-top: 0px;margin-bottom: 0px;padding: 0px;line-height: 1.5\">Tamanho da caixa (C \u00d7 L \u00d7 A)<\/h4>\n<p><img decoding=\"async\" class=\"p-product_detail-spec-accordion__panel-item__popup\" src=\"https:\/\/www.casio.com\/etc.clientlibs\/casio\/clientlibs\/clientlib-site\/resources\/images\/common\/icon\/icon-question.svg\" alt=\"icon-question\" data-spec-modal=\"{&quot;title&quot;:&quot;Tamanho da caixa&quot;,&quot;image&quot;:&quot;\/content\/dam\/casio\/global\/watch\/common\/case_size.jpg&quot;,&quot;description&quot;:&quot;As dimens\u00f5es da caixa (comprimento x largura x altura) mostradas aqui s\u00e3o valores padr\u00e3o e podem variar das dimens\u00f5es reais do produto. Use as dimens\u00f5es da caixa fornecidas aqui como valores de refer\u00eancia gerais.rnrn*As dimens\u00f5es mostram as medidas indicadas na ilustra\u00e7\u00e3o acima.&quot;}\" style=\"line-height: 1;color: transparent;width: 15px;height: 15px;margin-left: 0.8rem;position: relative;cursor: pointer\"><\/div>\n<div class=\"p-product_detail-spec-accordion__panel-item-cont\" style=\"font-size: 9pt;font-weight: 700\">49 \u00d7 45 \u00d7 10.3 mm<\/div>\n<\/li>\n<li class=\"p-product_detail-spec-accordion__panel-item\" style=\"margin-left: 0px;list-style-type: none;width: 348.672px;border-top: none;padding: 15.375px 0px;margin-right: 0px\">\n<div class=\"p-product_detail-spec-accordion__panel-item-ttl\" style=\"font-size: 9pt;margin-bottom: 10px;display: flex;align-content: center\">\n<h4 style=\"margin-top: 0px;margin-bottom: 0px;padding: 0px;line-height: 1.5\">Peso<\/h4>\n<p><img decoding=\"async\" class=\"p-product_detail-spec-accordion__panel-item__popup\" src=\"https:\/\/www.casio.com\/etc.clientlibs\/casio\/clientlibs\/clientlib-site\/resources\/images\/common\/icon\/icon-question.svg\" alt=\"icon-question\" data-spec-modal=\"{&quot;title&quot;:&quot;Peso&quot;,&quot;image&quot;:&quot;&quot;,&quot;description&quot;:&quot;Os pesos s\u00e3o valores padr\u00e3o e podem variar dos pesos reais do produto.&quot;}\" style=\"line-height: 1;color: transparent;width: 15px;height: 15px;margin-left: 0.8rem;position: relative;cursor: pointer\"><\/div>\n<div class=\"p-product_detail-spec-accordion__panel-item-cont\" style=\"font-size: 9pt;font-weight: 700\">70 g<\/div>\n<\/li>\n<li class=\"p-product_detail-spec-accordion__panel-item\" style=\"margin-left: 0px;list-style-type: none;width: 348.672px;padding: 15.375px 0px\">\n<div class=\"p-product_detail-spec-accordion__panel-item-ttl\" style=\"font-size: 9pt;margin-bottom: 10px;display: flex;align-content: center\">\n<h4 style=\"margin-top: 0px;margin-bottom: 0px;padding: 0px;line-height: 1.5\">Pulseira<\/h4>\n<\/div>\n<div class=\"p-product_detail-spec-accordion__panel-item-cont\" style=\"font-size: 9pt;font-weight: 700\">Pulseira em couro<\/div>\n<\/li>\n<li class=\"p-product_detail-spec-accordion__panel-item\" style=\"margin-left: 0px;list-style-type: none;width: 348.672px;padding: 15.375px 0px;margin-right: 0px\">\n<div class=\"p-product_detail-spec-accordion__panel-item-ttl\" style=\"font-size: 9pt;margin-bottom: 10px;display: flex;align-content: center\">\n<h4 style=\"margin-top: 0px;margin-bottom: 0px;padding: 0px;line-height: 1.5\">Resistente a \u00e1gua<\/h4>\n<\/div>\n<div class=\"p-product_detail-spec-accordion__panel-item-cont\" style=\"font-size: 9pt;font-weight: 700\">Resist\u00eancia \u00e0 \u00e1gua at\u00e9 50 metros<\/div>\n<\/li>\n<li class=\"p-product_detail-spec-accordion__panel-item\" style=\"margin-left: 0px;list-style-type: none;width: 348.672px;padding: 15.375px 0px\">\n<div class=\"p-product_detail-spec-accordion__panel-item-ttl\" style=\"font-size: 9pt;margin-bottom: 10px;display: flex;align-content: center\">\n<h4 style=\"margin-top: 0px;margin-bottom: 0px;padding: 0px;line-height: 1.5\">Fonte de alimenta\u00e7\u00e3o e autonomia da bateria<\/h4>\n<\/div>\n<div class=\"p-product_detail-spec-accordion__panel-item-cont\" style=\"font-size: 9pt;font-weight: 700\">Dura\u00e7\u00e3o aproximada da bateria: 3 anos no SR626SW<\/div>\n<\/li>\n<\/ul>\n<\/div>\n<\/div>\n<div class=\"p-product_detail-spec-accordion__item\" data-cmp-hook-accordion=\"item\" style=\", Meiryo, \u30e1\u30a4\u30ea\u30aa, sans-serif;font-size: 15px\">\n<h3 class=\"p-product_detail-spec-accordion__header is-open\" data-sub-items-info=\"Vidro:Vidro mineral;Tamanho de pulseira compat\u00edvel:175 a 215 mm;\" data-item-title=\"Exterior\" style=\"margin-top: 0px;margin-bottom: 0px;padding: 20.5px 0px;line-height: 1;font-size: 18px\"><button class=\"p-product_detail-spec-accordion__button\" data-cmp-hook-accordion=\"button\" aria-expanded=\"true\" aria-label=\"Expanded. Press Enter or Space to collapse. Vidro:Vidro mineral;Tamanho de pulseira compat\u00edvel:175 a 215 mm;\" style=\"padding: 0px;font: inherit;border-width: 0px;border-style: initial;border-color: initial;position: relative;text-align: left;width: 843px\"><span class=\"p-product_detail-spec-accordion__title\">Exterior<\/span><span class=\"p-product_detail-spec-accordion__icon icon-casio-icon_plus\" role=\"img\" style=\"line-height: 1;font-size: 20px;cursor: pointer;display: block;position: absolute;top: 9px;right: 20px;font-family: icon-casio !important\"><\/span><\/button><\/h3>\n<div data-cmp-hook-accordion=\"panel\" class=\"p-product_detail-spec-accordion__panel p-product_detail-spec-accordion__panel--hidden\" aria-hidden=\"false\" style=\"overflow: hidden;height: 82px\">\n<ul class=\"p-product_detail-spec-accordion__panel-inner\" style=\"margin-right: auto;margin-bottom: 0px;margin-left: auto;width: 738.391px;display: flex;flex-wrap: wrap;justify-content: space-between;padding-bottom: 5px\">\n<li class=\"p-product_detail-spec-accordion__panel-item\" style=\"margin-left: 0px;list-style-type: none;width: 348.672px;border-top: none;padding: 15.375px 0px\">\n<div class=\"p-product_detail-spec-accordion__panel-item-ttl\" style=\"font-size: 9pt;margin-bottom: 10px;display: flex;align-content: center\">\n<h4 style=\"margin-top: 0px;margin-bottom: 0px;padding: 0px;line-height: 1.5\">Vidro<\/h4>\n<\/div>\n<div class=\"p-product_detail-spec-accordion__panel-item-cont\" style=\"font-size: 9pt;font-weight: 700\">Vidro mineral<\/div>\n<\/li>\n<li class=\"p-product_detail-spec-accordion__panel-item\" style=\"margin-left: 0px;list-style-type: none;width: 348.672px;border-top: none;padding: 15.375px 0px;margin-right: 0px\">\n<div class=\"p-product_detail-spec-accordion__panel-item-ttl\" style=\"font-size: 9pt;margin-bottom: 10px;display: flex;align-content: center\">\n<h4 style=\"margin-top: 0px;margin-bottom: 0px;padding: 0px;line-height: 1.5\">Tamanho de pulseira compat\u00edvel<\/h4>\n<\/div>\n<div class=\"p-product_detail-spec-accordion__panel-item-cont\" style=\"font-size: 9pt;font-weight: 700\">175 a 215 mm<\/div>\n<\/li>\n<\/ul>\n<\/div>\n<\/div>\n<div class=\"p-product_detail-spec-accordion__item\" data-cmp-hook-accordion=\"item\" style=\", Meiryo, \u30e1\u30a4\u30ea\u30aa, sans-serif;font-size: 15px\">\n<h3 class=\"p-product_detail-spec-accordion__header is-open\" data-sub-items-info=\"Precis\u00e3o:Precis\u00e3o: \u00b120 segundos por m\u00eas;Outros recursos:Indica\u00e7\u00e3o das horas regular:3 ponteiros (hora, minuto, segundo),Visor de data;\" data-item-title=\"Recursos do rel\u00f3gio\" style=\"margin-top: 0px;margin-bottom: 0px;padding: 20.5px 0px;line-height: 1;font-size: 18px\"><button class=\"p-product_detail-spec-accordion__button\" data-cmp-hook-accordion=\"button\" aria-expanded=\"true\" aria-label=\"Recursos do rel\u00f3gio, button, expanded. Press Enter or Space to collapse. Precis\u00e3o:Precis\u00e3o: \u00b120 segundos por m\u00eas;Outros recursos:Indica\u00e7\u00e3o das horas regular:3 ponteiros (hora, minuto, segundo),Visor de data;\" style=\"padding: 0px;font: inherit;border-width: 0px;border-style: initial;border-color: initial;position: relative;text-align: left;width: 843px\"><span class=\"p-product_detail-spec-accordion__title\">Recursos do rel\u00f3gio<\/span><span class=\"p-product_detail-spec-accordion__icon icon-casio-icon_plus\" role=\"img\" style=\"line-height: 1;font-size: 20px;cursor: pointer;display: block;position: absolute;top: 9px;right: 20px;font-family: icon-casio !important\"><\/span><\/button><\/h3>\n<div data-cmp-hook-accordion=\"panel\" class=\"p-product_detail-spec-accordion__panel p-product_detail-spec-accordion__panel--hidden\" aria-hidden=\"false\" style=\"overflow: hidden;height: 118px\">\n<ul class=\"p-product_detail-spec-accordion__panel-inner\" style=\"margin-right: auto;margin-bottom: 0px;margin-left: auto;width: 738.391px;display: flex;flex-wrap: wrap;justify-content: space-between;padding-bottom: 5px\">\n<li class=\"p-product_detail-spec-accordion__panel-item\" style=\"margin-left: 0px;list-style-type: none;width: 348.672px;border-top: none;padding: 15.375px 0px\">\n<div class=\"p-product_detail-spec-accordion__panel-item-ttl\" style=\"font-size: 9pt;margin-bottom: 10px;display: flex;align-content: center\">\n<h4 style=\"margin-top: 0px;margin-bottom: 0px;padding: 0px;line-height: 1.5\">Precis\u00e3o<\/h4>\n<\/div>\n<div class=\"p-product_detail-spec-accordion__panel-item-cont\" style=\"font-size: 9pt;font-weight: 700\">Precis\u00e3o: \u00b120 segundos por m\u00eas<\/div>\n<\/li>\n<li class=\"p-product_detail-spec-accordion__panel-item\" style=\"margin-left: 0px;list-style-type: none;width: 348.672px;border-top: none;padding: 15.375px 0px;margin-right: 0px\">\n<div class=\"p-product_detail-spec-accordion__panel-item-ttl\" style=\"font-size: 9pt;margin-bottom: 10px;display: flex;align-content: center\">\n<h4 style=\"margin-top: 0px;margin-bottom: 0px;padding: 0px;line-height: 1.5\">Outros recursos<\/h4>\n<\/div>\n<div class=\"p-product_detail-spec-accordion__panel-item-cont\" style=\"font-size: 9pt;font-weight: 700\">Indica\u00e7\u00e3o das horas regular:<br \/>\n3 ponteiros (hora, minuto, segundo)<\/div>\n<div class=\"p-product_detail-spec-accordion__panel-item-cont\" style=\"font-size: 9pt;font-weight: 700\">Visor de data<\/div>\n<\/li>\n<\/ul>\n<\/div>\n<\/div>","protected":false},"excerpt":{"rendered":"<p>Informa\u00e7\u00f5es b\u00e1sicas Tamanho da caixa (C \u00d7 L \u00d7 A) 49 \u00d7 45 \u00d7 10.3 mm Peso 70 g Pulseira Pulseira em couro Resistente a&#8230;<\/p>","protected":false},"featured_media":5346,"comment_status":"open","ping_status":"closed","template":"","meta":[],"etheme_brands":[],"product_brand":[],"product_cat":[122,121],"product_tag":[131],"class_list":{"0":"post-5347","1":"product","2":"type-product","3":"status-publish","4":"has-post-thumbnail","6":"product_cat-categoriarelgiosrelgios-masculinos","7":"product_cat-categoriarelgios","8":"product_tag-casio","10":"first","11":"outofstock","12":"shipping-taxable","13":"purchasable","14":"product-type-simple"},"_links":{"self":[{"href":"https:\/\/agenciausphot.com\/uze\/en\/wp-json\/wp\/v2\/product\/5347","targetHints":{"allow":["GET"]}}],"collection":[{"href":"https:\/\/agenciausphot.com\/uze\/en\/wp-json\/wp\/v2\/product"}],"about":[{"href":"https:\/\/agenciausphot.com\/uze\/en\/wp-json\/wp\/v2\/types\/product"}],"replies":[{"embeddable":true,"href":"https:\/\/agenciausphot.com\/uze\/en\/wp-json\/wp\/v2\/comments?post=5347"}],"version-history":[{"count":2,"href":"https:\/\/agenciausphot.com\/uze\/en\/wp-json\/wp\/v2\/product\/5347\/revisions"}],"predecessor-version":[{"id":6570,"href":"https:\/\/agenciausphot.com\/uze\/en\/wp-json\/wp\/v2\/product\/5347\/revisions\/6570"}],"wp:featuredmedia":[{"embeddable":true,"href":"https:\/\/agenciausphot.com\/uze\/en\/wp-json\/wp\/v2\/media\/5346"}],"wp:attachment":[{"href":"https:\/\/agenciausphot.com\/uze\/en\/wp-json\/wp\/v2\/media?parent=5347"}],"wp:term":[{"taxonomy":"brand","embeddable":true,"href":"https:\/\/agenciausphot.com\/uze\/en\/wp-json\/wp\/v2\/etheme_brands?post=5347"},{"taxonomy":"product_brand","embeddable":true,"href":"https:\/\/agenciausphot.com\/uze\/en\/wp-json\/wp\/v2\/product_brand?post=5347"},{"taxonomy":"product_cat","embeddable":true,"href":"https:\/\/agenciausphot.com\/uze\/en\/wp-json\/wp\/v2\/product_cat?post=5347"},{"taxonomy":"product_tag","embeddable":true,"href":"https:\/\/agenciausphot.com\/uze\/en\/wp-json\/wp\/v2\/product_tag?post=5347"}],"curies":[{"name":"wp","href":"https:\/\/api.w.org\/{rel}","templated":true}]}}