{"id":5331,"date":"2025-10-29T13:10:20","date_gmt":"2025-10-29T13:10:20","guid":{"rendered":"https:\/\/agenciausphot.com\/uze\/produto\/relogio-de-pulso-casio-vintage\/"},"modified":"2026-01-12T15:14:38","modified_gmt":"2026-01-12T15:14:38","slug":"relogio-de-pulso-casio-vintage","status":"publish","type":"product","link":"https:\/\/agenciausphot.com\/uze\/en\/product\/relogio-de-pulso-casio-vintage\/","title":{"rendered":"Rel\u00f3gio de pulso casio vintage"},"content":{"rendered":"<h3 data-start=\"89\" data-end=\"115\">Detalhes do Produto:<\/h3>\n<p data-start=\"116\" data-end=\"520\">O <strong data-start=\"118\" data-end=\"143\">Rel\u00f3gio Casio Vintage<\/strong> \u00e9 um \u00edcone atemporal da marca, trazendo um design retr\u00f4 que atravessa gera\u00e7\u00f5es. Com mostrador digital e fun\u00e7\u00f5es pr\u00e1ticas para o dia a dia, como alarme, cron\u00f4metro e calend\u00e1rio, une estilo nost\u00e1lgico \u00e0 funcionalidade. Dispon\u00edvel em vers\u00f5es <strong data-start=\"383\" data-end=\"410\">prata, dourado ou preto<\/strong>, \u00e9 uma pe\u00e7a vers\u00e1til, perfeita para complementar produ\u00e7\u00f5es modernas com um toque cl\u00e1ssico dos anos 80 e 90.<\/p>\n<hr data-start=\"522\" data-end=\"525\">\n<h3 data-start=\"527\" data-end=\"559\">Especifica\u00e7\u00f5es do produto:<\/h3>\n<ul data-start=\"560\" data-end=\"976\">\n<li data-start=\"560\" data-end=\"580\">\n<p data-start=\"562\" data-end=\"580\"><strong data-start=\"562\" data-end=\"572\">Marca:<\/strong> Casio<\/p>\n<\/li>\n<li data-start=\"581\" data-end=\"603\">\n<p data-start=\"583\" data-end=\"603\"><strong data-start=\"583\" data-end=\"593\">Linha:<\/strong> Vintage<\/p>\n<\/li>\n<li data-start=\"604\" data-end=\"627\">\n<p data-start=\"606\" data-end=\"627\"><strong data-start=\"606\" data-end=\"617\">Estilo:<\/strong> Unissex<\/p>\n<\/li>\n<li data-start=\"628\" data-end=\"703\">\n<p data-start=\"630\" data-end=\"703\"><strong data-start=\"630\" data-end=\"643\">Pulseira:<\/strong> A\u00e7o inoxid\u00e1vel (prata, dourado ou preto, conforme modelo)<\/p>\n<\/li>\n<li data-start=\"704\" data-end=\"749\">\n<p data-start=\"706\" data-end=\"749\"><strong data-start=\"706\" data-end=\"720\">Mostrador:<\/strong> Digital com ilumina\u00e7\u00e3o LED<\/p>\n<\/li>\n<li data-start=\"750\" data-end=\"808\">\n<p data-start=\"752\" data-end=\"808\"><strong data-start=\"752\" data-end=\"764\">Fun\u00e7\u00f5es:<\/strong> Alarme, cron\u00f4metro, calend\u00e1rio autom\u00e1tico<\/p>\n<\/li>\n<li data-start=\"809\" data-end=\"835\">\n<p data-start=\"811\" data-end=\"835\"><strong data-start=\"811\" data-end=\"825\">Movimento:<\/strong> Quartzo<\/p>\n<\/li>\n<li data-start=\"836\" data-end=\"896\">\n<p data-start=\"838\" data-end=\"896\"><strong data-start=\"838\" data-end=\"861\">Resist\u00eancia \u00e0 \u00e1gua:<\/strong> Conforme especifica\u00e7\u00e3o do modelo<\/p>\n<\/li>\n<li data-start=\"897\" data-end=\"941\">\n<p data-start=\"899\" data-end=\"941\"><strong data-start=\"899\" data-end=\"920\">Tamanho da Caixa:<\/strong> Aprox. 32mm a 36mm<\/p>\n<\/li>\n<li data-start=\"942\" data-end=\"976\">\n<p data-start=\"944\" data-end=\"976\"><strong data-start=\"944\" data-end=\"954\">Fecho:<\/strong> Ajust\u00e1vel com trava<\/p>\n<\/li>\n<\/ul>\n<hr data-start=\"978\" data-end=\"981\">\n<h3 data-start=\"983\" data-end=\"998\">Garantia:<\/h3>\n<p data-start=\"999\" data-end=\"1090\">Produto original <strong data-start=\"1016\" data-end=\"1025\">Casio<\/strong>, com <strong data-start=\"1031\" data-end=\"1057\">garantia do fabricante<\/strong> contra defeitos de fabrica\u00e7\u00e3o.<\/p>","protected":false},"excerpt":{"rendered":"<p>Detalhes do Produto: O Rel\u00f3gio Casio Vintage \u00e9 um \u00edcone atemporal da marca, trazendo um design retr\u00f4 que atravessa gera\u00e7\u00f5es. Com mostrador digital e fun\u00e7\u00f5es&#8230;<\/p>","protected":false},"featured_media":5330,"comment_status":"open","ping_status":"closed","template":"","meta":[],"etheme_brands":[],"product_brand":[],"product_cat":[122,121],"product_tag":[131],"class_list":{"0":"post-5331","1":"product","2":"type-product","3":"status-publish","4":"has-post-thumbnail","6":"product_cat-categoriarelgiosrelgios-masculinos","7":"product_cat-categoriarelgios","8":"product_tag-casio","10":"first","11":"instock","12":"shipping-taxable","13":"purchasable","14":"product-type-simple"},"_links":{"self":[{"href":"https:\/\/agenciausphot.com\/uze\/en\/wp-json\/wp\/v2\/product\/5331","targetHints":{"allow":["GET"]}}],"collection":[{"href":"https:\/\/agenciausphot.com\/uze\/en\/wp-json\/wp\/v2\/product"}],"about":[{"href":"https:\/\/agenciausphot.com\/uze\/en\/wp-json\/wp\/v2\/types\/product"}],"replies":[{"embeddable":true,"href":"https:\/\/agenciausphot.com\/uze\/en\/wp-json\/wp\/v2\/comments?post=5331"}],"version-history":[{"count":1,"href":"https:\/\/agenciausphot.com\/uze\/en\/wp-json\/wp\/v2\/product\/5331\/revisions"}],"predecessor-version":[{"id":6124,"href":"https:\/\/agenciausphot.com\/uze\/en\/wp-json\/wp\/v2\/product\/5331\/revisions\/6124"}],"wp:featuredmedia":[{"embeddable":true,"href":"https:\/\/agenciausphot.com\/uze\/en\/wp-json\/wp\/v2\/media\/5330"}],"wp:attachment":[{"href":"https:\/\/agenciausphot.com\/uze\/en\/wp-json\/wp\/v2\/media?parent=5331"}],"wp:term":[{"taxonomy":"brand","embeddable":true,"href":"https:\/\/agenciausphot.com\/uze\/en\/wp-json\/wp\/v2\/etheme_brands?post=5331"},{"taxonomy":"product_brand","embeddable":true,"href":"https:\/\/agenciausphot.com\/uze\/en\/wp-json\/wp\/v2\/product_brand?post=5331"},{"taxonomy":"product_cat","embeddable":true,"href":"https:\/\/agenciausphot.com\/uze\/en\/wp-json\/wp\/v2\/product_cat?post=5331"},{"taxonomy":"product_tag","embeddable":true,"href":"https:\/\/agenciausphot.com\/uze\/en\/wp-json\/wp\/v2\/product_tag?post=5331"}],"curies":[{"name":"wp","href":"https:\/\/api.w.org\/{rel}","templated":true}]}}