{"id":5327,"date":"2025-10-29T13:10:17","date_gmt":"2025-10-29T13:10:17","guid":{"rendered":"https:\/\/agenciausphot.com\/uze\/produto\/relogio-casio-mini-preto-couro\/"},"modified":"2025-11-04T20:37:51","modified_gmt":"2025-11-04T20:37:51","slug":"relogio-casio-mini-preto-couro","status":"publish","type":"product","link":"https:\/\/agenciausphot.com\/uze\/en\/product\/relogio-casio-mini-preto-couro\/","title":{"rendered":"Rel\u00f3gio casio mini preto couro"},"content":{"rendered":"<h3 data-start=\"103\" data-end=\"129\">Detalhes do Produto:<\/h3>\n<p data-start=\"130\" data-end=\"525\">O <strong data-start=\"132\" data-end=\"164\">Rel\u00f3gio Casio Feminino Preto<\/strong> combina eleg\u00e2ncia e praticidade em um design minimalista e moderno. Com <strong data-start=\"237\" data-end=\"264\">pulseira em couro preta<\/strong>, oferece conforto no uso di\u00e1rio e um visual sofisticado, ideal para diferentes ocasi\u00f5es \u2014 desde o trabalho at\u00e9 momentos casuais. O mostrador cl\u00e1ssico da Casio garante f\u00e1cil leitura das horas e refor\u00e7a a tradi\u00e7\u00e3o da marca em unir qualidade e estilo atemporal.<\/p>\n<hr data-start=\"527\" data-end=\"530\">\n<h3 data-start=\"532\" data-end=\"564\">Especifica\u00e7\u00f5es do produto:<\/h3>\n<ul data-start=\"565\" data-end=\"929\">\n<li data-start=\"565\" data-end=\"585\">\n<p data-start=\"567\" data-end=\"585\"><strong data-start=\"567\" data-end=\"577\">Marca:<\/strong> Casio<\/p>\n<\/li>\n<li data-start=\"586\" data-end=\"610\">\n<p data-start=\"588\" data-end=\"610\"><strong data-start=\"588\" data-end=\"599\">Modelo:<\/strong> Feminino<\/p>\n<\/li>\n<li data-start=\"611\" data-end=\"649\">\n<p data-start=\"613\" data-end=\"649\"><strong data-start=\"613\" data-end=\"626\">Pulseira:<\/strong> Couro leg\u00edtimo preto<\/p>\n<\/li>\n<li data-start=\"650\" data-end=\"707\">\n<p data-start=\"652\" data-end=\"707\"><strong data-start=\"652\" data-end=\"666\">Mostrador:<\/strong> Anal\u00f3gico, cl\u00e1ssico e de f\u00e1cil leitura<\/p>\n<\/li>\n<li data-start=\"708\" data-end=\"771\">\n<p data-start=\"710\" data-end=\"771\"><strong data-start=\"710\" data-end=\"727\">Cor da Caixa:<\/strong> Prata ou preta (varia\u00e7\u00e3o conforme modelo)<\/p>\n<\/li>\n<li data-start=\"772\" data-end=\"798\">\n<p data-start=\"774\" data-end=\"798\"><strong data-start=\"774\" data-end=\"788\">Movimento:<\/strong> Quartzo<\/p>\n<\/li>\n<li data-start=\"799\" data-end=\"852\">\n<p data-start=\"801\" data-end=\"852\"><strong data-start=\"801\" data-end=\"817\">Resist\u00eancia:<\/strong> Conforme especifica\u00e7\u00e3o do modelo<\/p>\n<\/li>\n<li data-start=\"853\" data-end=\"897\">\n<p data-start=\"855\" data-end=\"897\"><strong data-start=\"855\" data-end=\"876\">Tamanho da Caixa:<\/strong> Aprox. 28mm a 32mm<\/p>\n<\/li>\n<li data-start=\"898\" data-end=\"929\">\n<p data-start=\"900\" data-end=\"929\"><strong data-start=\"900\" data-end=\"910\">Fecho:<\/strong> Fivela ajust\u00e1vel<\/p>\n<\/li>\n<\/ul>\n<hr data-start=\"931\" data-end=\"934\">\n<h3 data-start=\"936\" data-end=\"951\">Garantia:<\/h3>\n<p data-start=\"952\" data-end=\"1043\">Produto original <strong data-start=\"969\" data-end=\"978\">Casio<\/strong>, com <strong data-start=\"984\" data-end=\"1010\">garantia do fabricante<\/strong> contra defeitos de fabrica\u00e7\u00e3o.<\/p>","protected":false},"excerpt":{"rendered":"<p>Detalhes do Produto: O Rel\u00f3gio Casio Feminino Preto combina eleg\u00e2ncia e praticidade em um design minimalista e moderno. Com pulseira em couro preta, oferece conforto&#8230;<\/p>","protected":false},"featured_media":5325,"comment_status":"open","ping_status":"closed","template":"","meta":[],"etheme_brands":[],"product_brand":[],"product_cat":[123,121],"product_tag":[131],"class_list":{"0":"post-5327","1":"product","2":"type-product","3":"status-publish","4":"has-post-thumbnail","6":"product_cat-categoriarelgiosrelgios-feminino","7":"product_cat-categoriarelgios","8":"product_tag-casio","10":"first","11":"outofstock","12":"shipping-taxable","13":"purchasable","14":"product-type-simple"},"_links":{"self":[{"href":"https:\/\/agenciausphot.com\/uze\/en\/wp-json\/wp\/v2\/product\/5327","targetHints":{"allow":["GET"]}}],"collection":[{"href":"https:\/\/agenciausphot.com\/uze\/en\/wp-json\/wp\/v2\/product"}],"about":[{"href":"https:\/\/agenciausphot.com\/uze\/en\/wp-json\/wp\/v2\/types\/product"}],"replies":[{"embeddable":true,"href":"https:\/\/agenciausphot.com\/uze\/en\/wp-json\/wp\/v2\/comments?post=5327"}],"version-history":[{"count":1,"href":"https:\/\/agenciausphot.com\/uze\/en\/wp-json\/wp\/v2\/product\/5327\/revisions"}],"predecessor-version":[{"id":6122,"href":"https:\/\/agenciausphot.com\/uze\/en\/wp-json\/wp\/v2\/product\/5327\/revisions\/6122"}],"wp:featuredmedia":[{"embeddable":true,"href":"https:\/\/agenciausphot.com\/uze\/en\/wp-json\/wp\/v2\/media\/5325"}],"wp:attachment":[{"href":"https:\/\/agenciausphot.com\/uze\/en\/wp-json\/wp\/v2\/media?parent=5327"}],"wp:term":[{"taxonomy":"brand","embeddable":true,"href":"https:\/\/agenciausphot.com\/uze\/en\/wp-json\/wp\/v2\/etheme_brands?post=5327"},{"taxonomy":"product_brand","embeddable":true,"href":"https:\/\/agenciausphot.com\/uze\/en\/wp-json\/wp\/v2\/product_brand?post=5327"},{"taxonomy":"product_cat","embeddable":true,"href":"https:\/\/agenciausphot.com\/uze\/en\/wp-json\/wp\/v2\/product_cat?post=5327"},{"taxonomy":"product_tag","embeddable":true,"href":"https:\/\/agenciausphot.com\/uze\/en\/wp-json\/wp\/v2\/product_tag?post=5327"}],"curies":[{"name":"wp","href":"https:\/\/api.w.org\/{rel}","templated":true}]}}