{"id":5319,"date":"2025-10-29T13:10:10","date_gmt":"2025-10-29T13:10:10","guid":{"rendered":"https:\/\/agenciausphot.com\/uze\/produto\/limpa-prata\/"},"modified":"2025-11-04T20:37:49","modified_gmt":"2025-11-04T20:37:49","slug":"limpa-prata","status":"publish","type":"product","link":"https:\/\/agenciausphot.com\/uze\/en\/product\/limpa-prata\/","title":{"rendered":"Limpa prata"},"content":{"rendered":"<h3 data-start=\"86\" data-end=\"112\">Detalhes do Produto:<\/h3>\n<p data-start=\"113\" data-end=\"434\">O <strong data-start=\"115\" data-end=\"136\">Limpa Prata Monzi<\/strong> \u00e9 um produto desenvolvido especialmente para a <strong data-start=\"184\" data-end=\"229\">limpeza e polimento de joias em Prata 925<\/strong>, removendo rapidamente a oxida\u00e7\u00e3o e devolvendo o brilho original das pe\u00e7as. Sua f\u00f3rmula eficiente elimina manchas e o aspecto escurecido, garantindo que suas joias estejam sempre com apar\u00eancia de novas.<\/p>\n<p data-start=\"436\" data-end=\"566\">Ideal para uso em an\u00e9is, pulseiras, colares, brincos e outros acess\u00f3rios em prata, mantendo-os sempre brilhantes e bem cuidados.<\/p>\n<hr data-start=\"568\" data-end=\"571\">\n<h3 data-start=\"573\" data-end=\"605\">Especifica\u00e7\u00f5es do produto:<\/h3>\n<ul data-start=\"606\" data-end=\"942\">\n<li data-start=\"606\" data-end=\"640\">\n<p data-start=\"608\" data-end=\"640\"><strong data-start=\"608\" data-end=\"620\">Produto:<\/strong> Limpa Prata Monzi<\/p>\n<\/li>\n<li data-start=\"641\" data-end=\"681\">\n<p data-start=\"643\" data-end=\"681\"><strong data-start=\"643\" data-end=\"660\">Uso indicado:<\/strong> Joias em Prata 925<\/p>\n<\/li>\n<li data-start=\"682\" data-end=\"729\">\n<p data-start=\"684\" data-end=\"729\"><strong data-start=\"684\" data-end=\"693\">A\u00e7\u00e3o:<\/strong> Remove oxida\u00e7\u00e3o e manchas escuras<\/p>\n<\/li>\n<li data-start=\"730\" data-end=\"826\">\n<p data-start=\"732\" data-end=\"826\"><strong data-start=\"732\" data-end=\"755\">Forma de aplica\u00e7\u00e3o:<\/strong> Imers\u00e3o r\u00e1pida ou uso com flanela (conforme instru\u00e7\u00f5es da embalagem)<\/p>\n<\/li>\n<li data-start=\"827\" data-end=\"867\">\n<p data-start=\"829\" data-end=\"867\"><strong data-start=\"829\" data-end=\"842\">Validade:<\/strong> Informada na embalagem<\/p>\n<\/li>\n<li data-start=\"868\" data-end=\"942\">\n<p data-start=\"870\" data-end=\"942\"><strong data-start=\"870\" data-end=\"883\">Cuidados:<\/strong> N\u00e3o recomendado para pe\u00e7as com pedras porosas ou p\u00e9rolas<\/p>\n<\/li>\n<\/ul>\n<hr data-start=\"944\" data-end=\"947\">\n<h3 data-start=\"949\" data-end=\"964\">Garantia:<\/h3>\n<p data-start=\"965\" data-end=\"1056\">Produto original <strong data-start=\"982\" data-end=\"991\">Monzi<\/strong>, reconhecido por sua efic\u00e1cia e tradi\u00e7\u00e3o no cuidado com joias.<\/p>","protected":false},"excerpt":{"rendered":"<p>Detalhes do Produto: O Limpa Prata Monzi \u00e9 um produto desenvolvido especialmente para a limpeza e polimento de joias em Prata 925, removendo rapidamente a&#8230;<\/p>","protected":false},"featured_media":5318,"comment_status":"open","ping_status":"closed","template":"","meta":[],"etheme_brands":[],"product_brand":[],"product_cat":[90],"product_tag":[132],"class_list":{"0":"post-5319","1":"product","2":"type-product","3":"status-publish","4":"has-post-thumbnail","6":"product_cat-categoriapulseiras","7":"product_tag-monzi","9":"first","10":"instock","11":"shipping-taxable","12":"purchasable","13":"product-type-simple"},"_links":{"self":[{"href":"https:\/\/agenciausphot.com\/uze\/en\/wp-json\/wp\/v2\/product\/5319","targetHints":{"allow":["GET"]}}],"collection":[{"href":"https:\/\/agenciausphot.com\/uze\/en\/wp-json\/wp\/v2\/product"}],"about":[{"href":"https:\/\/agenciausphot.com\/uze\/en\/wp-json\/wp\/v2\/types\/product"}],"replies":[{"embeddable":true,"href":"https:\/\/agenciausphot.com\/uze\/en\/wp-json\/wp\/v2\/comments?post=5319"}],"version-history":[{"count":1,"href":"https:\/\/agenciausphot.com\/uze\/en\/wp-json\/wp\/v2\/product\/5319\/revisions"}],"predecessor-version":[{"id":6119,"href":"https:\/\/agenciausphot.com\/uze\/en\/wp-json\/wp\/v2\/product\/5319\/revisions\/6119"}],"wp:featuredmedia":[{"embeddable":true,"href":"https:\/\/agenciausphot.com\/uze\/en\/wp-json\/wp\/v2\/media\/5318"}],"wp:attachment":[{"href":"https:\/\/agenciausphot.com\/uze\/en\/wp-json\/wp\/v2\/media?parent=5319"}],"wp:term":[{"taxonomy":"brand","embeddable":true,"href":"https:\/\/agenciausphot.com\/uze\/en\/wp-json\/wp\/v2\/etheme_brands?post=5319"},{"taxonomy":"product_brand","embeddable":true,"href":"https:\/\/agenciausphot.com\/uze\/en\/wp-json\/wp\/v2\/product_brand?post=5319"},{"taxonomy":"product_cat","embeddable":true,"href":"https:\/\/agenciausphot.com\/uze\/en\/wp-json\/wp\/v2\/product_cat?post=5319"},{"taxonomy":"product_tag","embeddable":true,"href":"https:\/\/agenciausphot.com\/uze\/en\/wp-json\/wp\/v2\/product_tag?post=5319"}],"curies":[{"name":"wp","href":"https:\/\/api.w.org\/{rel}","templated":true}]}}