{"id":5315,"date":"2025-10-29T13:10:07","date_gmt":"2025-10-29T13:10:07","guid":{"rendered":"https:\/\/agenciausphot.com\/uze\/produto\/piercing-tragus-haste\/"},"modified":"2025-12-04T18:41:39","modified_gmt":"2025-12-04T18:41:39","slug":"piercing-tragus-haste","status":"publish","type":"product","link":"https:\/\/agenciausphot.com\/uze\/en\/product\/piercing-tragus-haste\/","title":{"rendered":"Piercing tr\u00e1gus haste"},"content":{"rendered":"<div>Detalhes do Produto:<\/div>\n<div><\/div>\n<div>Piercing em Prata 925 leg\u00edtima, desenvolvido especialmente para a perfura\u00e7\u00e3o tr\u00e1gus, com haste fixa, garantindo firmeza e conforto no uso. O design \u00e9 delicado e vers\u00e1til, podendo ser encontrado na vers\u00e3o lisa para um visual minimalista ou com ponto de luz em zirc\u00f4nia para um toque extra de brilho. Uma joia pr\u00e1tica, elegante e atemporal.<\/div>\n<div><\/div>\n<div>A prata 925 \u00e9 hipoalerg\u00eanica e possui garantia vital\u00edcia, reconhecida por sua resist\u00eancia, durabilidade e excelente custo-benef\u00edcio.<\/div>\n<div><\/div>\n<div>Especifica\u00e7\u00f5es do produto:<\/div>\n<div><\/div>\n<div>Modelo: Piercing Tr\u00e1gus Haste Fixa<\/div>\n<div><\/div>\n<div>Fecho: Tarraxa tradicional<\/div>\n<div><\/div>\n<div>Design: Liso polido ou ponto de luz em zirc\u00f4nia (conforme varia\u00e7\u00e3o)<\/div>\n<div><\/div>\n<div>Material: Prata 925 leg\u00edtima<\/div>\n<div><\/div>\n<div>Acabamento: Polido brilhante<\/div>\n<div><\/div>\n<div>Peso: Aprox. 0,8g<\/div>\n<div><\/div>\n<div>Garantia:<\/div>\n<div><\/div>\n<div>Todos os piercings em Prata 925 acompanham Certificado de Garantia de Autenticidade, assegurando a dura\u00e7\u00e3o eterna do material. Diferente das bijuterias, pe\u00e7as em Prata 925 preservam brilho, valor e sofistica\u00e7\u00e3o por toda a vida, assim como o Ouro 18k.<\/div>","protected":false},"excerpt":{"rendered":"<p>Detalhes do Produto: Piercing em Prata 925 leg\u00edtima, desenvolvido especialmente para a perfura\u00e7\u00e3o tr\u00e1gus, com haste fixa, garantindo firmeza e conforto no uso. O design&#8230;<\/p>","protected":false},"featured_media":5314,"comment_status":"open","ping_status":"closed","template":"","meta":[],"etheme_brands":[],"product_brand":[],"product_cat":[115,96],"product_tag":[133],"class_list":{"0":"post-5315","1":"product","2":"type-product","3":"status-publish","4":"has-post-thumbnail","6":"product_cat-categoriapiercingspiercing-de-orelha","7":"product_cat-categoriapiercings","8":"product_tag-uze-pratas","10":"first","11":"instock","12":"shipping-taxable","13":"purchasable","14":"product-type-simple"},"_links":{"self":[{"href":"https:\/\/agenciausphot.com\/uze\/en\/wp-json\/wp\/v2\/product\/5315","targetHints":{"allow":["GET"]}}],"collection":[{"href":"https:\/\/agenciausphot.com\/uze\/en\/wp-json\/wp\/v2\/product"}],"about":[{"href":"https:\/\/agenciausphot.com\/uze\/en\/wp-json\/wp\/v2\/types\/product"}],"replies":[{"embeddable":true,"href":"https:\/\/agenciausphot.com\/uze\/en\/wp-json\/wp\/v2\/comments?post=5315"}],"version-history":[{"count":1,"href":"https:\/\/agenciausphot.com\/uze\/en\/wp-json\/wp\/v2\/product\/5315\/revisions"}],"predecessor-version":[{"id":6117,"href":"https:\/\/agenciausphot.com\/uze\/en\/wp-json\/wp\/v2\/product\/5315\/revisions\/6117"}],"wp:featuredmedia":[{"embeddable":true,"href":"https:\/\/agenciausphot.com\/uze\/en\/wp-json\/wp\/v2\/media\/5314"}],"wp:attachment":[{"href":"https:\/\/agenciausphot.com\/uze\/en\/wp-json\/wp\/v2\/media?parent=5315"}],"wp:term":[{"taxonomy":"brand","embeddable":true,"href":"https:\/\/agenciausphot.com\/uze\/en\/wp-json\/wp\/v2\/etheme_brands?post=5315"},{"taxonomy":"product_brand","embeddable":true,"href":"https:\/\/agenciausphot.com\/uze\/en\/wp-json\/wp\/v2\/product_brand?post=5315"},{"taxonomy":"product_cat","embeddable":true,"href":"https:\/\/agenciausphot.com\/uze\/en\/wp-json\/wp\/v2\/product_cat?post=5315"},{"taxonomy":"product_tag","embeddable":true,"href":"https:\/\/agenciausphot.com\/uze\/en\/wp-json\/wp\/v2\/product_tag?post=5315"}],"curies":[{"name":"wp","href":"https:\/\/api.w.org\/{rel}","templated":true}]}}