{"id":5311,"date":"2025-10-29T13:10:04","date_gmt":"2025-10-29T13:10:04","guid":{"rendered":"https:\/\/agenciausphot.com\/uze\/produto\/piercing-ponto-de-luz-redondo-3mm-com-zirconias\/"},"modified":"2025-11-04T20:37:46","modified_gmt":"2025-11-04T20:37:46","slug":"piercing-ponto-de-luz-redondo-3mm-com-zirconias","status":"publish","type":"product","link":"https:\/\/agenciausphot.com\/uze\/en\/product\/piercing-ponto-de-luz-redondo-3mm-com-zirconias\/","title":{"rendered":"Piercing ponto de luz redondo 3mm com zirc\u00f4nias"},"content":{"rendered":"<h3 data-start=\"129\" data-end=\"155\">Detalhes do Produto:<\/h3>\n<p data-start=\"156\" data-end=\"558\">Piercing em <strong data-start=\"168\" data-end=\"190\">Prata 925 leg\u00edtima<\/strong>, no modelo cl\u00e1ssico de <strong data-start=\"214\" data-end=\"242\">ponto de luz redondo 3mm<\/strong>, com <strong data-start=\"248\" data-end=\"268\">zirc\u00f4nia cristal<\/strong> central que reflete brilho intenso e sofisticado. O design delicado \u00e9 perfeito para quem busca eleg\u00e2ncia em um acess\u00f3rio minimalista, podendo ser usado em diferentes perfura\u00e7\u00f5es da orelha ou no nariz, dependendo da haste escolhida. Vers\u00e1til e atemporal, \u00e9 uma joia que nunca sai de moda.<\/p>\n<p data-start=\"560\" data-end=\"698\">A prata 925 \u00e9 hipoalerg\u00eanica e possui <strong data-start=\"598\" data-end=\"620\">garantia vital\u00edcia<\/strong>, reconhecida por sua resist\u00eancia, durabilidade e excelente custo-benef\u00edcio.<\/p>\n<hr data-start=\"700\" data-end=\"703\">\n<h3 data-start=\"705\" data-end=\"737\">Especifica\u00e7\u00f5es do produto:<\/h3>\n<ul data-start=\"738\" data-end=\"962\">\n<li data-start=\"738\" data-end=\"783\">\n<p data-start=\"740\" data-end=\"783\"><strong data-start=\"740\" data-end=\"751\">Modelo:<\/strong> Piercing Ponto de Luz Redondo<\/p>\n<\/li>\n<li data-start=\"784\" data-end=\"813\">\n<p data-start=\"786\" data-end=\"813\"><strong data-start=\"786\" data-end=\"807\">Tamanho da Pedra:<\/strong> 3mm<\/p>\n<\/li>\n<li data-start=\"814\" data-end=\"862\">\n<p data-start=\"816\" data-end=\"862\"><strong data-start=\"816\" data-end=\"826\">Pedra:<\/strong> Zirc\u00f4nia cristal em corte redondo<\/p>\n<\/li>\n<li data-start=\"863\" data-end=\"899\">\n<p data-start=\"865\" data-end=\"899\"><strong data-start=\"865\" data-end=\"878\">Material:<\/strong> Prata 925 leg\u00edtima<\/p>\n<\/li>\n<li data-start=\"900\" data-end=\"936\">\n<p data-start=\"902\" data-end=\"936\"><strong data-start=\"902\" data-end=\"917\">Acabamento:<\/strong> Polido brilhante<\/p>\n<\/li>\n<li data-start=\"937\" data-end=\"962\">\n<p data-start=\"939\" data-end=\"962\"><strong data-start=\"939\" data-end=\"948\">Peso:<\/strong> Aprox. 0,8g<\/p>\n<\/li>\n<\/ul>\n<hr data-start=\"964\" data-end=\"967\">\n<h3 data-start=\"969\" data-end=\"984\">Garantia:<\/h3>\n<p data-start=\"985\" data-end=\"1253\">Todos os piercings em <strong data-start=\"1007\" data-end=\"1020\">Prata 925<\/strong> acompanham <strong data-start=\"1032\" data-end=\"1076\">Certificado de Garantia de Autenticidade<\/strong>, assegurando a <strong data-start=\"1092\" data-end=\"1110\">dura\u00e7\u00e3o eterna<\/strong> do material. Diferente das bijuterias, pe\u00e7as em Prata 925 preservam brilho, valor e sofistica\u00e7\u00e3o por toda a vida, assim como o <strong data-start=\"1238\" data-end=\"1250\">Ouro 18k<\/strong>.<\/p>\n<hr data-start=\"1255\" data-end=\"1260\">\n<p data-start=\"1262\" data-end=\"1421\" data-is-last-node=\"\" data-is-only-node=\"\">","protected":false},"excerpt":{"rendered":"<p>Detalhes do Produto: Piercing em Prata 925 leg\u00edtima, no modelo cl\u00e1ssico de ponto de luz redondo 3mm, com zirc\u00f4nia cristal central que reflete brilho intenso&#8230;<\/p>","protected":false},"featured_media":5310,"comment_status":"open","ping_status":"closed","template":"","meta":[],"etheme_brands":[],"product_brand":[],"product_cat":[114,96],"product_tag":[133],"class_list":{"0":"post-5311","1":"product","2":"type-product","3":"status-publish","4":"has-post-thumbnail","6":"product_cat-categoriapiercingspiercing-de-umbigo","7":"product_cat-categoriapiercings","8":"product_tag-uze-pratas","10":"first","11":"instock","12":"shipping-taxable","13":"purchasable","14":"product-type-simple"},"_links":{"self":[{"href":"https:\/\/agenciausphot.com\/uze\/en\/wp-json\/wp\/v2\/product\/5311","targetHints":{"allow":["GET"]}}],"collection":[{"href":"https:\/\/agenciausphot.com\/uze\/en\/wp-json\/wp\/v2\/product"}],"about":[{"href":"https:\/\/agenciausphot.com\/uze\/en\/wp-json\/wp\/v2\/types\/product"}],"replies":[{"embeddable":true,"href":"https:\/\/agenciausphot.com\/uze\/en\/wp-json\/wp\/v2\/comments?post=5311"}],"version-history":[{"count":1,"href":"https:\/\/agenciausphot.com\/uze\/en\/wp-json\/wp\/v2\/product\/5311\/revisions"}],"predecessor-version":[{"id":6115,"href":"https:\/\/agenciausphot.com\/uze\/en\/wp-json\/wp\/v2\/product\/5311\/revisions\/6115"}],"wp:featuredmedia":[{"embeddable":true,"href":"https:\/\/agenciausphot.com\/uze\/en\/wp-json\/wp\/v2\/media\/5310"}],"wp:attachment":[{"href":"https:\/\/agenciausphot.com\/uze\/en\/wp-json\/wp\/v2\/media?parent=5311"}],"wp:term":[{"taxonomy":"brand","embeddable":true,"href":"https:\/\/agenciausphot.com\/uze\/en\/wp-json\/wp\/v2\/etheme_brands?post=5311"},{"taxonomy":"product_brand","embeddable":true,"href":"https:\/\/agenciausphot.com\/uze\/en\/wp-json\/wp\/v2\/product_brand?post=5311"},{"taxonomy":"product_cat","embeddable":true,"href":"https:\/\/agenciausphot.com\/uze\/en\/wp-json\/wp\/v2\/product_cat?post=5311"},{"taxonomy":"product_tag","embeddable":true,"href":"https:\/\/agenciausphot.com\/uze\/en\/wp-json\/wp\/v2\/product_tag?post=5311"}],"curies":[{"name":"wp","href":"https:\/\/api.w.org\/{rel}","templated":true}]}}