{"id":5309,"date":"2025-10-29T13:10:03","date_gmt":"2025-10-29T13:10:03","guid":{"rendered":"https:\/\/agenciausphot.com\/uze\/produto\/piercing-nariz-ponto-de-luz-2mm\/"},"modified":"2025-12-22T16:26:10","modified_gmt":"2025-12-22T16:26:10","slug":"piercing-nariz-ponto-de-luz-2mm","status":"publish","type":"product","link":"https:\/\/agenciausphot.com\/uze\/en\/product\/piercing-nariz-ponto-de-luz-2mm\/","title":{"rendered":"Piercing nariz ponto de luz 2mm"},"content":{"rendered":"<h3 data-start=\"116\" data-end=\"142\">Detalhes do Produto:<\/h3>\n<p data-start=\"143\" data-end=\"472\">Piercing em <strong data-start=\"155\" data-end=\"177\">Prata 925 leg\u00edtima<\/strong>, no modelo cl\u00e1ssico de <strong data-start=\"201\" data-end=\"217\">ponto de luz<\/strong>, com pedra de <strong data-start=\"232\" data-end=\"259\">zirc\u00f4nia cristal de 2mm<\/strong>, que reflete brilho intenso de forma delicada e discreta. Uma joia minimalista e elegante, perfeita para quem busca um acess\u00f3rio vers\u00e1til, ideal para o dia a dia ou para compor combina\u00e7\u00f5es com outros piercings.<\/p>\n<p data-start=\"474\" data-end=\"612\">A prata 925 \u00e9 hipoalerg\u00eanica e possui <strong data-start=\"512\" data-end=\"534\">garantia vital\u00edcia<\/strong>, reconhecida por sua resist\u00eancia, durabilidade e excelente custo-benef\u00edcio.<\/p>\n<hr data-start=\"614\" data-end=\"617\">\n<h3 data-start=\"619\" data-end=\"651\">Especifica\u00e7\u00f5es do produto:<\/h3>\n<ul data-start=\"652\" data-end=\"877\">\n<li data-start=\"652\" data-end=\"698\">\n<p data-start=\"654\" data-end=\"698\"><strong data-start=\"654\" data-end=\"665\">Modelo:<\/strong> Piercing de Nariz Ponto de Luz<\/p>\n<\/li>\n<li data-start=\"699\" data-end=\"728\">\n<p data-start=\"701\" data-end=\"728\"><strong data-start=\"701\" data-end=\"722\">Tamanho da Pedra:<\/strong> 2mm<\/p>\n<\/li>\n<li data-start=\"729\" data-end=\"777\">\n<p data-start=\"731\" data-end=\"777\"><strong data-start=\"731\" data-end=\"741\">Pedra:<\/strong> Zirc\u00f4nia cristal em corte redondo<\/p>\n<\/li>\n<li data-start=\"778\" data-end=\"814\">\n<p data-start=\"780\" data-end=\"814\"><strong data-start=\"780\" data-end=\"793\">Material:<\/strong> Prata 925 leg\u00edtima<\/p>\n<\/li>\n<li data-start=\"815\" data-end=\"851\">\n<p data-start=\"817\" data-end=\"851\"><strong data-start=\"817\" data-end=\"832\">Acabamento:<\/strong> Polido brilhante<\/p>\n<\/li>\n<li data-start=\"852\" data-end=\"877\">\n<p data-start=\"854\" data-end=\"877\"><strong data-start=\"854\" data-end=\"863\">Peso:<\/strong> Aprox. 0,5g<\/p>\n<\/li>\n<\/ul>\n<hr data-start=\"879\" data-end=\"882\">\n<h3 data-start=\"884\" data-end=\"899\">Garantia:<\/h3>\n<p data-start=\"900\" data-end=\"1168\">Todos os piercings em <strong data-start=\"922\" data-end=\"935\">Prata 925<\/strong> acompanham <strong data-start=\"947\" data-end=\"991\">Certificado de Garantia de Autenticidade<\/strong>, assegurando a <strong data-start=\"1007\" data-end=\"1025\">dura\u00e7\u00e3o eterna<\/strong> do material. Diferente das bijuterias, pe\u00e7as em Prata 925 preservam brilho, valor e sofistica\u00e7\u00e3o por toda a vida, assim como o <strong data-start=\"1153\" data-end=\"1165\">Ouro 18k<\/strong>.<\/p>","protected":false},"excerpt":{"rendered":"<p>Detalhes do Produto: Piercing em Prata 925 leg\u00edtima, no modelo cl\u00e1ssico de ponto de luz, com pedra de zirc\u00f4nia cristal de 2mm, que reflete brilho&#8230;<\/p>","protected":false},"featured_media":5308,"comment_status":"open","ping_status":"closed","template":"","meta":[],"etheme_brands":[],"product_brand":[],"product_cat":[115,96],"product_tag":[133],"class_list":{"0":"post-5309","1":"product","2":"type-product","3":"status-publish","4":"has-post-thumbnail","6":"product_cat-categoriapiercingspiercing-de-orelha","7":"product_cat-categoriapiercings","8":"product_tag-uze-pratas","10":"first","11":"outofstock","12":"shipping-taxable","13":"purchasable","14":"product-type-simple"},"_links":{"self":[{"href":"https:\/\/agenciausphot.com\/uze\/en\/wp-json\/wp\/v2\/product\/5309","targetHints":{"allow":["GET"]}}],"collection":[{"href":"https:\/\/agenciausphot.com\/uze\/en\/wp-json\/wp\/v2\/product"}],"about":[{"href":"https:\/\/agenciausphot.com\/uze\/en\/wp-json\/wp\/v2\/types\/product"}],"replies":[{"embeddable":true,"href":"https:\/\/agenciausphot.com\/uze\/en\/wp-json\/wp\/v2\/comments?post=5309"}],"version-history":[{"count":1,"href":"https:\/\/agenciausphot.com\/uze\/en\/wp-json\/wp\/v2\/product\/5309\/revisions"}],"predecessor-version":[{"id":6114,"href":"https:\/\/agenciausphot.com\/uze\/en\/wp-json\/wp\/v2\/product\/5309\/revisions\/6114"}],"wp:featuredmedia":[{"embeddable":true,"href":"https:\/\/agenciausphot.com\/uze\/en\/wp-json\/wp\/v2\/media\/5308"}],"wp:attachment":[{"href":"https:\/\/agenciausphot.com\/uze\/en\/wp-json\/wp\/v2\/media?parent=5309"}],"wp:term":[{"taxonomy":"brand","embeddable":true,"href":"https:\/\/agenciausphot.com\/uze\/en\/wp-json\/wp\/v2\/etheme_brands?post=5309"},{"taxonomy":"product_brand","embeddable":true,"href":"https:\/\/agenciausphot.com\/uze\/en\/wp-json\/wp\/v2\/product_brand?post=5309"},{"taxonomy":"product_cat","embeddable":true,"href":"https:\/\/agenciausphot.com\/uze\/en\/wp-json\/wp\/v2\/product_cat?post=5309"},{"taxonomy":"product_tag","embeddable":true,"href":"https:\/\/agenciausphot.com\/uze\/en\/wp-json\/wp\/v2\/product_tag?post=5309"}],"curies":[{"name":"wp","href":"https:\/\/api.w.org\/{rel}","templated":true}]}}