{"id":5305,"date":"2025-10-29T13:10:00","date_gmt":"2025-10-29T13:10:00","guid":{"rendered":"https:\/\/agenciausphot.com\/uze\/produto\/relogio-casio-mini-preto\/"},"modified":"2025-11-04T20:37:44","modified_gmt":"2025-11-04T20:37:44","slug":"relogio-casio-mini-preto","status":"publish","type":"product","link":"https:\/\/agenciausphot.com\/uze\/en\/product\/relogio-casio-mini-preto\/","title":{"rendered":"Rel\u00f3gio Casio mini preto"},"content":{"rendered":"<h3 data-start=\"93\" data-end=\"119\">Detalhes do Produto:<\/h3>\n<p data-start=\"120\" data-end=\"457\">O <strong data-start=\"122\" data-end=\"150\">Rel\u00f3gio Casio Mini Preto<\/strong> \u00e9 um cl\u00e1ssico atemporal, conhecido por seu design compacto e elegante. Com caixa pequena e pulseira em <strong data-start=\"254\" data-end=\"270\">resina preta<\/strong>, combina praticidade, conforto e estilo minimalista. Ideal para o dia a dia, \u00e9 leve, discreto e vers\u00e1til, perfeito para quem busca um acess\u00f3rio funcional sem abrir m\u00e3o da sofistica\u00e7\u00e3o.<\/p>\n<hr data-start=\"459\" data-end=\"462\">\n<h3 data-start=\"464\" data-end=\"496\">Especifica\u00e7\u00f5es do produto:<\/h3>\n<ul data-start=\"497\" data-end=\"840\">\n<li data-start=\"497\" data-end=\"546\">\n<p data-start=\"499\" data-end=\"546\"><strong data-start=\"499\" data-end=\"510\">Modelo:<\/strong> Casio Mini Preto (cl\u00e1ssico retr\u00f4)<\/p>\n<\/li>\n<li data-start=\"547\" data-end=\"586\">\n<p data-start=\"549\" data-end=\"586\"><strong data-start=\"549\" data-end=\"559\">Caixa:<\/strong> Resina preta, resistente<\/p>\n<\/li>\n<li data-start=\"587\" data-end=\"627\">\n<p data-start=\"589\" data-end=\"627\"><strong data-start=\"589\" data-end=\"602\">Pulseira:<\/strong> Resina preta ajust\u00e1vel<\/p>\n<\/li>\n<li data-start=\"628\" data-end=\"666\">\n<p data-start=\"630\" data-end=\"666\"><strong data-start=\"630\" data-end=\"640\">Visor:<\/strong> Digital com fundo claro<\/p>\n<\/li>\n<li data-start=\"667\" data-end=\"720\">\n<p data-start=\"669\" data-end=\"720\"><strong data-start=\"669\" data-end=\"681\">Fun\u00e7\u00f5es:<\/strong> Hora, calend\u00e1rio, alarme, cron\u00f4metro<\/p>\n<\/li>\n<li data-start=\"721\" data-end=\"779\">\n<p data-start=\"723\" data-end=\"779\"><strong data-start=\"723\" data-end=\"746\">Resist\u00eancia \u00e0 \u00e1gua:<\/strong> Simples (respingos e uso leve)<\/p>\n<\/li>\n<li data-start=\"780\" data-end=\"815\">\n<p data-start=\"782\" data-end=\"815\"><strong data-start=\"782\" data-end=\"794\">Tamanho:<\/strong> Mini (aprox. 30mm)<\/p>\n<\/li>\n<li data-start=\"816\" data-end=\"840\">\n<p data-start=\"818\" data-end=\"840\"><strong data-start=\"818\" data-end=\"827\">Peso:<\/strong> Aprox. 20g<\/p>\n<\/li>\n<\/ul>\n<hr data-start=\"842\" data-end=\"845\">\n<h3 data-start=\"847\" data-end=\"866\">Diferenciais:<\/h3>\n<p data-start=\"867\" data-end=\"1043\">\u2714\ufe0f Design retr\u00f4 ic\u00f4nico da Casio<br data-start=\"899\" data-end=\"902\"><br \/>\n\u2714\ufe0f Leve e confort\u00e1vel para uso di\u00e1rio<br data-start=\"939\" data-end=\"942\"><br \/>\n\u2714\ufe0f Compacto, ideal para pulsos finos<br data-start=\"978\" data-end=\"981\"><br \/>\n\u2714\ufe0f Funcionalidades pr\u00e1ticas (alarme, cron\u00f4metro, calend\u00e1rio)<\/p>","protected":false},"excerpt":{"rendered":"<p>Detalhes do Produto: O Rel\u00f3gio Casio Mini Preto \u00e9 um cl\u00e1ssico atemporal, conhecido por seu design compacto e elegante. Com caixa pequena e pulseira em&#8230;<\/p>","protected":false},"featured_media":5304,"comment_status":"open","ping_status":"closed","template":"","meta":[],"etheme_brands":[],"product_brand":[],"product_cat":[121],"product_tag":[131],"class_list":{"0":"post-5305","1":"product","2":"type-product","3":"status-publish","4":"has-post-thumbnail","6":"product_cat-categoriarelgios","7":"product_tag-casio","9":"first","10":"instock","11":"shipping-taxable","12":"purchasable","13":"product-type-simple"},"_links":{"self":[{"href":"https:\/\/agenciausphot.com\/uze\/en\/wp-json\/wp\/v2\/product\/5305","targetHints":{"allow":["GET"]}}],"collection":[{"href":"https:\/\/agenciausphot.com\/uze\/en\/wp-json\/wp\/v2\/product"}],"about":[{"href":"https:\/\/agenciausphot.com\/uze\/en\/wp-json\/wp\/v2\/types\/product"}],"replies":[{"embeddable":true,"href":"https:\/\/agenciausphot.com\/uze\/en\/wp-json\/wp\/v2\/comments?post=5305"}],"version-history":[{"count":1,"href":"https:\/\/agenciausphot.com\/uze\/en\/wp-json\/wp\/v2\/product\/5305\/revisions"}],"predecessor-version":[{"id":6112,"href":"https:\/\/agenciausphot.com\/uze\/en\/wp-json\/wp\/v2\/product\/5305\/revisions\/6112"}],"wp:featuredmedia":[{"embeddable":true,"href":"https:\/\/agenciausphot.com\/uze\/en\/wp-json\/wp\/v2\/media\/5304"}],"wp:attachment":[{"href":"https:\/\/agenciausphot.com\/uze\/en\/wp-json\/wp\/v2\/media?parent=5305"}],"wp:term":[{"taxonomy":"brand","embeddable":true,"href":"https:\/\/agenciausphot.com\/uze\/en\/wp-json\/wp\/v2\/etheme_brands?post=5305"},{"taxonomy":"product_brand","embeddable":true,"href":"https:\/\/agenciausphot.com\/uze\/en\/wp-json\/wp\/v2\/product_brand?post=5305"},{"taxonomy":"product_cat","embeddable":true,"href":"https:\/\/agenciausphot.com\/uze\/en\/wp-json\/wp\/v2\/product_cat?post=5305"},{"taxonomy":"product_tag","embeddable":true,"href":"https:\/\/agenciausphot.com\/uze\/en\/wp-json\/wp\/v2\/product_tag?post=5305"}],"curies":[{"name":"wp","href":"https:\/\/api.w.org\/{rel}","templated":true}]}}