{"id":5299,"date":"2025-10-29T13:09:55","date_gmt":"2025-10-29T13:09:55","guid":{"rendered":"https:\/\/agenciausphot.com\/uze\/produto\/oculos-de-sol-quim-2-0-preto\/"},"modified":"2025-11-04T20:37:42","modified_gmt":"2025-11-04T20:37:42","slug":"oculos-de-sol-quim-2-0-preto","status":"publish","type":"product","link":"https:\/\/agenciausphot.com\/uze\/en\/product\/oculos-de-sol-quim-2-0-preto\/","title":{"rendered":"\u00d3culos de sol quim 2.0 preto"},"content":{"rendered":"<h3 data-start=\"98\" data-end=\"124\">Detalhes do Produto:<\/h3>\n<p data-start=\"125\" data-end=\"509\">O <strong data-start=\"127\" data-end=\"159\">\u00d3culos de Sol Quim 2.0 Preto<\/strong> traz um design moderno e robusto, perfeito para quem busca presen\u00e7a e estilo marcante. Sua arma\u00e7\u00e3o em <strong data-start=\"262\" data-end=\"286\">acetato preto polido<\/strong> garante resist\u00eancia e eleg\u00e2ncia, enquanto as lentes escuras oferecem prote\u00e7\u00e3o total contra os raios solares. Um modelo vers\u00e1til e sofisticado, ideal para compor desde produ\u00e7\u00f5es casuais at\u00e9 looks mais estilosos e urbanos.<\/p>\n<hr data-start=\"511\" data-end=\"514\">\n<h3 data-start=\"516\" data-end=\"548\">Especifica\u00e7\u00f5es do produto:<\/h3>\n<ul data-start=\"549\" data-end=\"851\">\n<li data-start=\"549\" data-end=\"579\">\n<p data-start=\"551\" data-end=\"579\"><strong data-start=\"551\" data-end=\"562\">Modelo:<\/strong> Quim 2.0 Preto<\/p>\n<\/li>\n<li data-start=\"580\" data-end=\"621\">\n<p data-start=\"582\" data-end=\"621\"><strong data-start=\"582\" data-end=\"594\">Arma\u00e7\u00e3o:<\/strong> Acetato preto resistente<\/p>\n<\/li>\n<li data-start=\"622\" data-end=\"677\">\n<p data-start=\"624\" data-end=\"677\"><strong data-start=\"624\" data-end=\"636\">Formato:<\/strong> Quadrado\/oversized (forte e imponente)<\/p>\n<\/li>\n<li data-start=\"678\" data-end=\"714\">\n<p data-start=\"680\" data-end=\"714\"><strong data-start=\"680\" data-end=\"691\">Lentes:<\/strong> Prote\u00e7\u00e3o UV400 total<\/p>\n<\/li>\n<li data-start=\"715\" data-end=\"785\">\n<p data-start=\"717\" data-end=\"785\"><strong data-start=\"717\" data-end=\"736\">Cor das Lentes:<\/strong> Pretas ou fum\u00ea escuro (varia\u00e7\u00e3o conforme lote)<\/p>\n<\/li>\n<li data-start=\"786\" data-end=\"826\">\n<p data-start=\"788\" data-end=\"826\"><strong data-start=\"788\" data-end=\"800\">Tamanho:<\/strong> Adulto (design unissex)<\/p>\n<\/li>\n<li data-start=\"827\" data-end=\"851\">\n<p data-start=\"829\" data-end=\"851\"><strong data-start=\"829\" data-end=\"838\">Peso:<\/strong> Aprox. 28g<\/p>\n<\/li>\n<\/ul>\n<hr data-start=\"853\" data-end=\"856\">\n<h3 data-start=\"858\" data-end=\"877\">Diferenciais:<\/h3>\n<p data-start=\"878\" data-end=\"1036\">\u2714\ufe0f Estilo robusto e sofisticado<br data-start=\"909\" data-end=\"912\"><br \/>\n\u2714\ufe0f Arma\u00e7\u00e3o de alta durabilidade<br data-start=\"943\" data-end=\"946\"><br \/>\n\u2714\ufe0f Prote\u00e7\u00e3o UV400 contra raios UVA e UVB<br data-start=\"986\" data-end=\"989\"><br \/>\n\u2714\ufe0f Visual moderno para destacar qualquer look<\/p>","protected":false},"excerpt":{"rendered":"<p>Detalhes do Produto: O \u00d3culos de Sol Quim 2.0 Preto traz um design moderno e robusto, perfeito para quem busca presen\u00e7a e estilo marcante. Sua&#8230;<\/p>","protected":false},"featured_media":5296,"comment_status":"open","ping_status":"closed","template":"","meta":[],"etheme_brands":[],"product_brand":[],"product_cat":[125,124],"product_tag":[133],"class_list":{"0":"post-5299","1":"product","2":"type-product","3":"status-publish","4":"has-post-thumbnail","6":"product_cat-categoriaculosculos-masculino","7":"product_cat-categoriaculos","8":"product_tag-uze-pratas","10":"first","11":"instock","12":"shipping-taxable","13":"purchasable","14":"product-type-simple"},"_links":{"self":[{"href":"https:\/\/agenciausphot.com\/uze\/en\/wp-json\/wp\/v2\/product\/5299","targetHints":{"allow":["GET"]}}],"collection":[{"href":"https:\/\/agenciausphot.com\/uze\/en\/wp-json\/wp\/v2\/product"}],"about":[{"href":"https:\/\/agenciausphot.com\/uze\/en\/wp-json\/wp\/v2\/types\/product"}],"replies":[{"embeddable":true,"href":"https:\/\/agenciausphot.com\/uze\/en\/wp-json\/wp\/v2\/comments?post=5299"}],"version-history":[{"count":1,"href":"https:\/\/agenciausphot.com\/uze\/en\/wp-json\/wp\/v2\/product\/5299\/revisions"}],"predecessor-version":[{"id":6110,"href":"https:\/\/agenciausphot.com\/uze\/en\/wp-json\/wp\/v2\/product\/5299\/revisions\/6110"}],"wp:featuredmedia":[{"embeddable":true,"href":"https:\/\/agenciausphot.com\/uze\/en\/wp-json\/wp\/v2\/media\/5296"}],"wp:attachment":[{"href":"https:\/\/agenciausphot.com\/uze\/en\/wp-json\/wp\/v2\/media?parent=5299"}],"wp:term":[{"taxonomy":"brand","embeddable":true,"href":"https:\/\/agenciausphot.com\/uze\/en\/wp-json\/wp\/v2\/etheme_brands?post=5299"},{"taxonomy":"product_brand","embeddable":true,"href":"https:\/\/agenciausphot.com\/uze\/en\/wp-json\/wp\/v2\/product_brand?post=5299"},{"taxonomy":"product_cat","embeddable":true,"href":"https:\/\/agenciausphot.com\/uze\/en\/wp-json\/wp\/v2\/product_cat?post=5299"},{"taxonomy":"product_tag","embeddable":true,"href":"https:\/\/agenciausphot.com\/uze\/en\/wp-json\/wp\/v2\/product_tag?post=5299"}],"curies":[{"name":"wp","href":"https:\/\/api.w.org\/{rel}","templated":true}]}}