{"id":5291,"date":"2025-10-29T13:09:47","date_gmt":"2025-10-29T13:09:47","guid":{"rendered":"https:\/\/agenciausphot.com\/uze\/produto\/oculos-de-sol-heitor-prata\/"},"modified":"2025-11-04T20:37:41","modified_gmt":"2025-11-04T20:37:41","slug":"oculos-de-sol-heitor-prata","status":"publish","type":"product","link":"https:\/\/agenciausphot.com\/uze\/en\/product\/oculos-de-sol-heitor-prata\/","title":{"rendered":"\u00d3culos de sol heitor prata"},"content":{"rendered":"<h3 data-start=\"95\" data-end=\"121\">Detalhes do Produto:<\/h3>\n<p data-start=\"122\" data-end=\"477\">O <strong data-start=\"124\" data-end=\"154\">\u00d3culos de Sol Heitor Prata<\/strong> une sofistica\u00e7\u00e3o e modernidade em um design atemporal. Sua arma\u00e7\u00e3o met\u00e1lica em tom <strong data-start=\"238\" data-end=\"250\">prateado<\/strong> transmite eleg\u00e2ncia e versatilidade, enquanto as lentes escuras garantem prote\u00e7\u00e3o total contra os raios solares. Um modelo refinado, ideal para quem busca estilo discreto, mas marcante, no dia a dia ou em ocasi\u00f5es especiais.<\/p>\n<hr data-start=\"479\" data-end=\"482\">\n<h3 data-start=\"484\" data-end=\"516\">Especifica\u00e7\u00f5es do produto:<\/h3>\n<ul data-start=\"517\" data-end=\"813\">\n<li data-start=\"517\" data-end=\"545\">\n<p data-start=\"519\" data-end=\"545\"><strong data-start=\"519\" data-end=\"530\">Modelo:<\/strong> Heitor Prata<\/p>\n<\/li>\n<li data-start=\"546\" data-end=\"588\">\n<p data-start=\"548\" data-end=\"588\"><strong data-start=\"548\" data-end=\"560\">Arma\u00e7\u00e3o:<\/strong> Metal prateado resistente<\/p>\n<\/li>\n<li data-start=\"589\" data-end=\"643\">\n<p data-start=\"591\" data-end=\"643\"><strong data-start=\"591\" data-end=\"603\">Formato:<\/strong> Retangular slim (cl\u00e1ssico e elegante)<\/p>\n<\/li>\n<li data-start=\"644\" data-end=\"680\">\n<p data-start=\"646\" data-end=\"680\"><strong data-start=\"646\" data-end=\"657\">Lentes:<\/strong> Prote\u00e7\u00e3o UV400 total<\/p>\n<\/li>\n<li data-start=\"681\" data-end=\"747\">\n<p data-start=\"683\" data-end=\"747\"><strong data-start=\"683\" data-end=\"702\">Cor das Lentes:<\/strong> Preto\/fum\u00ea escuro (varia\u00e7\u00e3o conforme lote)<\/p>\n<\/li>\n<li data-start=\"748\" data-end=\"788\">\n<p data-start=\"750\" data-end=\"788\"><strong data-start=\"750\" data-end=\"762\">Tamanho:<\/strong> Adulto (design unissex)<\/p>\n<\/li>\n<li data-start=\"789\" data-end=\"813\">\n<p data-start=\"791\" data-end=\"813\"><strong data-start=\"791\" data-end=\"800\">Peso:<\/strong> Aprox. 26g<\/p>\n<\/li>\n<\/ul>\n<hr data-start=\"815\" data-end=\"818\">\n<h3 data-start=\"820\" data-end=\"839\">Diferenciais:<\/h3>\n<p data-start=\"840\" data-end=\"1007\">\u2714\ufe0f Arma\u00e7\u00e3o met\u00e1lica prateada elegante<br data-start=\"877\" data-end=\"880\"><br \/>\n\u2714\ufe0f Design slim atemporal<br data-start=\"904\" data-end=\"907\"><br \/>\n\u2714\ufe0f Prote\u00e7\u00e3o UV400 contra raios UVA e UVB<br data-start=\"947\" data-end=\"950\"><br \/>\n\u2714\ufe0f Estilo vers\u00e1til, combina com looks sociais e casuais<\/p>","protected":false},"excerpt":{"rendered":"<p>Detalhes do Produto: O \u00d3culos de Sol Heitor Prata une sofistica\u00e7\u00e3o e modernidade em um design atemporal. Sua arma\u00e7\u00e3o met\u00e1lica em tom prateado transmite eleg\u00e2ncia&#8230;<\/p>","protected":false},"featured_media":5288,"comment_status":"open","ping_status":"closed","template":"","meta":[],"etheme_brands":[],"product_brand":[],"product_cat":[124],"product_tag":[133],"class_list":{"0":"post-5291","1":"product","2":"type-product","3":"status-publish","4":"has-post-thumbnail","6":"product_cat-categoriaculos","7":"product_tag-uze-pratas","9":"first","10":"instock","11":"shipping-taxable","12":"purchasable","13":"product-type-simple"},"_links":{"self":[{"href":"https:\/\/agenciausphot.com\/uze\/en\/wp-json\/wp\/v2\/product\/5291","targetHints":{"allow":["GET"]}}],"collection":[{"href":"https:\/\/agenciausphot.com\/uze\/en\/wp-json\/wp\/v2\/product"}],"about":[{"href":"https:\/\/agenciausphot.com\/uze\/en\/wp-json\/wp\/v2\/types\/product"}],"replies":[{"embeddable":true,"href":"https:\/\/agenciausphot.com\/uze\/en\/wp-json\/wp\/v2\/comments?post=5291"}],"version-history":[{"count":1,"href":"https:\/\/agenciausphot.com\/uze\/en\/wp-json\/wp\/v2\/product\/5291\/revisions"}],"predecessor-version":[{"id":6108,"href":"https:\/\/agenciausphot.com\/uze\/en\/wp-json\/wp\/v2\/product\/5291\/revisions\/6108"}],"wp:featuredmedia":[{"embeddable":true,"href":"https:\/\/agenciausphot.com\/uze\/en\/wp-json\/wp\/v2\/media\/5288"}],"wp:attachment":[{"href":"https:\/\/agenciausphot.com\/uze\/en\/wp-json\/wp\/v2\/media?parent=5291"}],"wp:term":[{"taxonomy":"brand","embeddable":true,"href":"https:\/\/agenciausphot.com\/uze\/en\/wp-json\/wp\/v2\/etheme_brands?post=5291"},{"taxonomy":"product_brand","embeddable":true,"href":"https:\/\/agenciausphot.com\/uze\/en\/wp-json\/wp\/v2\/product_brand?post=5291"},{"taxonomy":"product_cat","embeddable":true,"href":"https:\/\/agenciausphot.com\/uze\/en\/wp-json\/wp\/v2\/product_cat?post=5291"},{"taxonomy":"product_tag","embeddable":true,"href":"https:\/\/agenciausphot.com\/uze\/en\/wp-json\/wp\/v2\/product_tag?post=5291"}],"curies":[{"name":"wp","href":"https:\/\/api.w.org\/{rel}","templated":true}]}}