{"id":5287,"date":"2025-10-29T13:09:43","date_gmt":"2025-10-29T13:09:43","guid":{"rendered":"https:\/\/agenciausphot.com\/uze\/produto\/oculos-de-sol-asher-c2\/"},"modified":"2025-11-04T20:37:40","modified_gmt":"2025-11-04T20:37:40","slug":"oculos-de-sol-asher-c2","status":"publish","type":"product","link":"https:\/\/agenciausphot.com\/uze\/en\/product\/oculos-de-sol-asher-c2\/","title":{"rendered":"\u00d3culos de sol asher c2"},"content":{"rendered":"<h3 data-start=\"91\" data-end=\"117\">Detalhes do Produto:<\/h3>\n<p data-start=\"118\" data-end=\"491\">O <strong data-start=\"120\" data-end=\"146\">\u00d3culos de Sol Asher C2<\/strong> \u00e9 a vers\u00e3o moderna e estilosa do modelo cl\u00e1ssico, com <strong data-start=\"201\" data-end=\"233\">arma\u00e7\u00e3o transparente (clear)<\/strong> que transmite leveza e autenticidade. Perfeito para quem gosta de acess\u00f3rios fashion e diferenciados, ele combina conforto, versatilidade e prote\u00e7\u00e3o. Suas lentes escuras oferecem seguran\u00e7a contra os raios solares, garantindo um visual sofisticado e atual.<\/p>\n<hr data-start=\"493\" data-end=\"496\">\n<h3 data-start=\"498\" data-end=\"530\">Especifica\u00e7\u00f5es do produto:<\/h3>\n<ul data-start=\"531\" data-end=\"838\">\n<li data-start=\"531\" data-end=\"555\">\n<p data-start=\"533\" data-end=\"555\"><strong data-start=\"533\" data-end=\"544\">Modelo:<\/strong> Asher C2<\/p>\n<\/li>\n<li data-start=\"556\" data-end=\"601\">\n<p data-start=\"558\" data-end=\"601\"><strong data-start=\"558\" data-end=\"570\">Arma\u00e7\u00e3o:<\/strong> Acetato transparente (clear)<\/p>\n<\/li>\n<li data-start=\"602\" data-end=\"665\">\n<p data-start=\"604\" data-end=\"665\"><strong data-start=\"604\" data-end=\"616\">Formato:<\/strong> Retangular slim (design moderno e minimalista)<\/p>\n<\/li>\n<li data-start=\"666\" data-end=\"702\">\n<p data-start=\"668\" data-end=\"702\"><strong data-start=\"668\" data-end=\"679\">Lentes:<\/strong> Prote\u00e7\u00e3o UV400 total<\/p>\n<\/li>\n<li data-start=\"703\" data-end=\"772\">\n<p data-start=\"705\" data-end=\"772\"><strong data-start=\"705\" data-end=\"724\">Cor das Lentes:<\/strong> Preto ou fum\u00ea escuro (varia\u00e7\u00e3o conforme lote)<\/p>\n<\/li>\n<li data-start=\"773\" data-end=\"813\">\n<p data-start=\"775\" data-end=\"813\"><strong data-start=\"775\" data-end=\"787\">Tamanho:<\/strong> Adulto (design unissex)<\/p>\n<\/li>\n<li data-start=\"814\" data-end=\"838\">\n<p data-start=\"816\" data-end=\"838\"><strong data-start=\"816\" data-end=\"825\">Peso:<\/strong> Aprox. 24g<\/p>\n<\/li>\n<\/ul>\n<hr data-start=\"840\" data-end=\"843\">\n<h3 data-start=\"845\" data-end=\"864\">Diferenciais:<\/h3>\n<p data-start=\"865\" data-end=\"1042\">\u2714\ufe0f Arma\u00e7\u00e3o transparente em alta tend\u00eancia<br data-start=\"906\" data-end=\"909\"><br \/>\n\u2714\ufe0f Estilo slim discreto e sofisticado<br data-start=\"946\" data-end=\"949\"><br \/>\n\u2714\ufe0f Prote\u00e7\u00e3o UV400 contra raios UVA e UVB<br data-start=\"989\" data-end=\"992\"><br \/>\n\u2714\ufe0f Vers\u00e1til, combina com looks casuais e urbanos<\/p>","protected":false},"excerpt":{"rendered":"<p>Detalhes do Produto: O \u00d3culos de Sol Asher C2 \u00e9 a vers\u00e3o moderna e estilosa do modelo cl\u00e1ssico, com arma\u00e7\u00e3o transparente (clear) que transmite leveza&#8230;<\/p>","protected":false},"featured_media":5284,"comment_status":"open","ping_status":"closed","template":"","meta":[],"etheme_brands":[],"product_brand":[],"product_cat":[126,124],"product_tag":[133],"class_list":{"0":"post-5287","1":"product","2":"type-product","3":"status-publish","4":"has-post-thumbnail","6":"product_cat-categoriaculosculos-feminino","7":"product_cat-categoriaculos","8":"product_tag-uze-pratas","10":"first","11":"instock","12":"shipping-taxable","13":"purchasable","14":"product-type-simple"},"_links":{"self":[{"href":"https:\/\/agenciausphot.com\/uze\/en\/wp-json\/wp\/v2\/product\/5287","targetHints":{"allow":["GET"]}}],"collection":[{"href":"https:\/\/agenciausphot.com\/uze\/en\/wp-json\/wp\/v2\/product"}],"about":[{"href":"https:\/\/agenciausphot.com\/uze\/en\/wp-json\/wp\/v2\/types\/product"}],"replies":[{"embeddable":true,"href":"https:\/\/agenciausphot.com\/uze\/en\/wp-json\/wp\/v2\/comments?post=5287"}],"version-history":[{"count":1,"href":"https:\/\/agenciausphot.com\/uze\/en\/wp-json\/wp\/v2\/product\/5287\/revisions"}],"predecessor-version":[{"id":6107,"href":"https:\/\/agenciausphot.com\/uze\/en\/wp-json\/wp\/v2\/product\/5287\/revisions\/6107"}],"wp:featuredmedia":[{"embeddable":true,"href":"https:\/\/agenciausphot.com\/uze\/en\/wp-json\/wp\/v2\/media\/5284"}],"wp:attachment":[{"href":"https:\/\/agenciausphot.com\/uze\/en\/wp-json\/wp\/v2\/media?parent=5287"}],"wp:term":[{"taxonomy":"brand","embeddable":true,"href":"https:\/\/agenciausphot.com\/uze\/en\/wp-json\/wp\/v2\/etheme_brands?post=5287"},{"taxonomy":"product_brand","embeddable":true,"href":"https:\/\/agenciausphot.com\/uze\/en\/wp-json\/wp\/v2\/product_brand?post=5287"},{"taxonomy":"product_cat","embeddable":true,"href":"https:\/\/agenciausphot.com\/uze\/en\/wp-json\/wp\/v2\/product_cat?post=5287"},{"taxonomy":"product_tag","embeddable":true,"href":"https:\/\/agenciausphot.com\/uze\/en\/wp-json\/wp\/v2\/product_tag?post=5287"}],"curies":[{"name":"wp","href":"https:\/\/api.w.org\/{rel}","templated":true}]}}