{"id":5283,"date":"2025-10-29T13:09:39","date_gmt":"2025-10-29T13:09:39","guid":{"rendered":"https:\/\/agenciausphot.com\/uze\/produto\/oculos-de-sol-asher-c1\/"},"modified":"2025-11-04T20:37:39","modified_gmt":"2025-11-04T20:37:39","slug":"oculos-de-sol-asher-c1","status":"publish","type":"product","link":"https:\/\/agenciausphot.com\/uze\/en\/product\/oculos-de-sol-asher-c1\/","title":{"rendered":"\u00d3culos de sol asher c1"},"content":{"rendered":"<h3 data-start=\"91\" data-end=\"117\">Detalhes do Produto:<\/h3>\n<p data-start=\"118\" data-end=\"458\">O <strong data-start=\"120\" data-end=\"146\">\u00d3culos de Sol Asher C1<\/strong> combina estilo contempor\u00e2neo com praticidade. Sua arma\u00e7\u00e3o leve e resistente proporciona conforto durante o uso, enquanto o design minimalista transmite eleg\u00e2ncia e versatilidade. As lentes escuras garantem prote\u00e7\u00e3o completa contra os raios solares, tornando-o ideal para o dia a dia e para ocasi\u00f5es especiais.<\/p>\n<hr data-start=\"460\" data-end=\"463\">\n<h3 data-start=\"465\" data-end=\"497\">Especifica\u00e7\u00f5es do produto:<\/h3>\n<ul data-start=\"498\" data-end=\"796\">\n<li data-start=\"498\" data-end=\"522\">\n<p data-start=\"500\" data-end=\"522\"><strong data-start=\"500\" data-end=\"511\">Modelo:<\/strong> Asher C1<\/p>\n<\/li>\n<li data-start=\"523\" data-end=\"569\">\n<p data-start=\"525\" data-end=\"569\"><strong data-start=\"525\" data-end=\"537\">Arma\u00e7\u00e3o:<\/strong> Acetato preto (C1 \u2013 cl\u00e1ssico)<\/p>\n<\/li>\n<li data-start=\"570\" data-end=\"623\">\n<p data-start=\"572\" data-end=\"623\"><strong data-start=\"572\" data-end=\"584\">Formato:<\/strong> Retangular slim (moderno e discreto)<\/p>\n<\/li>\n<li data-start=\"624\" data-end=\"660\">\n<p data-start=\"626\" data-end=\"660\"><strong data-start=\"626\" data-end=\"637\">Lentes:<\/strong> Prote\u00e7\u00e3o UV400 total<\/p>\n<\/li>\n<li data-start=\"661\" data-end=\"730\">\n<p data-start=\"663\" data-end=\"730\"><strong data-start=\"663\" data-end=\"682\">Cor das Lentes:<\/strong> Preto ou fum\u00ea escuro (varia\u00e7\u00e3o conforme lote)<\/p>\n<\/li>\n<li data-start=\"731\" data-end=\"771\">\n<p data-start=\"733\" data-end=\"771\"><strong data-start=\"733\" data-end=\"745\">Tamanho:<\/strong> Adulto (design unissex)<\/p>\n<\/li>\n<li data-start=\"772\" data-end=\"796\">\n<p data-start=\"774\" data-end=\"796\"><strong data-start=\"774\" data-end=\"783\">Peso:<\/strong> Aprox. 24g<\/p>\n<\/li>\n<\/ul>\n<hr data-start=\"798\" data-end=\"801\">\n<h3 data-start=\"803\" data-end=\"822\">Diferenciais:<\/h3>\n<p data-start=\"823\" data-end=\"978\">\u2714\ufe0f Arma\u00e7\u00e3o leve e confort\u00e1vel<br data-start=\"852\" data-end=\"855\"><br \/>\n\u2714\ufe0f Estilo slim discreto e elegante<br data-start=\"889\" data-end=\"892\"><br \/>\n\u2714\ufe0f Prote\u00e7\u00e3o UV400 contra raios UVA e UVB<br data-start=\"932\" data-end=\"935\"><br \/>\n\u2714\ufe0f Vers\u00e1til, combina com diferentes looks<\/p>","protected":false},"excerpt":{"rendered":"<p>Detalhes do Produto: O \u00d3culos de Sol Asher C1 combina estilo contempor\u00e2neo com praticidade. Sua arma\u00e7\u00e3o leve e resistente proporciona conforto durante o uso, enquanto&#8230;<\/p>","protected":false},"featured_media":5280,"comment_status":"open","ping_status":"closed","template":"","meta":[],"etheme_brands":[],"product_brand":[],"product_cat":[124],"product_tag":[133],"class_list":{"0":"post-5283","1":"product","2":"type-product","3":"status-publish","4":"has-post-thumbnail","6":"product_cat-categoriaculos","7":"product_tag-uze-pratas","9":"first","10":"instock","11":"shipping-taxable","12":"purchasable","13":"product-type-simple"},"_links":{"self":[{"href":"https:\/\/agenciausphot.com\/uze\/en\/wp-json\/wp\/v2\/product\/5283","targetHints":{"allow":["GET"]}}],"collection":[{"href":"https:\/\/agenciausphot.com\/uze\/en\/wp-json\/wp\/v2\/product"}],"about":[{"href":"https:\/\/agenciausphot.com\/uze\/en\/wp-json\/wp\/v2\/types\/product"}],"replies":[{"embeddable":true,"href":"https:\/\/agenciausphot.com\/uze\/en\/wp-json\/wp\/v2\/comments?post=5283"}],"version-history":[{"count":1,"href":"https:\/\/agenciausphot.com\/uze\/en\/wp-json\/wp\/v2\/product\/5283\/revisions"}],"predecessor-version":[{"id":6106,"href":"https:\/\/agenciausphot.com\/uze\/en\/wp-json\/wp\/v2\/product\/5283\/revisions\/6106"}],"wp:featuredmedia":[{"embeddable":true,"href":"https:\/\/agenciausphot.com\/uze\/en\/wp-json\/wp\/v2\/media\/5280"}],"wp:attachment":[{"href":"https:\/\/agenciausphot.com\/uze\/en\/wp-json\/wp\/v2\/media?parent=5283"}],"wp:term":[{"taxonomy":"brand","embeddable":true,"href":"https:\/\/agenciausphot.com\/uze\/en\/wp-json\/wp\/v2\/etheme_brands?post=5283"},{"taxonomy":"product_brand","embeddable":true,"href":"https:\/\/agenciausphot.com\/uze\/en\/wp-json\/wp\/v2\/product_brand?post=5283"},{"taxonomy":"product_cat","embeddable":true,"href":"https:\/\/agenciausphot.com\/uze\/en\/wp-json\/wp\/v2\/product_cat?post=5283"},{"taxonomy":"product_tag","embeddable":true,"href":"https:\/\/agenciausphot.com\/uze\/en\/wp-json\/wp\/v2\/product_tag?post=5283"}],"curies":[{"name":"wp","href":"https:\/\/api.w.org\/{rel}","templated":true}]}}