{"id":5275,"date":"2025-10-29T13:09:33","date_gmt":"2025-10-29T13:09:33","guid":{"rendered":"https:\/\/agenciausphot.com\/uze\/produto\/piercing-cruz-cravejado\/"},"modified":"2025-11-04T20:37:38","modified_gmt":"2025-11-04T20:37:38","slug":"piercing-cruz-cravejado","status":"publish","type":"product","link":"https:\/\/agenciausphot.com\/uze\/en\/product\/piercing-cruz-cravejado\/","title":{"rendered":"Piercing cruz cravejado"},"content":{"rendered":"<h3 data-start=\"105\" data-end=\"131\">Detalhes do Produto:<\/h3>\n<p data-start=\"132\" data-end=\"502\">Piercing em <strong data-start=\"144\" data-end=\"166\">Prata 925 leg\u00edtima<\/strong>, com delicado pingente em formato de <strong data-start=\"204\" data-end=\"244\">cruz cravejada com zirc\u00f4nias cristal<\/strong>, que refletem brilho intenso e sofisticado. Uma joia que une f\u00e9 e estilo, perfeita para destacar a orelha com eleg\u00e2ncia e significado. Pode ser usada sozinha para um visual minimalista ou combinada com outros piercings e brincos para composi\u00e7\u00f5es modernas.<\/p>\n<p data-start=\"504\" data-end=\"624\">As pratas 925 possuem <strong data-start=\"526\" data-end=\"548\">garantia vital\u00edcia<\/strong>, reconhecidas por sua resist\u00eancia, qualidade e excelente custo-benef\u00edcio.<\/p>\n<hr data-start=\"626\" data-end=\"629\">\n<h3 data-start=\"631\" data-end=\"663\">Especifica\u00e7\u00f5es do produto:<\/h3>\n<ul data-start=\"664\" data-end=\"926\">\n<li data-start=\"664\" data-end=\"703\">\n<p data-start=\"666\" data-end=\"703\"><strong data-start=\"666\" data-end=\"677\">Modelo:<\/strong> Piercing Cruz Cravejado<\/p>\n<\/li>\n<li data-start=\"704\" data-end=\"747\">\n<p data-start=\"706\" data-end=\"747\"><strong data-start=\"706\" data-end=\"718\">Formato:<\/strong> Cruz com zirc\u00f4nias cristal<\/p>\n<\/li>\n<li data-start=\"748\" data-end=\"784\">\n<p data-start=\"750\" data-end=\"784\"><strong data-start=\"750\" data-end=\"763\">Material:<\/strong> Prata 925 leg\u00edtima<\/p>\n<\/li>\n<li data-start=\"785\" data-end=\"833\">\n<p data-start=\"787\" data-end=\"833\"><strong data-start=\"787\" data-end=\"802\">Acabamento:<\/strong> Polido brilhante + cravejado<\/p>\n<\/li>\n<li data-start=\"834\" data-end=\"900\">\n<p data-start=\"836\" data-end=\"900\"><strong data-start=\"836\" data-end=\"846\">Fecho:<\/strong> Sistema click ou tarraxa (varia\u00e7\u00e3o conforme modelo)<\/p>\n<\/li>\n<li data-start=\"901\" data-end=\"926\">\n<p data-start=\"903\" data-end=\"926\"><strong data-start=\"903\" data-end=\"912\">Peso:<\/strong> Aprox. 1,4g<\/p>\n<\/li>\n<\/ul>\n<hr data-start=\"928\" data-end=\"931\">\n<h3 data-start=\"933\" data-end=\"948\">Garantia:<\/h3>\n<p data-start=\"949\" data-end=\"1217\">Todos os piercings em <strong data-start=\"971\" data-end=\"984\">Prata 925<\/strong> acompanham <strong data-start=\"996\" data-end=\"1040\">Certificado de Garantia de Autenticidade<\/strong>, assegurando a <strong data-start=\"1056\" data-end=\"1074\">dura\u00e7\u00e3o eterna<\/strong> do material. Diferente das bijuterias, pe\u00e7as em Prata 925 preservam brilho, valor e sofistica\u00e7\u00e3o por toda a vida, assim como o <strong data-start=\"1202\" data-end=\"1214\">Ouro 18k<\/strong>.<\/p>\n<hr data-start=\"1219\" data-end=\"1224\">\n<p data-start=\"1226\" data-end=\"1360\" data-is-last-node=\"\" data-is-only-node=\"\">","protected":false},"excerpt":{"rendered":"<p>Detalhes do Produto: Piercing em Prata 925 leg\u00edtima, com delicado pingente em formato de cruz cravejada com zirc\u00f4nias cristal, que refletem brilho intenso e sofisticado&#8230;.<\/p>","protected":false},"featured_media":5274,"comment_status":"open","ping_status":"closed","template":"","meta":[],"etheme_brands":[],"product_brand":[],"product_cat":[115,96],"product_tag":[133],"class_list":{"0":"post-5275","1":"product","2":"type-product","3":"status-publish","4":"has-post-thumbnail","6":"product_cat-categoriapiercingspiercing-de-orelha","7":"product_cat-categoriapiercings","8":"product_tag-uze-pratas","10":"first","11":"instock","12":"shipping-taxable","13":"purchasable","14":"product-type-simple"},"_links":{"self":[{"href":"https:\/\/agenciausphot.com\/uze\/en\/wp-json\/wp\/v2\/product\/5275","targetHints":{"allow":["GET"]}}],"collection":[{"href":"https:\/\/agenciausphot.com\/uze\/en\/wp-json\/wp\/v2\/product"}],"about":[{"href":"https:\/\/agenciausphot.com\/uze\/en\/wp-json\/wp\/v2\/types\/product"}],"replies":[{"embeddable":true,"href":"https:\/\/agenciausphot.com\/uze\/en\/wp-json\/wp\/v2\/comments?post=5275"}],"version-history":[{"count":1,"href":"https:\/\/agenciausphot.com\/uze\/en\/wp-json\/wp\/v2\/product\/5275\/revisions"}],"predecessor-version":[{"id":6104,"href":"https:\/\/agenciausphot.com\/uze\/en\/wp-json\/wp\/v2\/product\/5275\/revisions\/6104"}],"wp:featuredmedia":[{"embeddable":true,"href":"https:\/\/agenciausphot.com\/uze\/en\/wp-json\/wp\/v2\/media\/5274"}],"wp:attachment":[{"href":"https:\/\/agenciausphot.com\/uze\/en\/wp-json\/wp\/v2\/media?parent=5275"}],"wp:term":[{"taxonomy":"brand","embeddable":true,"href":"https:\/\/agenciausphot.com\/uze\/en\/wp-json\/wp\/v2\/etheme_brands?post=5275"},{"taxonomy":"product_brand","embeddable":true,"href":"https:\/\/agenciausphot.com\/uze\/en\/wp-json\/wp\/v2\/product_brand?post=5275"},{"taxonomy":"product_cat","embeddable":true,"href":"https:\/\/agenciausphot.com\/uze\/en\/wp-json\/wp\/v2\/product_cat?post=5275"},{"taxonomy":"product_tag","embeddable":true,"href":"https:\/\/agenciausphot.com\/uze\/en\/wp-json\/wp\/v2\/product_tag?post=5275"}],"curies":[{"name":"wp","href":"https:\/\/api.w.org\/{rel}","templated":true}]}}