{"id":5273,"date":"2025-10-29T13:09:31","date_gmt":"2025-10-29T13:09:31","guid":{"rendered":"https:\/\/agenciausphot.com\/uze\/produto\/oculos-de-sol-amy-2-0-clear\/"},"modified":"2025-11-04T20:37:37","modified_gmt":"2025-11-04T20:37:37","slug":"oculos-de-sol-amy-2-0-clear","status":"publish","type":"product","link":"https:\/\/agenciausphot.com\/uze\/en\/product\/oculos-de-sol-amy-2-0-clear\/","title":{"rendered":"\u00d3culos de sol amy 2.0 clear"},"content":{"rendered":"<h3 data-start=\"96\" data-end=\"122\">Detalhes do Produto:<\/h3>\n<p data-start=\"123\" data-end=\"504\">O <strong data-start=\"125\" data-end=\"142\">Amy 2.0 Clear<\/strong> \u00e9 um modelo de \u00f3culos de sol moderno e vers\u00e1til, que combina design minimalista com transpar\u00eancia elegante. Sua arma\u00e7\u00e3o em tom <strong data-start=\"270\" data-end=\"294\">clear (transparente)<\/strong> proporciona leveza visual, enquanto as lentes escuras garantem prote\u00e7\u00e3o completa contra os raios solares. Um acess\u00f3rio fashion e sofisticado, ideal para quem busca estilo e autenticidade em qualquer ocasi\u00e3o.<\/p>\n<hr data-start=\"506\" data-end=\"509\">\n<h3 data-start=\"511\" data-end=\"543\">Especifica\u00e7\u00f5es do produto:<\/h3>\n<ul data-start=\"544\" data-end=\"840\">\n<li data-start=\"544\" data-end=\"573\">\n<p data-start=\"546\" data-end=\"573\"><strong data-start=\"546\" data-end=\"557\">Modelo:<\/strong> Amy 2.0 Clear<\/p>\n<\/li>\n<li data-start=\"574\" data-end=\"619\">\n<p data-start=\"576\" data-end=\"619\"><strong data-start=\"576\" data-end=\"588\">Arma\u00e7\u00e3o:<\/strong> Acetato transparente (clear)<\/p>\n<\/li>\n<li data-start=\"620\" data-end=\"669\">\n<p data-start=\"622\" data-end=\"669\"><strong data-start=\"622\" data-end=\"634\">Formato:<\/strong> Retangular levemente arredondado<\/p>\n<\/li>\n<li data-start=\"670\" data-end=\"706\">\n<p data-start=\"672\" data-end=\"706\"><strong data-start=\"672\" data-end=\"683\">Lentes:<\/strong> Prote\u00e7\u00e3o UV400 total<\/p>\n<\/li>\n<li data-start=\"707\" data-end=\"774\">\n<p data-start=\"709\" data-end=\"774\"><strong data-start=\"709\" data-end=\"728\">Cor das Lentes:<\/strong> Fum\u00ea\/Preto degrad\u00ea (varia\u00e7\u00e3o conforme lote)<\/p>\n<\/li>\n<li data-start=\"775\" data-end=\"815\">\n<p data-start=\"777\" data-end=\"815\"><strong data-start=\"777\" data-end=\"789\">Tamanho:<\/strong> Adulto (design unissex)<\/p>\n<\/li>\n<li data-start=\"816\" data-end=\"840\">\n<p data-start=\"818\" data-end=\"840\"><strong data-start=\"818\" data-end=\"827\">Peso:<\/strong> Aprox. 25g<\/p>\n<\/li>\n<\/ul>\n<hr data-start=\"842\" data-end=\"845\">\n<h3 data-start=\"847\" data-end=\"866\">Diferenciais:<\/h3>\n<p data-start=\"867\" data-end=\"1002\">\u2714\ufe0f Arma\u00e7\u00e3o leve e confort\u00e1vel<br data-start=\"896\" data-end=\"899\"><br \/>\n\u2714\ufe0f Design transparente super tend\u00eancia<br data-start=\"937\" data-end=\"940\"><br \/>\n\u2714\ufe0f Prote\u00e7\u00e3o UV400 contra raios UVA e UVB<br data-start=\"980\" data-end=\"983\"><br \/>\n\u2714\ufe0f Estilo unissex<\/p>","protected":false},"excerpt":{"rendered":"<p>Detalhes do Produto: O Amy 2.0 Clear \u00e9 um modelo de \u00f3culos de sol moderno e vers\u00e1til, que combina design minimalista com transpar\u00eancia elegante. Sua&#8230;<\/p>","protected":false},"featured_media":5270,"comment_status":"open","ping_status":"closed","template":"","meta":[],"etheme_brands":[],"product_brand":[],"product_cat":[124],"product_tag":[133],"class_list":{"0":"post-5273","1":"product","2":"type-product","3":"status-publish","4":"has-post-thumbnail","6":"product_cat-categoriaculos","7":"product_tag-uze-pratas","9":"first","10":"instock","11":"shipping-taxable","12":"purchasable","13":"product-type-simple"},"_links":{"self":[{"href":"https:\/\/agenciausphot.com\/uze\/en\/wp-json\/wp\/v2\/product\/5273","targetHints":{"allow":["GET"]}}],"collection":[{"href":"https:\/\/agenciausphot.com\/uze\/en\/wp-json\/wp\/v2\/product"}],"about":[{"href":"https:\/\/agenciausphot.com\/uze\/en\/wp-json\/wp\/v2\/types\/product"}],"replies":[{"embeddable":true,"href":"https:\/\/agenciausphot.com\/uze\/en\/wp-json\/wp\/v2\/comments?post=5273"}],"version-history":[{"count":1,"href":"https:\/\/agenciausphot.com\/uze\/en\/wp-json\/wp\/v2\/product\/5273\/revisions"}],"predecessor-version":[{"id":6103,"href":"https:\/\/agenciausphot.com\/uze\/en\/wp-json\/wp\/v2\/product\/5273\/revisions\/6103"}],"wp:featuredmedia":[{"embeddable":true,"href":"https:\/\/agenciausphot.com\/uze\/en\/wp-json\/wp\/v2\/media\/5270"}],"wp:attachment":[{"href":"https:\/\/agenciausphot.com\/uze\/en\/wp-json\/wp\/v2\/media?parent=5273"}],"wp:term":[{"taxonomy":"brand","embeddable":true,"href":"https:\/\/agenciausphot.com\/uze\/en\/wp-json\/wp\/v2\/etheme_brands?post=5273"},{"taxonomy":"product_brand","embeddable":true,"href":"https:\/\/agenciausphot.com\/uze\/en\/wp-json\/wp\/v2\/product_brand?post=5273"},{"taxonomy":"product_cat","embeddable":true,"href":"https:\/\/agenciausphot.com\/uze\/en\/wp-json\/wp\/v2\/product_cat?post=5273"},{"taxonomy":"product_tag","embeddable":true,"href":"https:\/\/agenciausphot.com\/uze\/en\/wp-json\/wp\/v2\/product_tag?post=5273"}],"curies":[{"name":"wp","href":"https:\/\/api.w.org\/{rel}","templated":true}]}}