{"id":5269,"date":"2025-10-29T13:09:28","date_gmt":"2025-10-29T13:09:28","guid":{"rendered":"https:\/\/agenciausphot.com\/uze\/produto\/piercing-tragus-haste-fixa\/"},"modified":"2025-12-04T18:41:38","modified_gmt":"2025-12-04T18:41:38","slug":"piercing-tragus-haste-fixa","status":"publish","type":"product","link":"https:\/\/agenciausphot.com\/uze\/en\/product\/piercing-tragus-haste-fixa\/","title":{"rendered":"Piercing tr\u00e1gus haste fixa"},"content":{"rendered":"<h3 data-start=\"106\" data-end=\"132\">Detalhes do Produto:<\/h3>\n<p data-start=\"133\" data-end=\"519\">Piercing em <strong data-start=\"145\" data-end=\"167\">Prata 925 leg\u00edtima<\/strong>, desenvolvido especialmente para a perfura\u00e7\u00e3o <strong data-start=\"214\" data-end=\"224\">tr\u00e1gus<\/strong>, com <strong data-start=\"230\" data-end=\"244\">haste fixa<\/strong>, garantindo firmeza, conforto e seguran\u00e7a no uso. O design minimalista e elegante pode vir em vers\u00f5es lisas ou com aplica\u00e7\u00e3o de <strong data-start=\"373\" data-end=\"401\">ponto de luz em zirc\u00f4nia<\/strong>, tornando a pe\u00e7a vers\u00e1til para diferentes estilos. Ideal para quem busca praticidade sem abrir m\u00e3o da sofistica\u00e7\u00e3o.<\/p>\n<p data-start=\"521\" data-end=\"641\">As pratas 925 possuem <strong data-start=\"543\" data-end=\"565\">garantia vital\u00edcia<\/strong>, reconhecidas por sua resist\u00eancia, qualidade e excelente custo-benef\u00edcio.<\/p>\n<hr data-start=\"643\" data-end=\"646\">\n<h3 data-start=\"648\" data-end=\"680\">Especifica\u00e7\u00f5es do produto:<\/h3>\n<ul data-start=\"681\" data-end=\"944\">\n<li data-start=\"681\" data-end=\"723\">\n<p data-start=\"683\" data-end=\"723\"><strong data-start=\"683\" data-end=\"694\">Modelo:<\/strong> Piercing Tr\u00e1gus Haste Fixa<\/p>\n<\/li>\n<li data-start=\"724\" data-end=\"761\">\n<p data-start=\"726\" data-end=\"761\"><strong data-start=\"726\" data-end=\"736\">Fecho:<\/strong> Haste fixa com tarraxa<\/p>\n<\/li>\n<li data-start=\"762\" data-end=\"844\">\n<p data-start=\"764\" data-end=\"844\"><strong data-start=\"764\" data-end=\"775\">Design:<\/strong> Liso polido ou ponto de luz em zirc\u00f4nia (varia\u00e7\u00e3o conforme modelo)<\/p>\n<\/li>\n<li data-start=\"845\" data-end=\"881\">\n<p data-start=\"847\" data-end=\"881\"><strong data-start=\"847\" data-end=\"860\">Material:<\/strong> Prata 925 leg\u00edtima<\/p>\n<\/li>\n<li data-start=\"882\" data-end=\"918\">\n<p data-start=\"884\" data-end=\"918\"><strong data-start=\"884\" data-end=\"899\">Acabamento:<\/strong> Polido brilhante<\/p>\n<\/li>\n<li data-start=\"919\" data-end=\"944\">\n<p data-start=\"921\" data-end=\"944\"><strong data-start=\"921\" data-end=\"930\">Peso:<\/strong> Aprox. 1,2g<\/p>\n<\/li>\n<\/ul>\n<hr data-start=\"946\" data-end=\"949\">\n<h3 data-start=\"951\" data-end=\"966\">Garantia:<\/h3>\n<p data-start=\"967\" data-end=\"1235\">Todos os piercings em <strong data-start=\"989\" data-end=\"1002\">Prata 925<\/strong> acompanham <strong data-start=\"1014\" data-end=\"1058\">Certificado de Garantia de Autenticidade<\/strong>, assegurando a <strong data-start=\"1074\" data-end=\"1092\">dura\u00e7\u00e3o eterna<\/strong> do material. Diferente das bijuterias, pe\u00e7as em Prata 925 preservam brilho, valor e sofistica\u00e7\u00e3o por toda a vida, assim como o <strong data-start=\"1220\" data-end=\"1232\">Ouro 18k<\/strong>.<\/p>","protected":false},"excerpt":{"rendered":"<p>Detalhes do Produto: Piercing em Prata 925 leg\u00edtima, desenvolvido especialmente para a perfura\u00e7\u00e3o tr\u00e1gus, com haste fixa, garantindo firmeza, conforto e seguran\u00e7a no uso. O&#8230;<\/p>","protected":false},"featured_media":5268,"comment_status":"open","ping_status":"closed","template":"","meta":[],"etheme_brands":[],"product_brand":[],"product_cat":[115,96],"product_tag":[133],"class_list":{"0":"post-5269","1":"product","2":"type-product","3":"status-publish","4":"has-post-thumbnail","6":"product_cat-categoriapiercingspiercing-de-orelha","7":"product_cat-categoriapiercings","8":"product_tag-uze-pratas","10":"first","11":"instock","12":"shipping-taxable","13":"purchasable","14":"product-type-simple"},"_links":{"self":[{"href":"https:\/\/agenciausphot.com\/uze\/en\/wp-json\/wp\/v2\/product\/5269","targetHints":{"allow":["GET"]}}],"collection":[{"href":"https:\/\/agenciausphot.com\/uze\/en\/wp-json\/wp\/v2\/product"}],"about":[{"href":"https:\/\/agenciausphot.com\/uze\/en\/wp-json\/wp\/v2\/types\/product"}],"replies":[{"embeddable":true,"href":"https:\/\/agenciausphot.com\/uze\/en\/wp-json\/wp\/v2\/comments?post=5269"}],"version-history":[{"count":1,"href":"https:\/\/agenciausphot.com\/uze\/en\/wp-json\/wp\/v2\/product\/5269\/revisions"}],"predecessor-version":[{"id":6102,"href":"https:\/\/agenciausphot.com\/uze\/en\/wp-json\/wp\/v2\/product\/5269\/revisions\/6102"}],"wp:featuredmedia":[{"embeddable":true,"href":"https:\/\/agenciausphot.com\/uze\/en\/wp-json\/wp\/v2\/media\/5268"}],"wp:attachment":[{"href":"https:\/\/agenciausphot.com\/uze\/en\/wp-json\/wp\/v2\/media?parent=5269"}],"wp:term":[{"taxonomy":"brand","embeddable":true,"href":"https:\/\/agenciausphot.com\/uze\/en\/wp-json\/wp\/v2\/etheme_brands?post=5269"},{"taxonomy":"product_brand","embeddable":true,"href":"https:\/\/agenciausphot.com\/uze\/en\/wp-json\/wp\/v2\/product_brand?post=5269"},{"taxonomy":"product_cat","embeddable":true,"href":"https:\/\/agenciausphot.com\/uze\/en\/wp-json\/wp\/v2\/product_cat?post=5269"},{"taxonomy":"product_tag","embeddable":true,"href":"https:\/\/agenciausphot.com\/uze\/en\/wp-json\/wp\/v2\/product_tag?post=5269"}],"curies":[{"name":"wp","href":"https:\/\/api.w.org\/{rel}","templated":true}]}}