{"id":5267,"date":"2025-10-29T13:09:26","date_gmt":"2025-10-29T13:09:26","guid":{"rendered":"https:\/\/agenciausphot.com\/uze\/produto\/piercing-conch-click-cravejado\/"},"modified":"2025-12-04T18:41:37","modified_gmt":"2025-12-04T18:41:37","slug":"piercing-conch-click-cravejado","status":"publish","type":"product","link":"https:\/\/agenciausphot.com\/uze\/en\/product\/piercing-conch-click-cravejado\/","title":{"rendered":"Piercing conch click cravejado"},"content":{"rendered":"<h3 data-start=\"112\" data-end=\"138\">Detalhes do Produto:<\/h3>\n<p data-start=\"139\" data-end=\"517\">Piercing em <strong data-start=\"151\" data-end=\"173\">Prata 925 leg\u00edtima<\/strong>, desenvolvido para perfura\u00e7\u00e3o <strong data-start=\"204\" data-end=\"213\">conch<\/strong>, com sistema <strong data-start=\"227\" data-end=\"236\">click<\/strong> que garante praticidade e seguran\u00e7a no uso. O aro \u00e9 totalmente <strong data-start=\"300\" data-end=\"335\">cravejado com zirc\u00f4nias cristal<\/strong>, que refletem brilho intenso e sofisticado. Uma pe\u00e7a moderna e elegante, ideal para destacar a orelha com estilo, podendo ser usada sozinha ou em combina\u00e7\u00f5es com outros piercings.<\/p>\n<p data-start=\"519\" data-end=\"639\">As pratas 925 possuem <strong data-start=\"541\" data-end=\"563\">garantia vital\u00edcia<\/strong>, reconhecidas por sua resist\u00eancia, qualidade e excelente custo-benef\u00edcio.<\/p>\n<hr data-start=\"641\" data-end=\"644\">\n<h3 data-start=\"646\" data-end=\"678\">Especifica\u00e7\u00f5es do produto:<\/h3>\n<ul data-start=\"679\" data-end=\"994\">\n<li data-start=\"679\" data-end=\"725\">\n<p data-start=\"681\" data-end=\"725\"><strong data-start=\"681\" data-end=\"692\">Modelo:<\/strong> Piercing Conch Click Cravejado<\/p>\n<\/li>\n<li data-start=\"726\" data-end=\"780\">\n<p data-start=\"728\" data-end=\"780\"><strong data-start=\"728\" data-end=\"738\">Fecho:<\/strong> Sistema click (f\u00e1cil de abrir e fechar)<\/p>\n<\/li>\n<li data-start=\"781\" data-end=\"832\">\n<p data-start=\"783\" data-end=\"832\"><strong data-start=\"783\" data-end=\"794\">Design:<\/strong> Aro cravejado com zirc\u00f4nias cristal<\/p>\n<\/li>\n<li data-start=\"833\" data-end=\"869\">\n<p data-start=\"835\" data-end=\"869\"><strong data-start=\"835\" data-end=\"848\">Material:<\/strong> Prata 925 leg\u00edtima<\/p>\n<\/li>\n<li data-start=\"870\" data-end=\"918\">\n<p data-start=\"872\" data-end=\"918\"><strong data-start=\"872\" data-end=\"887\">Acabamento:<\/strong> Polido brilhante + cravejado<\/p>\n<\/li>\n<li data-start=\"919\" data-end=\"968\">\n<p data-start=\"921\" data-end=\"968\"><strong data-start=\"921\" data-end=\"934\">Di\u00e2metro:<\/strong> 10mm (varia\u00e7\u00e3o conforme modelo)<\/p>\n<\/li>\n<li data-start=\"969\" data-end=\"994\">\n<p data-start=\"971\" data-end=\"994\"><strong data-start=\"971\" data-end=\"980\">Peso:<\/strong> Aprox. 1,5g<\/p>\n<\/li>\n<\/ul>\n<hr data-start=\"996\" data-end=\"999\">\n<h3 data-start=\"1001\" data-end=\"1016\">Garantia:<\/h3>\n<p data-start=\"1017\" data-end=\"1285\">Todos os piercings em <strong data-start=\"1039\" data-end=\"1052\">Prata 925<\/strong> acompanham <strong data-start=\"1064\" data-end=\"1108\">Certificado de Garantia de Autenticidade<\/strong>, assegurando a <strong data-start=\"1124\" data-end=\"1142\">dura\u00e7\u00e3o eterna<\/strong> do material. Diferente das bijuterias, pe\u00e7as em Prata 925 preservam brilho, valor e sofistica\u00e7\u00e3o por toda a vida, assim como o <strong data-start=\"1270\" data-end=\"1282\">Ouro 18k<\/strong>.<\/p>","protected":false},"excerpt":{"rendered":"<p>Detalhes do Produto: Piercing em Prata 925 leg\u00edtima, desenvolvido para perfura\u00e7\u00e3o conch, com sistema click que garante praticidade e seguran\u00e7a no uso. O aro \u00e9&#8230;<\/p>","protected":false},"featured_media":5264,"comment_status":"open","ping_status":"closed","template":"","meta":[],"etheme_brands":[],"product_brand":[],"product_cat":[115,96],"product_tag":[133],"class_list":{"0":"post-5267","1":"product","2":"type-product","3":"status-publish","4":"has-post-thumbnail","6":"product_cat-categoriapiercingspiercing-de-orelha","7":"product_cat-categoriapiercings","8":"product_tag-uze-pratas","10":"first","11":"outofstock","12":"shipping-taxable","13":"purchasable","14":"product-type-simple"},"_links":{"self":[{"href":"https:\/\/agenciausphot.com\/uze\/en\/wp-json\/wp\/v2\/product\/5267","targetHints":{"allow":["GET"]}}],"collection":[{"href":"https:\/\/agenciausphot.com\/uze\/en\/wp-json\/wp\/v2\/product"}],"about":[{"href":"https:\/\/agenciausphot.com\/uze\/en\/wp-json\/wp\/v2\/types\/product"}],"replies":[{"embeddable":true,"href":"https:\/\/agenciausphot.com\/uze\/en\/wp-json\/wp\/v2\/comments?post=5267"}],"version-history":[{"count":1,"href":"https:\/\/agenciausphot.com\/uze\/en\/wp-json\/wp\/v2\/product\/5267\/revisions"}],"predecessor-version":[{"id":6101,"href":"https:\/\/agenciausphot.com\/uze\/en\/wp-json\/wp\/v2\/product\/5267\/revisions\/6101"}],"wp:featuredmedia":[{"embeddable":true,"href":"https:\/\/agenciausphot.com\/uze\/en\/wp-json\/wp\/v2\/media\/5264"}],"wp:attachment":[{"href":"https:\/\/agenciausphot.com\/uze\/en\/wp-json\/wp\/v2\/media?parent=5267"}],"wp:term":[{"taxonomy":"brand","embeddable":true,"href":"https:\/\/agenciausphot.com\/uze\/en\/wp-json\/wp\/v2\/etheme_brands?post=5267"},{"taxonomy":"product_brand","embeddable":true,"href":"https:\/\/agenciausphot.com\/uze\/en\/wp-json\/wp\/v2\/product_brand?post=5267"},{"taxonomy":"product_cat","embeddable":true,"href":"https:\/\/agenciausphot.com\/uze\/en\/wp-json\/wp\/v2\/product_cat?post=5267"},{"taxonomy":"product_tag","embeddable":true,"href":"https:\/\/agenciausphot.com\/uze\/en\/wp-json\/wp\/v2\/product_tag?post=5267"}],"curies":[{"name":"wp","href":"https:\/\/api.w.org\/{rel}","templated":true}]}}