{"id":5259,"date":"2025-10-29T13:09:20","date_gmt":"2025-10-29T13:09:20","guid":{"rendered":"https:\/\/agenciausphot.com\/uze\/produto\/piercing-transversal-aco-cirurgico\/"},"modified":"2025-11-04T20:37:34","modified_gmt":"2025-11-04T20:37:34","slug":"piercing-transversal-aco-cirurgico","status":"publish","type":"product","link":"https:\/\/agenciausphot.com\/uze\/en\/product\/piercing-transversal-aco-cirurgico\/","title":{"rendered":"Piercing transversal a\u00e7o cir\u00fargico"},"content":{"rendered":"<h3 data-start=\"106\" data-end=\"132\">Detalhes do Produto:<\/h3>\n<p data-start=\"133\" data-end=\"518\">Piercing produzido em <strong data-start=\"155\" data-end=\"190\">a\u00e7o cir\u00fargico de alta qualidade<\/strong>, no modelo <strong data-start=\"202\" data-end=\"217\">transversal<\/strong> (industrial), com haste reta e extremidades de esferas rosque\u00e1veis. O a\u00e7o cir\u00fargico \u00e9 hipoalerg\u00eanico, resistente \u00e0 oxida\u00e7\u00e3o e extremamente dur\u00e1vel, garantindo seguran\u00e7a e conforto no uso di\u00e1rio. Uma pe\u00e7a moderna e estilosa, perfeita para quem busca personalidade e autenticidade em seus acess\u00f3rios.<\/p>\n<hr data-start=\"520\" data-end=\"523\">\n<h3 data-start=\"525\" data-end=\"557\">Especifica\u00e7\u00f5es do produto:<\/h3>\n<ul data-start=\"558\" data-end=\"860\">\n<li data-start=\"558\" data-end=\"607\">\n<p data-start=\"560\" data-end=\"607\"><strong data-start=\"560\" data-end=\"571\">Modelo:<\/strong> Piercing Transversal (Industrial)<\/p>\n<\/li>\n<li data-start=\"608\" data-end=\"644\">\n<p data-start=\"610\" data-end=\"644\"><strong data-start=\"610\" data-end=\"623\">Material:<\/strong> A\u00e7o cir\u00fargico 316L<\/p>\n<\/li>\n<li data-start=\"645\" data-end=\"681\">\n<p data-start=\"647\" data-end=\"681\"><strong data-start=\"647\" data-end=\"662\">Acabamento:<\/strong> Polido brilhante<\/p>\n<\/li>\n<li data-start=\"682\" data-end=\"743\">\n<p data-start=\"684\" data-end=\"743\"><strong data-start=\"684\" data-end=\"709\">Comprimento da Haste:<\/strong> 35mm (varia\u00e7\u00e3o conforme modelo)<\/p>\n<\/li>\n<li data-start=\"744\" data-end=\"768\">\n<p data-start=\"746\" data-end=\"768\"><strong data-start=\"746\" data-end=\"760\">Espessura:<\/strong> 1,6mm<\/p>\n<\/li>\n<li data-start=\"769\" data-end=\"810\">\n<p data-start=\"771\" data-end=\"810\"><strong data-start=\"771\" data-end=\"788\">Extremidades:<\/strong> Esferas rosque\u00e1veis<\/p>\n<\/li>\n<li data-start=\"811\" data-end=\"834\">\n<p data-start=\"813\" data-end=\"834\"><strong data-start=\"813\" data-end=\"824\">G\u00eanero:<\/strong> Unissex<\/p>\n<\/li>\n<li data-start=\"835\" data-end=\"860\">\n<p data-start=\"837\" data-end=\"860\"><strong data-start=\"837\" data-end=\"846\">Peso:<\/strong> Aprox. 2,0g<\/p>\n<\/li>\n<\/ul>\n<hr data-start=\"862\" data-end=\"865\">\n<h3 data-start=\"867\" data-end=\"882\">Garantia:<\/h3>\n<p data-start=\"883\" data-end=\"1047\">O <strong data-start=\"885\" data-end=\"907\">a\u00e7o cir\u00fargico 316L<\/strong> \u00e9 hipoalerg\u00eanico, n\u00e3o oxida, n\u00e3o escurece e mant\u00e9m seu brilho por muito mais tempo, sendo uma escolha segura e resistente para piercings.<\/p>","protected":false},"excerpt":{"rendered":"<p>Detalhes do Produto: Piercing produzido em a\u00e7o cir\u00fargico de alta qualidade, no modelo transversal (industrial), com haste reta e extremidades de esferas rosque\u00e1veis. O a\u00e7o&#8230;<\/p>","protected":false},"featured_media":5258,"comment_status":"open","ping_status":"closed","template":"","meta":[],"etheme_brands":[],"product_brand":[],"product_cat":[115,96],"product_tag":[133],"class_list":{"0":"post-5259","1":"product","2":"type-product","3":"status-publish","4":"has-post-thumbnail","6":"product_cat-categoriapiercingspiercing-de-orelha","7":"product_cat-categoriapiercings","8":"product_tag-uze-pratas","10":"first","11":"instock","12":"shipping-taxable","13":"purchasable","14":"product-type-simple"},"_links":{"self":[{"href":"https:\/\/agenciausphot.com\/uze\/en\/wp-json\/wp\/v2\/product\/5259","targetHints":{"allow":["GET"]}}],"collection":[{"href":"https:\/\/agenciausphot.com\/uze\/en\/wp-json\/wp\/v2\/product"}],"about":[{"href":"https:\/\/agenciausphot.com\/uze\/en\/wp-json\/wp\/v2\/types\/product"}],"replies":[{"embeddable":true,"href":"https:\/\/agenciausphot.com\/uze\/en\/wp-json\/wp\/v2\/comments?post=5259"}],"version-history":[{"count":1,"href":"https:\/\/agenciausphot.com\/uze\/en\/wp-json\/wp\/v2\/product\/5259\/revisions"}],"predecessor-version":[{"id":6098,"href":"https:\/\/agenciausphot.com\/uze\/en\/wp-json\/wp\/v2\/product\/5259\/revisions\/6098"}],"wp:featuredmedia":[{"embeddable":true,"href":"https:\/\/agenciausphot.com\/uze\/en\/wp-json\/wp\/v2\/media\/5258"}],"wp:attachment":[{"href":"https:\/\/agenciausphot.com\/uze\/en\/wp-json\/wp\/v2\/media?parent=5259"}],"wp:term":[{"taxonomy":"brand","embeddable":true,"href":"https:\/\/agenciausphot.com\/uze\/en\/wp-json\/wp\/v2\/etheme_brands?post=5259"},{"taxonomy":"product_brand","embeddable":true,"href":"https:\/\/agenciausphot.com\/uze\/en\/wp-json\/wp\/v2\/product_brand?post=5259"},{"taxonomy":"product_cat","embeddable":true,"href":"https:\/\/agenciausphot.com\/uze\/en\/wp-json\/wp\/v2\/product_cat?post=5259"},{"taxonomy":"product_tag","embeddable":true,"href":"https:\/\/agenciausphot.com\/uze\/en\/wp-json\/wp\/v2\/product_tag?post=5259"}],"curies":[{"name":"wp","href":"https:\/\/api.w.org\/{rel}","templated":true}]}}