{"id":5257,"date":"2025-10-29T13:09:18","date_gmt":"2025-10-29T13:09:18","guid":{"rendered":"https:\/\/agenciausphot.com\/uze\/produto\/piercing-umbigo-dourado-semi-joia\/"},"modified":"2025-12-05T04:41:36","modified_gmt":"2025-12-05T04:41:36","slug":"piercing-umbigo-dourado-semi-joia","status":"publish","type":"product","link":"https:\/\/agenciausphot.com\/uze\/en\/product\/piercing-umbigo-dourado-semi-joia\/","title":{"rendered":"Piercing umbigo  dourado semi joia"},"content":{"rendered":"<h3 data-start=\"105\" data-end=\"131\">Detalhes do Produto:<\/h3>\n<p data-start=\"132\" data-end=\"533\">Piercing no banho <strong data-start=\"150\" data-end=\"161\">dourado<\/strong>, produzido em <strong data-start=\"176\" data-end=\"203\">metal de alta qualidade<\/strong> com acabamento de semi joia, trazendo eleg\u00e2ncia e sofistica\u00e7\u00e3o \u00e0 regi\u00e3o do umbigo. O design moderno e delicado pode vir com aplica\u00e7\u00e3o de <strong data-start=\"341\" data-end=\"392\">ponto de luz, cora\u00e7\u00e3o, estrela ou pedra central<\/strong>, oferecendo brilho e charme na medida certa. Uma pe\u00e7a vers\u00e1til e acess\u00edvel, perfeita para compor looks no dia a dia ou ocasi\u00f5es especiais.<\/p>\n<p data-start=\"535\" data-end=\"660\">As semi joias s\u00e3o desenvolvidas com <strong data-start=\"571\" data-end=\"591\">banho resistente<\/strong> e acabamento antial\u00e9rgico, proporcionando conforto e durabilidade.<\/p>\n<hr data-start=\"662\" data-end=\"665\">\n<h3 data-start=\"667\" data-end=\"699\">Especifica\u00e7\u00f5es do produto:<\/h3>\n<ul data-start=\"700\" data-end=\"925\">\n<li data-start=\"700\" data-end=\"742\">\n<p data-start=\"702\" data-end=\"742\"><strong data-start=\"702\" data-end=\"713\">Modelo:<\/strong> Piercing de Umbigo Dourado<\/p>\n<\/li>\n<li data-start=\"743\" data-end=\"802\">\n<p data-start=\"745\" data-end=\"802\"><strong data-start=\"745\" data-end=\"758\">Material:<\/strong> Metal de alta qualidade com banho dourado<\/p>\n<\/li>\n<li data-start=\"803\" data-end=\"870\">\n<p data-start=\"805\" data-end=\"870\"><strong data-start=\"805\" data-end=\"820\">Acabamento:<\/strong> Polido brilhante (op\u00e7\u00e3o com pedras em zirc\u00f4nia)<\/p>\n<\/li>\n<li data-start=\"871\" data-end=\"899\">\n<p data-start=\"873\" data-end=\"899\"><strong data-start=\"873\" data-end=\"887\">Categoria:<\/strong> Semi Joia<\/p>\n<\/li>\n<li data-start=\"900\" data-end=\"925\">\n<p data-start=\"902\" data-end=\"925\"><strong data-start=\"902\" data-end=\"911\">Peso:<\/strong> Aprox. 1,6g<\/p>\n<\/li>\n<\/ul>","protected":false},"excerpt":{"rendered":"<p>Detalhes do Produto: Piercing no banho dourado, produzido em metal de alta qualidade com acabamento de semi joia, trazendo eleg\u00e2ncia e sofistica\u00e7\u00e3o \u00e0 regi\u00e3o do&#8230;<\/p>","protected":false},"featured_media":5256,"comment_status":"open","ping_status":"closed","template":"","meta":[],"etheme_brands":[],"product_brand":[],"product_cat":[114,96],"product_tag":[133],"class_list":{"0":"post-5257","1":"product","2":"type-product","3":"status-publish","4":"has-post-thumbnail","6":"product_cat-categoriapiercingspiercing-de-umbigo","7":"product_cat-categoriapiercings","8":"product_tag-uze-pratas","10":"first","11":"instock","12":"shipping-taxable","13":"purchasable","14":"product-type-simple"},"_links":{"self":[{"href":"https:\/\/agenciausphot.com\/uze\/en\/wp-json\/wp\/v2\/product\/5257","targetHints":{"allow":["GET"]}}],"collection":[{"href":"https:\/\/agenciausphot.com\/uze\/en\/wp-json\/wp\/v2\/product"}],"about":[{"href":"https:\/\/agenciausphot.com\/uze\/en\/wp-json\/wp\/v2\/types\/product"}],"replies":[{"embeddable":true,"href":"https:\/\/agenciausphot.com\/uze\/en\/wp-json\/wp\/v2\/comments?post=5257"}],"version-history":[{"count":1,"href":"https:\/\/agenciausphot.com\/uze\/en\/wp-json\/wp\/v2\/product\/5257\/revisions"}],"predecessor-version":[{"id":6097,"href":"https:\/\/agenciausphot.com\/uze\/en\/wp-json\/wp\/v2\/product\/5257\/revisions\/6097"}],"wp:featuredmedia":[{"embeddable":true,"href":"https:\/\/agenciausphot.com\/uze\/en\/wp-json\/wp\/v2\/media\/5256"}],"wp:attachment":[{"href":"https:\/\/agenciausphot.com\/uze\/en\/wp-json\/wp\/v2\/media?parent=5257"}],"wp:term":[{"taxonomy":"brand","embeddable":true,"href":"https:\/\/agenciausphot.com\/uze\/en\/wp-json\/wp\/v2\/etheme_brands?post=5257"},{"taxonomy":"product_brand","embeddable":true,"href":"https:\/\/agenciausphot.com\/uze\/en\/wp-json\/wp\/v2\/product_brand?post=5257"},{"taxonomy":"product_cat","embeddable":true,"href":"https:\/\/agenciausphot.com\/uze\/en\/wp-json\/wp\/v2\/product_cat?post=5257"},{"taxonomy":"product_tag","embeddable":true,"href":"https:\/\/agenciausphot.com\/uze\/en\/wp-json\/wp\/v2\/product_tag?post=5257"}],"curies":[{"name":"wp","href":"https:\/\/api.w.org\/{rel}","templated":true}]}}