{"id":5255,"date":"2025-10-29T13:09:17","date_gmt":"2025-10-29T13:09:17","guid":{"rendered":"https:\/\/agenciausphot.com\/uze\/produto\/piercing-umbigo-estrela\/"},"modified":"2025-11-04T20:37:32","modified_gmt":"2025-11-04T20:37:32","slug":"piercing-umbigo-estrela","status":"publish","type":"product","link":"https:\/\/agenciausphot.com\/uze\/en\/product\/piercing-umbigo-estrela\/","title":{"rendered":"Piercing umbigo estrela"},"content":{"rendered":"<h3 data-start=\"107\" data-end=\"133\">Detalhes do Produto:<\/h3>\n<p data-start=\"134\" data-end=\"476\">Piercing em <strong data-start=\"146\" data-end=\"168\">Prata 925 leg\u00edtima<\/strong>, com design delicado em <strong data-start=\"193\" data-end=\"215\">formato de estrela<\/strong>, s\u00edmbolo de luz, brilho e inspira\u00e7\u00e3o. A pe\u00e7a conta com <strong data-start=\"271\" data-end=\"295\">zirc\u00f4nias cravejadas<\/strong> que real\u00e7am seu charme e proporcionam um toque sofisticado \u00e0 regi\u00e3o do umbigo. Uma joia vers\u00e1til e moderna, perfeita para quem deseja unir delicadeza e estilo em um s\u00f3 acess\u00f3rio.<\/p>\n<p data-start=\"478\" data-end=\"601\">As pratas 925 possuem <strong data-start=\"500\" data-end=\"522\">garantia vital\u00edcia<\/strong>, reconhecidas por sua resist\u00eancia, durabilidade e excelente custo-benef\u00edcio.<\/p>\n<hr data-start=\"603\" data-end=\"606\">\n<h3 data-start=\"608\" data-end=\"640\">Especifica\u00e7\u00f5es do produto:<\/h3>\n<ul data-start=\"641\" data-end=\"886\">\n<li data-start=\"641\" data-end=\"683\">\n<p data-start=\"643\" data-end=\"683\"><strong data-start=\"643\" data-end=\"654\">Modelo:<\/strong> Piercing de Umbigo Estrela<\/p>\n<\/li>\n<li data-start=\"684\" data-end=\"740\">\n<p data-start=\"686\" data-end=\"740\"><strong data-start=\"686\" data-end=\"698\">Formato:<\/strong> Estrela cravejada com zirc\u00f4nias cristal<\/p>\n<\/li>\n<li data-start=\"741\" data-end=\"777\">\n<p data-start=\"743\" data-end=\"777\"><strong data-start=\"743\" data-end=\"756\">Material:<\/strong> Prata 925 leg\u00edtima<\/p>\n<\/li>\n<li data-start=\"778\" data-end=\"826\">\n<p data-start=\"780\" data-end=\"826\"><strong data-start=\"780\" data-end=\"795\">Acabamento:<\/strong> Polido brilhante + cravejado<\/p>\n<\/li>\n<li data-start=\"827\" data-end=\"860\">\n<p data-start=\"829\" data-end=\"860\"><strong data-start=\"829\" data-end=\"840\">Pedras:<\/strong> Zirc\u00f4nias cristal<\/p>\n<\/li>\n<li data-start=\"861\" data-end=\"886\">\n<p data-start=\"863\" data-end=\"886\"><strong data-start=\"863\" data-end=\"872\">Peso:<\/strong> Aprox. 1,7g<\/p>\n<\/li>\n<\/ul>\n<hr data-start=\"888\" data-end=\"891\">\n<h3 data-start=\"893\" data-end=\"908\">Garantia:<\/h3>\n<p data-start=\"909\" data-end=\"1177\">Todos os piercings em <strong data-start=\"931\" data-end=\"944\">Prata 925<\/strong> acompanham <strong data-start=\"956\" data-end=\"1000\">Certificado de Garantia de Autenticidade<\/strong>, assegurando a <strong data-start=\"1016\" data-end=\"1034\">dura\u00e7\u00e3o eterna<\/strong> do material. Diferente das bijuterias, pe\u00e7as em Prata 925 preservam brilho, valor e sofistica\u00e7\u00e3o por toda a vida, assim como o <strong data-start=\"1162\" data-end=\"1174\">Ouro 18k<\/strong>.<\/p>\n<hr data-start=\"1179\" data-end=\"1184\">\n<p data-start=\"1186\" data-end=\"1324\" data-is-last-node=\"\" data-is-only-node=\"\">","protected":false},"excerpt":{"rendered":"<p>Detalhes do Produto: Piercing em Prata 925 leg\u00edtima, com design delicado em formato de estrela, s\u00edmbolo de luz, brilho e inspira\u00e7\u00e3o. A pe\u00e7a conta com&#8230;<\/p>","protected":false},"featured_media":5254,"comment_status":"open","ping_status":"closed","template":"","meta":[],"etheme_brands":[],"product_brand":[],"product_cat":[114,96],"product_tag":[133],"class_list":{"0":"post-5255","1":"product","2":"type-product","3":"status-publish","4":"has-post-thumbnail","6":"product_cat-categoriapiercingspiercing-de-umbigo","7":"product_cat-categoriapiercings","8":"product_tag-uze-pratas","10":"first","11":"instock","12":"shipping-taxable","13":"purchasable","14":"product-type-simple"},"_links":{"self":[{"href":"https:\/\/agenciausphot.com\/uze\/en\/wp-json\/wp\/v2\/product\/5255","targetHints":{"allow":["GET"]}}],"collection":[{"href":"https:\/\/agenciausphot.com\/uze\/en\/wp-json\/wp\/v2\/product"}],"about":[{"href":"https:\/\/agenciausphot.com\/uze\/en\/wp-json\/wp\/v2\/types\/product"}],"replies":[{"embeddable":true,"href":"https:\/\/agenciausphot.com\/uze\/en\/wp-json\/wp\/v2\/comments?post=5255"}],"version-history":[{"count":1,"href":"https:\/\/agenciausphot.com\/uze\/en\/wp-json\/wp\/v2\/product\/5255\/revisions"}],"predecessor-version":[{"id":6096,"href":"https:\/\/agenciausphot.com\/uze\/en\/wp-json\/wp\/v2\/product\/5255\/revisions\/6096"}],"wp:featuredmedia":[{"embeddable":true,"href":"https:\/\/agenciausphot.com\/uze\/en\/wp-json\/wp\/v2\/media\/5254"}],"wp:attachment":[{"href":"https:\/\/agenciausphot.com\/uze\/en\/wp-json\/wp\/v2\/media?parent=5255"}],"wp:term":[{"taxonomy":"brand","embeddable":true,"href":"https:\/\/agenciausphot.com\/uze\/en\/wp-json\/wp\/v2\/etheme_brands?post=5255"},{"taxonomy":"product_brand","embeddable":true,"href":"https:\/\/agenciausphot.com\/uze\/en\/wp-json\/wp\/v2\/product_brand?post=5255"},{"taxonomy":"product_cat","embeddable":true,"href":"https:\/\/agenciausphot.com\/uze\/en\/wp-json\/wp\/v2\/product_cat?post=5255"},{"taxonomy":"product_tag","embeddable":true,"href":"https:\/\/agenciausphot.com\/uze\/en\/wp-json\/wp\/v2\/product_tag?post=5255"}],"curies":[{"name":"wp","href":"https:\/\/api.w.org\/{rel}","templated":true}]}}