{"id":5251,"date":"2025-10-29T13:09:14","date_gmt":"2025-10-29T13:09:14","guid":{"rendered":"https:\/\/agenciausphot.com\/uze\/produto\/piercing-de-umbigo-coracao\/"},"modified":"2025-12-22T16:26:10","modified_gmt":"2025-12-22T16:26:10","slug":"piercing-de-umbigo-corac%cc%a7a%cc%83o","status":"publish","type":"product","link":"https:\/\/agenciausphot.com\/uze\/en\/product\/piercing-de-umbigo-corac%cc%a7a%cc%83o\/","title":{"rendered":"Piercing de umbigo corac\u0327a\u0303o"},"content":{"rendered":"<h3 data-start=\"108\" data-end=\"134\">Detalhes do Produto:<\/h3>\n<p data-start=\"135\" data-end=\"466\">Piercing em <strong data-start=\"147\" data-end=\"169\">Prata 925 leg\u00edtima<\/strong>, com design delicado em formato de <strong data-start=\"205\" data-end=\"216\">cora\u00e7\u00e3o<\/strong>, trazendo uma pedra de <strong data-start=\"240\" data-end=\"260\">zirc\u00f4nia cristal<\/strong> que reflete brilho intenso e sofisticado. Uma joia rom\u00e2ntica e elegante, ideal para valorizar a regi\u00e3o do umbigo com muito estilo e charme, perfeita tanto para o dia a dia quanto para ocasi\u00f5es especiais.<\/p>\n<p data-start=\"468\" data-end=\"591\">As pratas 925 possuem <strong data-start=\"490\" data-end=\"512\">garantia vital\u00edcia<\/strong>, reconhecidas por sua resist\u00eancia, durabilidade e excelente custo-benef\u00edcio.<\/p>\n<hr data-start=\"593\" data-end=\"596\">\n<h3 data-start=\"598\" data-end=\"630\">Especifica\u00e7\u00f5es do produto:<\/h3>\n<ul data-start=\"631\" data-end=\"869\">\n<li data-start=\"631\" data-end=\"673\">\n<p data-start=\"633\" data-end=\"673\"><strong data-start=\"633\" data-end=\"644\">Modelo:<\/strong> Piercing de Umbigo Cora\u00e7\u00e3o<\/p>\n<\/li>\n<li data-start=\"674\" data-end=\"719\">\n<p data-start=\"676\" data-end=\"719\"><strong data-start=\"676\" data-end=\"688\">Formato:<\/strong> Cora\u00e7\u00e3o com zirc\u00f4nia cristal<\/p>\n<\/li>\n<li data-start=\"720\" data-end=\"756\">\n<p data-start=\"722\" data-end=\"756\"><strong data-start=\"722\" data-end=\"735\">Material:<\/strong> Prata 925 leg\u00edtima<\/p>\n<\/li>\n<li data-start=\"757\" data-end=\"793\">\n<p data-start=\"759\" data-end=\"793\"><strong data-start=\"759\" data-end=\"774\">Acabamento:<\/strong> Polido brilhante<\/p>\n<\/li>\n<li data-start=\"794\" data-end=\"843\">\n<p data-start=\"796\" data-end=\"843\"><strong data-start=\"796\" data-end=\"807\">Pedras:<\/strong> Zirc\u00f4nia cristal em corte cora\u00e7\u00e3o<\/p>\n<\/li>\n<li data-start=\"844\" data-end=\"869\">\n<p data-start=\"846\" data-end=\"869\"><strong data-start=\"846\" data-end=\"855\">Peso:<\/strong> Aprox. 1,9g<\/p>\n<\/li>\n<\/ul>\n<hr data-start=\"871\" data-end=\"874\">\n<h3 data-start=\"876\" data-end=\"891\">Garantia:<\/h3>\n<p data-start=\"892\" data-end=\"1160\">Todos os piercings em <strong data-start=\"914\" data-end=\"927\">Prata 925<\/strong> acompanham <strong data-start=\"939\" data-end=\"983\">Certificado de Garantia de Autenticidade<\/strong>, assegurando a <strong data-start=\"999\" data-end=\"1017\">dura\u00e7\u00e3o eterna<\/strong> do material. Diferente das bijuterias, pe\u00e7as em Prata 925 preservam brilho, valor e sofistica\u00e7\u00e3o por toda a vida, assim como o <strong data-start=\"1145\" data-end=\"1157\">Ouro 18k<\/strong>.<\/p>\n<hr data-start=\"1162\" data-end=\"1167\">\n<p data-start=\"1169\" data-end=\"1324\" data-is-last-node=\"\" data-is-only-node=\"\">","protected":false},"excerpt":{"rendered":"<p>Detalhes do Produto: Piercing em Prata 925 leg\u00edtima, com design delicado em formato de cora\u00e7\u00e3o, trazendo uma pedra de zirc\u00f4nia cristal que reflete brilho intenso&#8230;<\/p>","protected":false},"featured_media":5248,"comment_status":"open","ping_status":"closed","template":"","meta":[],"etheme_brands":[],"product_brand":[],"product_cat":[114,96],"product_tag":[133],"class_list":{"0":"post-5251","1":"product","2":"type-product","3":"status-publish","4":"has-post-thumbnail","6":"product_cat-categoriapiercingspiercing-de-umbigo","7":"product_cat-categoriapiercings","8":"product_tag-uze-pratas","10":"first","11":"instock","12":"shipping-taxable","13":"purchasable","14":"product-type-simple"},"_links":{"self":[{"href":"https:\/\/agenciausphot.com\/uze\/en\/wp-json\/wp\/v2\/product\/5251","targetHints":{"allow":["GET"]}}],"collection":[{"href":"https:\/\/agenciausphot.com\/uze\/en\/wp-json\/wp\/v2\/product"}],"about":[{"href":"https:\/\/agenciausphot.com\/uze\/en\/wp-json\/wp\/v2\/types\/product"}],"replies":[{"embeddable":true,"href":"https:\/\/agenciausphot.com\/uze\/en\/wp-json\/wp\/v2\/comments?post=5251"}],"version-history":[{"count":1,"href":"https:\/\/agenciausphot.com\/uze\/en\/wp-json\/wp\/v2\/product\/5251\/revisions"}],"predecessor-version":[{"id":6094,"href":"https:\/\/agenciausphot.com\/uze\/en\/wp-json\/wp\/v2\/product\/5251\/revisions\/6094"}],"wp:featuredmedia":[{"embeddable":true,"href":"https:\/\/agenciausphot.com\/uze\/en\/wp-json\/wp\/v2\/media\/5248"}],"wp:attachment":[{"href":"https:\/\/agenciausphot.com\/uze\/en\/wp-json\/wp\/v2\/media?parent=5251"}],"wp:term":[{"taxonomy":"brand","embeddable":true,"href":"https:\/\/agenciausphot.com\/uze\/en\/wp-json\/wp\/v2\/etheme_brands?post=5251"},{"taxonomy":"product_brand","embeddable":true,"href":"https:\/\/agenciausphot.com\/uze\/en\/wp-json\/wp\/v2\/product_brand?post=5251"},{"taxonomy":"product_cat","embeddable":true,"href":"https:\/\/agenciausphot.com\/uze\/en\/wp-json\/wp\/v2\/product_cat?post=5251"},{"taxonomy":"product_tag","embeddable":true,"href":"https:\/\/agenciausphot.com\/uze\/en\/wp-json\/wp\/v2\/product_tag?post=5251"}],"curies":[{"name":"wp","href":"https:\/\/api.w.org\/{rel}","templated":true}]}}