{"id":5244,"date":"2025-10-29T13:09:08","date_gmt":"2025-10-29T13:09:08","guid":{"rendered":"https:\/\/agenciausphot.com\/uze\/produto\/piercing-entrelacos-classico\/"},"modified":"2025-11-04T20:37:29","modified_gmt":"2025-11-04T20:37:29","slug":"piercing-entrelac%cc%a7os-classico","status":"publish","type":"product","link":"https:\/\/agenciausphot.com\/uze\/en\/product\/piercing-entrelac%cc%a7os-classico\/","title":{"rendered":"Piercing entrelac\u0327os cla\u0301ssico"},"content":{"rendered":"<h3 data-start=\"110\" data-end=\"136\">Detalhes do Produto:<\/h3>\n<p data-start=\"137\" data-end=\"485\">Piercing em <strong data-start=\"149\" data-end=\"171\">Prata 925 leg\u00edtima<\/strong>, com design delicado de <strong data-start=\"196\" data-end=\"218\">entrelace cl\u00e1ssico<\/strong>, formado por fios entrela\u00e7ados que criam um efeito elegante e sofisticado. Uma pe\u00e7a vers\u00e1til e moderna, perfeita para compor diferentes combina\u00e7\u00f5es, podendo ser usada sozinha para um visual minimalista ou acompanhada de outros piercings para um estilo mais ousado.<\/p>\n<p data-start=\"487\" data-end=\"610\">As pratas 925 possuem <strong data-start=\"509\" data-end=\"531\">garantia vital\u00edcia<\/strong>, reconhecidas por sua resist\u00eancia, durabilidade e excelente custo-benef\u00edcio.<\/p>\n<hr data-start=\"612\" data-end=\"615\">\n<h3 data-start=\"617\" data-end=\"649\">Especifica\u00e7\u00f5es do produto:<\/h3>\n<ul data-start=\"650\" data-end=\"852\">\n<li data-start=\"650\" data-end=\"694\">\n<p data-start=\"652\" data-end=\"694\"><strong data-start=\"652\" data-end=\"663\">Modelo:<\/strong> Piercing Entrala\u00e7os Cl\u00e1ssico<\/p>\n<\/li>\n<li data-start=\"695\" data-end=\"728\">\n<p data-start=\"697\" data-end=\"728\"><strong data-start=\"697\" data-end=\"708\">Design:<\/strong> Fios entrela\u00e7ados<\/p>\n<\/li>\n<li data-start=\"729\" data-end=\"765\">\n<p data-start=\"731\" data-end=\"765\"><strong data-start=\"731\" data-end=\"744\">Material:<\/strong> Prata 925 leg\u00edtima<\/p>\n<\/li>\n<li data-start=\"766\" data-end=\"802\">\n<p data-start=\"768\" data-end=\"802\"><strong data-start=\"768\" data-end=\"783\">Acabamento:<\/strong> Polido brilhante<\/p>\n<\/li>\n<li data-start=\"803\" data-end=\"826\">\n<p data-start=\"805\" data-end=\"826\"><strong data-start=\"805\" data-end=\"816\">G\u00eanero:<\/strong> Unissex<\/p>\n<\/li>\n<li data-start=\"827\" data-end=\"852\">\n<p data-start=\"829\" data-end=\"852\"><strong data-start=\"829\" data-end=\"838\">Peso:<\/strong> Aprox. 1,2g<\/p>\n<\/li>\n<\/ul>\n<hr data-start=\"854\" data-end=\"857\">\n<h3 data-start=\"859\" data-end=\"874\">Garantia:<\/h3>\n<p data-start=\"875\" data-end=\"1143\">Todos os piercings em <strong data-start=\"897\" data-end=\"910\">Prata 925<\/strong> acompanham <strong data-start=\"922\" data-end=\"966\">Certificado de Garantia de Autenticidade<\/strong>, assegurando a <strong data-start=\"982\" data-end=\"1000\">dura\u00e7\u00e3o eterna<\/strong> do material. Diferente das bijuterias, pe\u00e7as em Prata 925 preservam brilho, valor e sofistica\u00e7\u00e3o por toda a vida, assim como o <strong data-start=\"1128\" data-end=\"1140\">Ouro 18k<\/strong>.<\/p>\n<hr data-start=\"1145\" data-end=\"1150\">\n<p data-start=\"1152\" data-end=\"1279\" data-is-last-node=\"\" data-is-only-node=\"\">","protected":false},"excerpt":{"rendered":"<p>Detalhes do Produto: Piercing em Prata 925 leg\u00edtima, com design delicado de entrelace cl\u00e1ssico, formado por fios entrela\u00e7ados que criam um efeito elegante e sofisticado&#8230;.<\/p>","protected":false},"featured_media":5240,"comment_status":"open","ping_status":"closed","template":"","meta":[],"etheme_brands":[],"product_brand":[],"product_cat":[113,96],"product_tag":[133],"class_list":{"0":"post-5244","1":"product","2":"type-product","3":"status-publish","4":"has-post-thumbnail","6":"product_cat-categoriapiercingspiercing-de-nariz","7":"product_cat-categoriapiercings","8":"product_tag-uze-pratas","10":"first","11":"outofstock","12":"shipping-taxable","13":"purchasable","14":"product-type-simple"},"_links":{"self":[{"href":"https:\/\/agenciausphot.com\/uze\/en\/wp-json\/wp\/v2\/product\/5244","targetHints":{"allow":["GET"]}}],"collection":[{"href":"https:\/\/agenciausphot.com\/uze\/en\/wp-json\/wp\/v2\/product"}],"about":[{"href":"https:\/\/agenciausphot.com\/uze\/en\/wp-json\/wp\/v2\/types\/product"}],"replies":[{"embeddable":true,"href":"https:\/\/agenciausphot.com\/uze\/en\/wp-json\/wp\/v2\/comments?post=5244"}],"version-history":[{"count":1,"href":"https:\/\/agenciausphot.com\/uze\/en\/wp-json\/wp\/v2\/product\/5244\/revisions"}],"predecessor-version":[{"id":6092,"href":"https:\/\/agenciausphot.com\/uze\/en\/wp-json\/wp\/v2\/product\/5244\/revisions\/6092"}],"wp:featuredmedia":[{"embeddable":true,"href":"https:\/\/agenciausphot.com\/uze\/en\/wp-json\/wp\/v2\/media\/5240"}],"wp:attachment":[{"href":"https:\/\/agenciausphot.com\/uze\/en\/wp-json\/wp\/v2\/media?parent=5244"}],"wp:term":[{"taxonomy":"brand","embeddable":true,"href":"https:\/\/agenciausphot.com\/uze\/en\/wp-json\/wp\/v2\/etheme_brands?post=5244"},{"taxonomy":"product_brand","embeddable":true,"href":"https:\/\/agenciausphot.com\/uze\/en\/wp-json\/wp\/v2\/product_brand?post=5244"},{"taxonomy":"product_cat","embeddable":true,"href":"https:\/\/agenciausphot.com\/uze\/en\/wp-json\/wp\/v2\/product_cat?post=5244"},{"taxonomy":"product_tag","embeddable":true,"href":"https:\/\/agenciausphot.com\/uze\/en\/wp-json\/wp\/v2\/product_tag?post=5244"}],"curies":[{"name":"wp","href":"https:\/\/api.w.org\/{rel}","templated":true}]}}