{"id":5237,"date":"2025-10-29T13:09:02","date_gmt":"2025-10-29T13:09:02","guid":{"rendered":"https:\/\/agenciausphot.com\/uze\/produto\/anel-abelha-cravejada\/"},"modified":"2025-12-05T04:41:36","modified_gmt":"2025-12-05T04:41:36","slug":"anel-abelha-cravejada","status":"publish","type":"product","link":"https:\/\/agenciausphot.com\/uze\/en\/product\/anel-abelha-cravejada\/","title":{"rendered":"Anel abelha cravejada"},"content":{"rendered":"<h3 data-start=\"103\" data-end=\"129\">Detalhes do Produto:<\/h3>\n<p data-start=\"130\" data-end=\"477\">Anel em <strong data-start=\"138\" data-end=\"160\">Prata 925 leg\u00edtima<\/strong>, com design exclusivo em formato de <strong data-start=\"197\" data-end=\"207\">abelha<\/strong>, s\u00edmbolo de trabalho, dedica\u00e7\u00e3o e prosperidade. O corpo e as asas da abelha s\u00e3o <strong data-start=\"288\" data-end=\"327\">cravejados com zirc\u00f4nias brilhantes<\/strong>, que garantem um efeito luminoso e sofisticado. Uma joia delicada e moderna, perfeita para quem gosta de acess\u00f3rios com significado e estilo \u00fanico.<\/p>\n<p data-start=\"479\" data-end=\"602\">As pratas 925 possuem <strong data-start=\"501\" data-end=\"523\">garantia vital\u00edcia<\/strong>, reconhecidas por sua resist\u00eancia, durabilidade e excelente custo-benef\u00edcio.<\/p>\n<hr data-start=\"604\" data-end=\"607\">\n<h3 data-start=\"609\" data-end=\"641\">Especifica\u00e7\u00f5es do produto:<\/h3>\n<ul data-start=\"642\" data-end=\"918\">\n<li data-start=\"642\" data-end=\"679\">\n<p data-start=\"644\" data-end=\"679\"><strong data-start=\"644\" data-end=\"655\">Modelo:<\/strong> Anel Abelha Cravejada<\/p>\n<\/li>\n<li data-start=\"680\" data-end=\"727\">\n<p data-start=\"682\" data-end=\"727\"><strong data-start=\"682\" data-end=\"694\">Formato:<\/strong> Abelha detalhada com zirc\u00f4nias<\/p>\n<\/li>\n<li data-start=\"728\" data-end=\"781\">\n<p data-start=\"730\" data-end=\"781\"><strong data-start=\"730\" data-end=\"741\">Pedras:<\/strong> Zirc\u00f4nias cristal (microcravejamento)<\/p>\n<\/li>\n<li data-start=\"782\" data-end=\"818\">\n<p data-start=\"784\" data-end=\"818\"><strong data-start=\"784\" data-end=\"797\">Material:<\/strong> Prata 925 leg\u00edtima<\/p>\n<\/li>\n<li data-start=\"819\" data-end=\"867\">\n<p data-start=\"821\" data-end=\"867\"><strong data-start=\"821\" data-end=\"836\">Acabamento:<\/strong> Polido brilhante + cravejado<\/p>\n<\/li>\n<li data-start=\"868\" data-end=\"892\">\n<p data-start=\"870\" data-end=\"892\"><strong data-start=\"870\" data-end=\"881\">G\u00eanero:<\/strong> Feminino<\/p>\n<\/li>\n<li data-start=\"893\" data-end=\"918\">\n<p data-start=\"895\" data-end=\"918\"><strong data-start=\"895\" data-end=\"904\">Peso:<\/strong> Aprox. 2,8g<\/p>\n<\/li>\n<\/ul>\n<hr data-start=\"920\" data-end=\"923\">\n<h3 data-start=\"925\" data-end=\"940\">Garantia:<\/h3>\n<p data-start=\"941\" data-end=\"1191\">Todos os an\u00e9is em <strong data-start=\"959\" data-end=\"972\">Prata 925<\/strong> acompanham <strong data-start=\"984\" data-end=\"1028\">Certificado de Garantia de Autenticidade<\/strong>, assegurando a <strong data-start=\"1044\" data-end=\"1062\">dura\u00e7\u00e3o eterna<\/strong> do material. Diferente das bijuterias, pe\u00e7as em Prata 925 preservam brilho e valor por toda a vida, assim como o <strong data-start=\"1176\" data-end=\"1188\">Ouro 18k<\/strong>.<\/p>\n<hr data-start=\"1193\" data-end=\"1198\">\n<p data-start=\"1200\" data-end=\"1336\" data-is-last-node=\"\" data-is-only-node=\"\">","protected":false},"excerpt":{"rendered":"<p>Detalhes do Produto: Anel em Prata 925 leg\u00edtima, com design exclusivo em formato de abelha, s\u00edmbolo de trabalho, dedica\u00e7\u00e3o e prosperidade. O corpo e as&#8230;<\/p>","protected":false},"featured_media":5236,"comment_status":"open","ping_status":"closed","template":"","meta":[],"etheme_brands":[],"product_brand":[],"product_cat":[103,92],"product_tag":[133],"class_list":{"0":"post-5237","1":"product","2":"type-product","3":"status-publish","4":"has-post-thumbnail","6":"product_cat-categoriaanisanel-feminino","7":"product_cat-categoriaanis","8":"product_tag-uze-pratas","10":"first","11":"instock","12":"shipping-taxable","13":"purchasable","14":"product-type-simple"},"_links":{"self":[{"href":"https:\/\/agenciausphot.com\/uze\/en\/wp-json\/wp\/v2\/product\/5237","targetHints":{"allow":["GET"]}}],"collection":[{"href":"https:\/\/agenciausphot.com\/uze\/en\/wp-json\/wp\/v2\/product"}],"about":[{"href":"https:\/\/agenciausphot.com\/uze\/en\/wp-json\/wp\/v2\/types\/product"}],"replies":[{"embeddable":true,"href":"https:\/\/agenciausphot.com\/uze\/en\/wp-json\/wp\/v2\/comments?post=5237"}],"version-history":[{"count":1,"href":"https:\/\/agenciausphot.com\/uze\/en\/wp-json\/wp\/v2\/product\/5237\/revisions"}],"predecessor-version":[{"id":6090,"href":"https:\/\/agenciausphot.com\/uze\/en\/wp-json\/wp\/v2\/product\/5237\/revisions\/6090"}],"wp:featuredmedia":[{"embeddable":true,"href":"https:\/\/agenciausphot.com\/uze\/en\/wp-json\/wp\/v2\/media\/5236"}],"wp:attachment":[{"href":"https:\/\/agenciausphot.com\/uze\/en\/wp-json\/wp\/v2\/media?parent=5237"}],"wp:term":[{"taxonomy":"brand","embeddable":true,"href":"https:\/\/agenciausphot.com\/uze\/en\/wp-json\/wp\/v2\/etheme_brands?post=5237"},{"taxonomy":"product_brand","embeddable":true,"href":"https:\/\/agenciausphot.com\/uze\/en\/wp-json\/wp\/v2\/product_brand?post=5237"},{"taxonomy":"product_cat","embeddable":true,"href":"https:\/\/agenciausphot.com\/uze\/en\/wp-json\/wp\/v2\/product_cat?post=5237"},{"taxonomy":"product_tag","embeddable":true,"href":"https:\/\/agenciausphot.com\/uze\/en\/wp-json\/wp\/v2\/product_tag?post=5237"}],"curies":[{"name":"wp","href":"https:\/\/api.w.org\/{rel}","templated":true}]}}