{"id":5224,"date":"2025-10-29T13:08:53","date_gmt":"2025-10-29T13:08:53","guid":{"rendered":"https:\/\/agenciausphot.com\/uze\/produto\/berloque-drink\/"},"modified":"2025-11-04T20:37:23","modified_gmt":"2025-11-04T20:37:23","slug":"berloque-drink","status":"publish","type":"product","link":"https:\/\/agenciausphot.com\/uze\/en\/product\/berloque-drink\/","title":{"rendered":"Berloque drink"},"content":{"rendered":"<h3 data-start=\"96\" data-end=\"122\">Detalhes do Produto:<\/h3>\n<p data-start=\"123\" data-end=\"423\">Berloque em <strong data-start=\"135\" data-end=\"157\">Prata 925 leg\u00edtima<\/strong>, com design criativo em formato de <strong data-start=\"193\" data-end=\"210\">ta\u00e7a de drink<\/strong>, perfeito para simbolizar alegria, celebra\u00e7\u00e3o e momentos especiais. Uma joia divertida e moderna, ideal para personalizar pulseiras e eternizar lembran\u00e7as de viagens, festas e encontros cheios de boas energias.<\/p>\n<p data-start=\"425\" data-end=\"548\">As pratas 925 possuem <strong data-start=\"447\" data-end=\"469\">garantia vital\u00edcia<\/strong>, reconhecidas por sua resist\u00eancia, durabilidade e excelente custo-benef\u00edcio.<\/p>\n<hr data-start=\"550\" data-end=\"553\">\n<h3 data-start=\"555\" data-end=\"587\">Especifica\u00e7\u00f5es do produto:<\/h3>\n<ul data-start=\"588\" data-end=\"982\">\n<li data-start=\"588\" data-end=\"618\">\n<p data-start=\"590\" data-end=\"618\"><strong data-start=\"590\" data-end=\"601\">Modelo:<\/strong> Berloque Drink<\/p>\n<\/li>\n<li data-start=\"619\" data-end=\"731\">\n<p data-start=\"621\" data-end=\"731\"><strong data-start=\"621\" data-end=\"633\">Formato:<\/strong> Ta\u00e7a de drink estilizada (podendo ter detalhes de fruta, canudo ou guarda-sol, conforme modelo)<\/p>\n<\/li>\n<li data-start=\"732\" data-end=\"768\">\n<p data-start=\"734\" data-end=\"768\"><strong data-start=\"734\" data-end=\"747\">Material:<\/strong> Prata 925 leg\u00edtima<\/p>\n<\/li>\n<li data-start=\"769\" data-end=\"863\">\n<p data-start=\"771\" data-end=\"863\"><strong data-start=\"771\" data-end=\"786\">Acabamento:<\/strong> Polido brilhante + detalhes esmaltados coloridos (varia conforme o modelo)<\/p>\n<\/li>\n<li data-start=\"864\" data-end=\"949\">\n<p data-start=\"866\" data-end=\"949\"><strong data-start=\"866\" data-end=\"886\">Compatibilidade:<\/strong> Pulseiras estilo europeu (Pandora, Life, Morana e similares)<\/p>\n<\/li>\n<li data-start=\"950\" data-end=\"982\">\n<p data-start=\"952\" data-end=\"982\"><strong data-start=\"952\" data-end=\"961\">Peso:<\/strong> Aprox. 1,8g \u2013 2,0g<\/p>\n<\/li>\n<\/ul>\n<hr data-start=\"984\" data-end=\"987\">\n<h3 data-start=\"989\" data-end=\"1004\">Garantia:<\/h3>\n<p data-start=\"1005\" data-end=\"1259\">Todos os berloques em <strong data-start=\"1027\" data-end=\"1040\">Prata 925<\/strong> acompanham <strong data-start=\"1052\" data-end=\"1096\">Certificado de Garantia de Autenticidade<\/strong>, assegurando a <strong data-start=\"1112\" data-end=\"1130\">dura\u00e7\u00e3o eterna<\/strong> do material. Diferente das bijuterias, pe\u00e7as em Prata 925 preservam brilho e valor por toda a vida, assim como o <strong data-start=\"1244\" data-end=\"1256\">Ouro 18k<\/strong>.<\/p>","protected":false},"excerpt":{"rendered":"<p>Detalhes do Produto: Berloque em Prata 925 leg\u00edtima, com design criativo em formato de ta\u00e7a de drink, perfeito para simbolizar alegria, celebra\u00e7\u00e3o e momentos especiais&#8230;.<\/p>","protected":false},"featured_media":5222,"comment_status":"open","ping_status":"closed","template":"","meta":[],"etheme_brands":[],"product_brand":[],"product_cat":[127],"product_tag":[133],"class_list":{"0":"post-5224","1":"product","2":"type-product","3":"status-publish","4":"has-post-thumbnail","6":"product_cat-categoriaberloques","7":"product_tag-uze-pratas","9":"first","10":"instock","11":"shipping-taxable","12":"purchasable","13":"product-type-simple"},"_links":{"self":[{"href":"https:\/\/agenciausphot.com\/uze\/en\/wp-json\/wp\/v2\/product\/5224","targetHints":{"allow":["GET"]}}],"collection":[{"href":"https:\/\/agenciausphot.com\/uze\/en\/wp-json\/wp\/v2\/product"}],"about":[{"href":"https:\/\/agenciausphot.com\/uze\/en\/wp-json\/wp\/v2\/types\/product"}],"replies":[{"embeddable":true,"href":"https:\/\/agenciausphot.com\/uze\/en\/wp-json\/wp\/v2\/comments?post=5224"}],"version-history":[{"count":1,"href":"https:\/\/agenciausphot.com\/uze\/en\/wp-json\/wp\/v2\/product\/5224\/revisions"}],"predecessor-version":[{"id":6084,"href":"https:\/\/agenciausphot.com\/uze\/en\/wp-json\/wp\/v2\/product\/5224\/revisions\/6084"}],"wp:featuredmedia":[{"embeddable":true,"href":"https:\/\/agenciausphot.com\/uze\/en\/wp-json\/wp\/v2\/media\/5222"}],"wp:attachment":[{"href":"https:\/\/agenciausphot.com\/uze\/en\/wp-json\/wp\/v2\/media?parent=5224"}],"wp:term":[{"taxonomy":"brand","embeddable":true,"href":"https:\/\/agenciausphot.com\/uze\/en\/wp-json\/wp\/v2\/etheme_brands?post=5224"},{"taxonomy":"product_brand","embeddable":true,"href":"https:\/\/agenciausphot.com\/uze\/en\/wp-json\/wp\/v2\/product_brand?post=5224"},{"taxonomy":"product_cat","embeddable":true,"href":"https:\/\/agenciausphot.com\/uze\/en\/wp-json\/wp\/v2\/product_cat?post=5224"},{"taxonomy":"product_tag","embeddable":true,"href":"https:\/\/agenciausphot.com\/uze\/en\/wp-json\/wp\/v2\/product_tag?post=5224"}],"curies":[{"name":"wp","href":"https:\/\/api.w.org\/{rel}","templated":true}]}}