{"id":5217,"date":"2025-10-29T13:08:48","date_gmt":"2025-10-29T13:08:48","guid":{"rendered":"https:\/\/agenciausphot.com\/uze\/produto\/berloque-separador-vazado-em-renda\/"},"modified":"2025-11-04T20:37:21","modified_gmt":"2025-11-04T20:37:21","slug":"berloque-separador-vazado-em-renda","status":"publish","type":"product","link":"https:\/\/agenciausphot.com\/uze\/en\/product\/berloque-separador-vazado-em-renda\/","title":{"rendered":"Berloque separador vazado em renda"},"content":{"rendered":"<h3 data-start=\"114\" data-end=\"140\">Detalhes do Produto:<\/h3>\n<p data-start=\"141\" data-end=\"417\">Berloque separador em <strong data-start=\"163\" data-end=\"185\">Prata 925 leg\u00edtima<\/strong>, com design delicado em <strong data-start=\"210\" data-end=\"234\">trama rendada vazada<\/strong>, que transmite eleg\u00e2ncia, feminilidade e sofistica\u00e7\u00e3o. Uma pe\u00e7a encantadora e vers\u00e1til, perfeita para organizar berloques na pulseira, acrescentando leveza e requinte \u00e0 composi\u00e7\u00e3o.<\/p>\n<p data-start=\"419\" data-end=\"542\">As pratas 925 possuem <strong data-start=\"441\" data-end=\"463\">garantia vital\u00edcia<\/strong>, reconhecidas por sua resist\u00eancia, durabilidade e excelente custo-benef\u00edcio.<\/p>\n<hr data-start=\"544\" data-end=\"547\">\n<h3 data-start=\"549\" data-end=\"581\">Especifica\u00e7\u00f5es do produto:<\/h3>\n<ul data-start=\"582\" data-end=\"979\">\n<li data-start=\"582\" data-end=\"632\">\n<p data-start=\"584\" data-end=\"632\"><strong data-start=\"584\" data-end=\"595\">Modelo:<\/strong> Berloque Separador Vazado em Renda<\/p>\n<\/li>\n<li data-start=\"633\" data-end=\"692\">\n<p data-start=\"635\" data-end=\"692\"><strong data-start=\"635\" data-end=\"647\">Formato:<\/strong> Estrutura cil\u00edndrica com detalhes rendados<\/p>\n<\/li>\n<li data-start=\"693\" data-end=\"729\">\n<p data-start=\"695\" data-end=\"729\"><strong data-start=\"695\" data-end=\"708\">Material:<\/strong> Prata 925 leg\u00edtima<\/p>\n<\/li>\n<li data-start=\"730\" data-end=\"821\">\n<p data-start=\"732\" data-end=\"821\"><strong data-start=\"732\" data-end=\"747\">Acabamento:<\/strong> Polido brilhante (com possibilidade de vers\u00f5es cravejadas em zirc\u00f4nias)<\/p>\n<\/li>\n<li data-start=\"822\" data-end=\"860\">\n<p data-start=\"824\" data-end=\"860\"><strong data-start=\"824\" data-end=\"835\">Fun\u00e7\u00e3o:<\/strong> Separador de berloques<\/p>\n<\/li>\n<li data-start=\"861\" data-end=\"946\">\n<p data-start=\"863\" data-end=\"946\"><strong data-start=\"863\" data-end=\"883\">Compatibilidade:<\/strong> Pulseiras estilo europeu (Pandora, Life, Morana e similares)<\/p>\n<\/li>\n<li data-start=\"947\" data-end=\"979\">\n<p data-start=\"949\" data-end=\"979\"><strong data-start=\"949\" data-end=\"958\">Peso:<\/strong> Aprox. 1,5g \u2013 1,8g<\/p>\n<\/li>\n<\/ul>\n<hr data-start=\"981\" data-end=\"984\">\n<h3 data-start=\"986\" data-end=\"1001\">Garantia:<\/h3>\n<p data-start=\"1002\" data-end=\"1256\">Todos os berloques em <strong data-start=\"1024\" data-end=\"1037\">Prata 925<\/strong> acompanham <strong data-start=\"1049\" data-end=\"1093\">Certificado de Garantia de Autenticidade<\/strong>, assegurando a <strong data-start=\"1109\" data-end=\"1127\">dura\u00e7\u00e3o eterna<\/strong> do material. Diferente das bijuterias, pe\u00e7as em Prata 925 preservam brilho e valor por toda a vida, assim como o <strong data-start=\"1241\" data-end=\"1253\">Ouro 18k<\/strong>.<\/p>","protected":false},"excerpt":{"rendered":"<p>Detalhes do Produto: Berloque separador em Prata 925 leg\u00edtima, com design delicado em trama rendada vazada, que transmite eleg\u00e2ncia, feminilidade e sofistica\u00e7\u00e3o. Uma pe\u00e7a encantadora&#8230;<\/p>","protected":false},"featured_media":5215,"comment_status":"open","ping_status":"closed","template":"","meta":[],"etheme_brands":[],"product_brand":[],"product_cat":[127],"product_tag":[133],"class_list":{"0":"post-5217","1":"product","2":"type-product","3":"status-publish","4":"has-post-thumbnail","6":"product_cat-categoriaberloques","7":"product_tag-uze-pratas","9":"first","10":"outofstock","11":"shipping-taxable","12":"purchasable","13":"product-type-simple"},"_links":{"self":[{"href":"https:\/\/agenciausphot.com\/uze\/en\/wp-json\/wp\/v2\/product\/5217","targetHints":{"allow":["GET"]}}],"collection":[{"href":"https:\/\/agenciausphot.com\/uze\/en\/wp-json\/wp\/v2\/product"}],"about":[{"href":"https:\/\/agenciausphot.com\/uze\/en\/wp-json\/wp\/v2\/types\/product"}],"replies":[{"embeddable":true,"href":"https:\/\/agenciausphot.com\/uze\/en\/wp-json\/wp\/v2\/comments?post=5217"}],"version-history":[{"count":1,"href":"https:\/\/agenciausphot.com\/uze\/en\/wp-json\/wp\/v2\/product\/5217\/revisions"}],"predecessor-version":[{"id":6081,"href":"https:\/\/agenciausphot.com\/uze\/en\/wp-json\/wp\/v2\/product\/5217\/revisions\/6081"}],"wp:featuredmedia":[{"embeddable":true,"href":"https:\/\/agenciausphot.com\/uze\/en\/wp-json\/wp\/v2\/media\/5215"}],"wp:attachment":[{"href":"https:\/\/agenciausphot.com\/uze\/en\/wp-json\/wp\/v2\/media?parent=5217"}],"wp:term":[{"taxonomy":"brand","embeddable":true,"href":"https:\/\/agenciausphot.com\/uze\/en\/wp-json\/wp\/v2\/etheme_brands?post=5217"},{"taxonomy":"product_brand","embeddable":true,"href":"https:\/\/agenciausphot.com\/uze\/en\/wp-json\/wp\/v2\/product_brand?post=5217"},{"taxonomy":"product_cat","embeddable":true,"href":"https:\/\/agenciausphot.com\/uze\/en\/wp-json\/wp\/v2\/product_cat?post=5217"},{"taxonomy":"product_tag","embeddable":true,"href":"https:\/\/agenciausphot.com\/uze\/en\/wp-json\/wp\/v2\/product_tag?post=5217"}],"curies":[{"name":"wp","href":"https:\/\/api.w.org\/{rel}","templated":true}]}}