{"id":5214,"date":"2025-10-29T13:08:45","date_gmt":"2025-10-29T13:08:45","guid":{"rendered":"https:\/\/agenciausphot.com\/uze\/produto\/berloque-separador-redondo-vazado\/"},"modified":"2025-11-04T20:37:20","modified_gmt":"2025-11-04T20:37:20","slug":"berloque-separador-redondo-vazado","status":"publish","type":"product","link":"https:\/\/agenciausphot.com\/uze\/en\/product\/berloque-separador-redondo-vazado\/","title":{"rendered":"Berloque separador redondo vazado"},"content":{"rendered":"<h3 data-start=\"110\" data-end=\"136\">Detalhes do Produto:<\/h3>\n<p data-start=\"137\" data-end=\"398\">Berloque separador em <strong data-start=\"159\" data-end=\"181\">Prata 925 leg\u00edtima<\/strong>, com design em formato <strong data-start=\"205\" data-end=\"220\">oval vazado<\/strong>, que traz leveza e sofistica\u00e7\u00e3o ao visual. Uma pe\u00e7a vers\u00e1til e delicada, ideal para organizar berloques na pulseira, proporcionando equil\u00edbrio e um toque moderno \u00e0 composi\u00e7\u00e3o.<\/p>\n<p data-start=\"400\" data-end=\"523\">As pratas 925 possuem <strong data-start=\"422\" data-end=\"444\">garantia vital\u00edcia<\/strong>, reconhecidas por sua resist\u00eancia, durabilidade e excelente custo-benef\u00edcio.<\/p>\n<hr data-start=\"525\" data-end=\"528\">\n<h3 data-start=\"530\" data-end=\"562\">Especifica\u00e7\u00f5es do produto:<\/h3>\n<ul data-start=\"563\" data-end=\"934\">\n<li data-start=\"563\" data-end=\"609\">\n<p data-start=\"565\" data-end=\"609\"><strong data-start=\"565\" data-end=\"576\">Modelo:<\/strong> Berloque Separador Oval Vazado<\/p>\n<\/li>\n<li data-start=\"610\" data-end=\"660\">\n<p data-start=\"612\" data-end=\"660\"><strong data-start=\"612\" data-end=\"624\">Formato:<\/strong> Estrutura oval detalhada e vazada<\/p>\n<\/li>\n<li data-start=\"661\" data-end=\"697\">\n<p data-start=\"663\" data-end=\"697\"><strong data-start=\"663\" data-end=\"676\">Material:<\/strong> Prata 925 leg\u00edtima<\/p>\n<\/li>\n<li data-start=\"698\" data-end=\"776\">\n<p data-start=\"700\" data-end=\"776\"><strong data-start=\"700\" data-end=\"715\">Acabamento:<\/strong> Polido brilhante (podendo ter vers\u00f5es lisas ou cravejadas)<\/p>\n<\/li>\n<li data-start=\"777\" data-end=\"815\">\n<p data-start=\"779\" data-end=\"815\"><strong data-start=\"779\" data-end=\"790\">Fun\u00e7\u00e3o:<\/strong> Separador de berloques<\/p>\n<\/li>\n<li data-start=\"816\" data-end=\"901\">\n<p data-start=\"818\" data-end=\"901\"><strong data-start=\"818\" data-end=\"838\">Compatibilidade:<\/strong> Pulseiras estilo europeu (Pandora, Life, Morana e similares)<\/p>\n<\/li>\n<li data-start=\"902\" data-end=\"934\">\n<p data-start=\"904\" data-end=\"934\"><strong data-start=\"904\" data-end=\"913\">Peso:<\/strong> Aprox. 1,5g \u2013 1,8g<\/p>\n<\/li>\n<\/ul>\n<hr data-start=\"936\" data-end=\"939\">\n<h3 data-start=\"941\" data-end=\"956\">Garantia:<\/h3>\n<p data-start=\"957\" data-end=\"1211\">Todos os berloques em <strong data-start=\"979\" data-end=\"992\">Prata 925<\/strong> acompanham <strong data-start=\"1004\" data-end=\"1048\">Certificado de Garantia de Autenticidade<\/strong>, assegurando a <strong data-start=\"1064\" data-end=\"1082\">dura\u00e7\u00e3o eterna<\/strong> do material. Diferente das bijuterias, pe\u00e7as em Prata 925 preservam brilho e valor por toda a vida, assim como o <strong data-start=\"1196\" data-end=\"1208\">Ouro 18k<\/strong>.<\/p>","protected":false},"excerpt":{"rendered":"<p>Detalhes do Produto: Berloque separador em Prata 925 leg\u00edtima, com design em formato oval vazado, que traz leveza e sofistica\u00e7\u00e3o ao visual. Uma pe\u00e7a vers\u00e1til&#8230;<\/p>","protected":false},"featured_media":5213,"comment_status":"open","ping_status":"closed","template":"","meta":[],"etheme_brands":[],"product_brand":[],"product_cat":[127],"product_tag":[133],"class_list":{"0":"post-5214","1":"product","2":"type-product","3":"status-publish","4":"has-post-thumbnail","6":"product_cat-categoriaberloques","7":"product_tag-uze-pratas","9":"first","10":"instock","11":"shipping-taxable","12":"purchasable","13":"product-type-simple"},"_links":{"self":[{"href":"https:\/\/agenciausphot.com\/uze\/en\/wp-json\/wp\/v2\/product\/5214","targetHints":{"allow":["GET"]}}],"collection":[{"href":"https:\/\/agenciausphot.com\/uze\/en\/wp-json\/wp\/v2\/product"}],"about":[{"href":"https:\/\/agenciausphot.com\/uze\/en\/wp-json\/wp\/v2\/types\/product"}],"replies":[{"embeddable":true,"href":"https:\/\/agenciausphot.com\/uze\/en\/wp-json\/wp\/v2\/comments?post=5214"}],"version-history":[{"count":1,"href":"https:\/\/agenciausphot.com\/uze\/en\/wp-json\/wp\/v2\/product\/5214\/revisions"}],"predecessor-version":[{"id":6080,"href":"https:\/\/agenciausphot.com\/uze\/en\/wp-json\/wp\/v2\/product\/5214\/revisions\/6080"}],"wp:featuredmedia":[{"embeddable":true,"href":"https:\/\/agenciausphot.com\/uze\/en\/wp-json\/wp\/v2\/media\/5213"}],"wp:attachment":[{"href":"https:\/\/agenciausphot.com\/uze\/en\/wp-json\/wp\/v2\/media?parent=5214"}],"wp:term":[{"taxonomy":"brand","embeddable":true,"href":"https:\/\/agenciausphot.com\/uze\/en\/wp-json\/wp\/v2\/etheme_brands?post=5214"},{"taxonomy":"product_brand","embeddable":true,"href":"https:\/\/agenciausphot.com\/uze\/en\/wp-json\/wp\/v2\/product_brand?post=5214"},{"taxonomy":"product_cat","embeddable":true,"href":"https:\/\/agenciausphot.com\/uze\/en\/wp-json\/wp\/v2\/product_cat?post=5214"},{"taxonomy":"product_tag","embeddable":true,"href":"https:\/\/agenciausphot.com\/uze\/en\/wp-json\/wp\/v2\/product_tag?post=5214"}],"curies":[{"name":"wp","href":"https:\/\/api.w.org\/{rel}","templated":true}]}}