{"id":5212,"date":"2025-10-29T13:08:43","date_gmt":"2025-10-29T13:08:43","guid":{"rendered":"https:\/\/agenciausphot.com\/uze\/produto\/berloque-separador-oval-vazado\/"},"modified":"2025-11-04T20:37:20","modified_gmt":"2025-11-04T20:37:20","slug":"berloque-separador-oval-vazado","status":"publish","type":"product","link":"https:\/\/agenciausphot.com\/uze\/en\/product\/berloque-separador-oval-vazado\/","title":{"rendered":"Berloque separador oval vazado"},"content":{"rendered":"<h3 data-start=\"110\" data-end=\"136\">Detalhes do Produto:<\/h3>\n<p data-start=\"137\" data-end=\"412\">Berloque separador em <strong data-start=\"159\" data-end=\"181\">Prata 925 leg\u00edtima<\/strong>, com design elegante em formato <strong data-start=\"214\" data-end=\"229\">oval vazado<\/strong>, que transmite leveza, sofistica\u00e7\u00e3o e versatilidade. Uma joia minimalista e charmosa, perfeita para organizar berloques na pulseira, trazendo equil\u00edbrio e modernidade \u00e0 composi\u00e7\u00e3o.<\/p>\n<p data-start=\"414\" data-end=\"537\">As pratas 925 possuem <strong data-start=\"436\" data-end=\"458\">garantia vital\u00edcia<\/strong>, reconhecidas por sua resist\u00eancia, durabilidade e excelente custo-benef\u00edcio.<\/p>\n<hr data-start=\"539\" data-end=\"542\">\n<h3 data-start=\"544\" data-end=\"576\">Especifica\u00e7\u00f5es do produto:<\/h3>\n<ul data-start=\"577\" data-end=\"963\">\n<li data-start=\"577\" data-end=\"623\">\n<p data-start=\"579\" data-end=\"623\"><strong data-start=\"579\" data-end=\"590\">Modelo:<\/strong> Berloque Separador Oval Vazado<\/p>\n<\/li>\n<li data-start=\"624\" data-end=\"674\">\n<p data-start=\"626\" data-end=\"674\"><strong data-start=\"626\" data-end=\"638\">Formato:<\/strong> Estrutura oval com detalhe vazado<\/p>\n<\/li>\n<li data-start=\"675\" data-end=\"711\">\n<p data-start=\"677\" data-end=\"711\"><strong data-start=\"677\" data-end=\"690\">Material:<\/strong> Prata 925 leg\u00edtima<\/p>\n<\/li>\n<li data-start=\"712\" data-end=\"805\">\n<p data-start=\"714\" data-end=\"805\"><strong data-start=\"714\" data-end=\"729\">Acabamento:<\/strong> Polido brilhante (podendo ter varia\u00e7\u00f5es lisas ou cravejadas em zirc\u00f4nias)<\/p>\n<\/li>\n<li data-start=\"806\" data-end=\"844\">\n<p data-start=\"808\" data-end=\"844\"><strong data-start=\"808\" data-end=\"819\">Fun\u00e7\u00e3o:<\/strong> Separador de berloques<\/p>\n<\/li>\n<li data-start=\"845\" data-end=\"930\">\n<p data-start=\"847\" data-end=\"930\"><strong data-start=\"847\" data-end=\"867\">Compatibilidade:<\/strong> Pulseiras estilo europeu (Pandora, Life, Morana e similares)<\/p>\n<\/li>\n<li data-start=\"931\" data-end=\"963\">\n<p data-start=\"933\" data-end=\"963\"><strong data-start=\"933\" data-end=\"942\">Peso:<\/strong> Aprox. 1,5g \u2013 1,8g<\/p>\n<\/li>\n<\/ul>\n<hr data-start=\"965\" data-end=\"968\">\n<h3 data-start=\"970\" data-end=\"985\">Garantia:<\/h3>\n<p data-start=\"986\" data-end=\"1240\">Todos os berloques em <strong data-start=\"1008\" data-end=\"1021\">Prata 925<\/strong> acompanham <strong data-start=\"1033\" data-end=\"1077\">Certificado de Garantia de Autenticidade<\/strong>, assegurando a <strong data-start=\"1093\" data-end=\"1111\">dura\u00e7\u00e3o eterna<\/strong> do material. Diferente das bijuterias, pe\u00e7as em Prata 925 preservam brilho e valor por toda a vida, assim como o <strong data-start=\"1225\" data-end=\"1237\">Ouro 18k<\/strong>.<\/p>","protected":false},"excerpt":{"rendered":"<p>Detalhes do Produto: Berloque separador em Prata 925 leg\u00edtima, com design elegante em formato oval vazado, que transmite leveza, sofistica\u00e7\u00e3o e versatilidade. Uma joia minimalista&#8230;<\/p>","protected":false},"featured_media":5211,"comment_status":"open","ping_status":"closed","template":"","meta":[],"etheme_brands":[],"product_brand":[],"product_cat":[127],"product_tag":[133],"class_list":{"0":"post-5212","1":"product","2":"type-product","3":"status-publish","4":"has-post-thumbnail","6":"product_cat-categoriaberloques","7":"product_tag-uze-pratas","9":"first","10":"instock","11":"shipping-taxable","12":"purchasable","13":"product-type-simple"},"_links":{"self":[{"href":"https:\/\/agenciausphot.com\/uze\/en\/wp-json\/wp\/v2\/product\/5212","targetHints":{"allow":["GET"]}}],"collection":[{"href":"https:\/\/agenciausphot.com\/uze\/en\/wp-json\/wp\/v2\/product"}],"about":[{"href":"https:\/\/agenciausphot.com\/uze\/en\/wp-json\/wp\/v2\/types\/product"}],"replies":[{"embeddable":true,"href":"https:\/\/agenciausphot.com\/uze\/en\/wp-json\/wp\/v2\/comments?post=5212"}],"version-history":[{"count":1,"href":"https:\/\/agenciausphot.com\/uze\/en\/wp-json\/wp\/v2\/product\/5212\/revisions"}],"predecessor-version":[{"id":6079,"href":"https:\/\/agenciausphot.com\/uze\/en\/wp-json\/wp\/v2\/product\/5212\/revisions\/6079"}],"wp:featuredmedia":[{"embeddable":true,"href":"https:\/\/agenciausphot.com\/uze\/en\/wp-json\/wp\/v2\/media\/5211"}],"wp:attachment":[{"href":"https:\/\/agenciausphot.com\/uze\/en\/wp-json\/wp\/v2\/media?parent=5212"}],"wp:term":[{"taxonomy":"brand","embeddable":true,"href":"https:\/\/agenciausphot.com\/uze\/en\/wp-json\/wp\/v2\/etheme_brands?post=5212"},{"taxonomy":"product_brand","embeddable":true,"href":"https:\/\/agenciausphot.com\/uze\/en\/wp-json\/wp\/v2\/product_brand?post=5212"},{"taxonomy":"product_cat","embeddable":true,"href":"https:\/\/agenciausphot.com\/uze\/en\/wp-json\/wp\/v2\/product_cat?post=5212"},{"taxonomy":"product_tag","embeddable":true,"href":"https:\/\/agenciausphot.com\/uze\/en\/wp-json\/wp\/v2\/product_tag?post=5212"}],"curies":[{"name":"wp","href":"https:\/\/api.w.org\/{rel}","templated":true}]}}