{"id":5204,"date":"2025-10-29T13:08:37","date_gmt":"2025-10-29T13:08:37","guid":{"rendered":"https:\/\/agenciausphot.com\/uze\/produto\/berloque-separador-stitch\/"},"modified":"2025-11-04T20:37:18","modified_gmt":"2025-11-04T20:37:18","slug":"berloque-separador-stitch","status":"publish","type":"product","link":"https:\/\/agenciausphot.com\/uze\/en\/product\/berloque-separador-stitch\/","title":{"rendered":"Berloque separador stitch"},"content":{"rendered":"<h3 data-start=\"107\" data-end=\"133\">Detalhes do Produto:<\/h3>\n<p data-start=\"134\" data-end=\"429\">Berloque separador em <strong data-start=\"156\" data-end=\"178\">Prata 925 leg\u00edtima<\/strong>, inspirado no personagem <strong data-start=\"204\" data-end=\"214\">Stitch<\/strong> (<em data-start=\"216\" data-end=\"231\">Lilo &amp; Stitch<\/em>), s\u00edmbolo de amizade, divers\u00e3o e lealdade. Uma pe\u00e7a charmosa e divertida, perfeita para quem ama o universo Disney e deseja personalizar sua pulseira com um toque alegre e cheio de personalidade.<\/p>\n<p data-start=\"431\" data-end=\"554\">As pratas 925 possuem <strong data-start=\"453\" data-end=\"475\">garantia vital\u00edcia<\/strong>, reconhecidas por sua resist\u00eancia, durabilidade e excelente custo-benef\u00edcio.<\/p>\n<hr data-start=\"556\" data-end=\"559\">\n<h3 data-start=\"561\" data-end=\"593\">Especifica\u00e7\u00f5es do produto:<\/h3>\n<ul data-start=\"594\" data-end=\"977\">\n<li data-start=\"594\" data-end=\"635\">\n<p data-start=\"596\" data-end=\"635\"><strong data-start=\"596\" data-end=\"607\">Modelo:<\/strong> Berloque Separador Stitch<\/p>\n<\/li>\n<li data-start=\"636\" data-end=\"696\">\n<p data-start=\"638\" data-end=\"696\"><strong data-start=\"638\" data-end=\"650\">Formato:<\/strong> Cil\u00edndrico com detalhe do personagem Stitch<\/p>\n<\/li>\n<li data-start=\"697\" data-end=\"733\">\n<p data-start=\"699\" data-end=\"733\"><strong data-start=\"699\" data-end=\"712\">Material:<\/strong> Prata 925 leg\u00edtima<\/p>\n<\/li>\n<li data-start=\"734\" data-end=\"826\">\n<p data-start=\"736\" data-end=\"826\"><strong data-start=\"736\" data-end=\"751\">Acabamento:<\/strong> Polido brilhante + detalhes esmaltados coloridos (varia conforme modelo)<\/p>\n<\/li>\n<li data-start=\"827\" data-end=\"865\">\n<p data-start=\"829\" data-end=\"865\"><strong data-start=\"829\" data-end=\"840\">Fun\u00e7\u00e3o:<\/strong> Separador de berloques<\/p>\n<\/li>\n<li data-start=\"866\" data-end=\"951\">\n<p data-start=\"868\" data-end=\"951\"><strong data-start=\"868\" data-end=\"888\">Compatibilidade:<\/strong> Pulseiras estilo europeu (Pandora, Life, Morana e similares)<\/p>\n<\/li>\n<li data-start=\"952\" data-end=\"977\">\n<p data-start=\"954\" data-end=\"977\"><strong data-start=\"954\" data-end=\"963\">Peso:<\/strong> Aprox. 1,8g<\/p>\n<\/li>\n<\/ul>\n<hr data-start=\"979\" data-end=\"982\">\n<h3 data-start=\"984\" data-end=\"999\">Garantia:<\/h3>\n<p data-start=\"1000\" data-end=\"1254\">Todos os berloques em <strong data-start=\"1022\" data-end=\"1035\">Prata 925<\/strong> acompanham <strong data-start=\"1047\" data-end=\"1091\">Certificado de Garantia de Autenticidade<\/strong>, assegurando a <strong data-start=\"1107\" data-end=\"1125\">dura\u00e7\u00e3o eterna<\/strong> do material. Diferente das bijuterias, pe\u00e7as em Prata 925 preservam brilho e valor por toda a vida, assim como o <strong data-start=\"1239\" data-end=\"1251\">Ouro 18k<\/strong>.<\/p>","protected":false},"excerpt":{"rendered":"<p>Detalhes do Produto: Berloque separador em Prata 925 leg\u00edtima, inspirado no personagem Stitch (Lilo &amp; Stitch), s\u00edmbolo de amizade, divers\u00e3o e lealdade. Uma pe\u00e7a charmosa&#8230;<\/p>","protected":false},"featured_media":5203,"comment_status":"open","ping_status":"closed","template":"","meta":[],"etheme_brands":[],"product_brand":[],"product_cat":[127],"product_tag":[133],"class_list":{"0":"post-5204","1":"product","2":"type-product","3":"status-publish","4":"has-post-thumbnail","6":"product_cat-categoriaberloques","7":"product_tag-uze-pratas","9":"first","10":"instock","11":"shipping-taxable","12":"purchasable","13":"product-type-simple"},"_links":{"self":[{"href":"https:\/\/agenciausphot.com\/uze\/en\/wp-json\/wp\/v2\/product\/5204","targetHints":{"allow":["GET"]}}],"collection":[{"href":"https:\/\/agenciausphot.com\/uze\/en\/wp-json\/wp\/v2\/product"}],"about":[{"href":"https:\/\/agenciausphot.com\/uze\/en\/wp-json\/wp\/v2\/types\/product"}],"replies":[{"embeddable":true,"href":"https:\/\/agenciausphot.com\/uze\/en\/wp-json\/wp\/v2\/comments?post=5204"}],"version-history":[{"count":1,"href":"https:\/\/agenciausphot.com\/uze\/en\/wp-json\/wp\/v2\/product\/5204\/revisions"}],"predecessor-version":[{"id":6076,"href":"https:\/\/agenciausphot.com\/uze\/en\/wp-json\/wp\/v2\/product\/5204\/revisions\/6076"}],"wp:featuredmedia":[{"embeddable":true,"href":"https:\/\/agenciausphot.com\/uze\/en\/wp-json\/wp\/v2\/media\/5203"}],"wp:attachment":[{"href":"https:\/\/agenciausphot.com\/uze\/en\/wp-json\/wp\/v2\/media?parent=5204"}],"wp:term":[{"taxonomy":"brand","embeddable":true,"href":"https:\/\/agenciausphot.com\/uze\/en\/wp-json\/wp\/v2\/etheme_brands?post=5204"},{"taxonomy":"product_brand","embeddable":true,"href":"https:\/\/agenciausphot.com\/uze\/en\/wp-json\/wp\/v2\/product_brand?post=5204"},{"taxonomy":"product_cat","embeddable":true,"href":"https:\/\/agenciausphot.com\/uze\/en\/wp-json\/wp\/v2\/product_cat?post=5204"},{"taxonomy":"product_tag","embeddable":true,"href":"https:\/\/agenciausphot.com\/uze\/en\/wp-json\/wp\/v2\/product_tag?post=5204"}],"curies":[{"name":"wp","href":"https:\/\/api.w.org\/{rel}","templated":true}]}}