{"id":5196,"date":"2025-10-29T13:08:31","date_gmt":"2025-10-29T13:08:31","guid":{"rendered":"https:\/\/agenciausphot.com\/uze\/produto\/berloque-separador-infinito-cravejado\/"},"modified":"2025-12-04T18:41:34","modified_gmt":"2025-12-04T18:41:34","slug":"berloque-separador-infinito-cravejado","status":"publish","type":"product","link":"https:\/\/agenciausphot.com\/uze\/en\/product\/berloque-separador-infinito-cravejado\/","title":{"rendered":"Berloque separador infinito cravejado"},"content":{"rendered":"<h3 data-start=\"119\" data-end=\"145\">Detalhes do Produto:<\/h3>\n<p data-start=\"146\" data-end=\"467\">Berloque separador em <strong data-start=\"168\" data-end=\"190\">Prata 925 leg\u00edtima<\/strong>, com design do <strong data-start=\"206\" data-end=\"252\">s\u00edmbolo do infinito cravejado em zirc\u00f4nias<\/strong>, representando eternidade, amor infinito e conex\u00f5es que nunca se quebram. Uma joia elegante e sofisticada, ideal para organizar berloques na pulseira e, ao mesmo tempo, acrescentar brilho e significado ao visual.<\/p>\n<p data-start=\"469\" data-end=\"592\">As pratas 925 possuem <strong data-start=\"491\" data-end=\"513\">garantia vital\u00edcia<\/strong>, reconhecidas por sua resist\u00eancia, durabilidade e excelente custo-benef\u00edcio.<\/p>\n<hr data-start=\"594\" data-end=\"597\">\n<h3 data-start=\"599\" data-end=\"631\">Especifica\u00e7\u00f5es do produto:<\/h3>\n<ul data-start=\"632\" data-end=\"1005\">\n<li data-start=\"632\" data-end=\"685\">\n<p data-start=\"634\" data-end=\"685\"><strong data-start=\"634\" data-end=\"645\">Modelo:<\/strong> Berloque Separador Infinito Cravejado<\/p>\n<\/li>\n<li data-start=\"686\" data-end=\"757\">\n<p data-start=\"688\" data-end=\"757\"><strong data-start=\"688\" data-end=\"700\">Formato:<\/strong> Cil\u00edndrico com s\u00edmbolo infinito cravejado em zirc\u00f4nias<\/p>\n<\/li>\n<li data-start=\"758\" data-end=\"794\">\n<p data-start=\"760\" data-end=\"794\"><strong data-start=\"760\" data-end=\"773\">Material:<\/strong> Prata 925 leg\u00edtima<\/p>\n<\/li>\n<li data-start=\"795\" data-end=\"854\">\n<p data-start=\"797\" data-end=\"854\"><strong data-start=\"797\" data-end=\"812\">Acabamento:<\/strong> Polido brilhante + zirc\u00f4nias cravejadas<\/p>\n<\/li>\n<li data-start=\"855\" data-end=\"893\">\n<p data-start=\"857\" data-end=\"893\"><strong data-start=\"857\" data-end=\"868\">Fun\u00e7\u00e3o:<\/strong> Separador de berloques<\/p>\n<\/li>\n<li data-start=\"894\" data-end=\"979\">\n<p data-start=\"896\" data-end=\"979\"><strong data-start=\"896\" data-end=\"916\">Compatibilidade:<\/strong> Pulseiras estilo europeu (Pandora, Life, Morana e similares)<\/p>\n<\/li>\n<li data-start=\"980\" data-end=\"1005\">\n<p data-start=\"982\" data-end=\"1005\"><strong data-start=\"982\" data-end=\"991\">Peso:<\/strong> Aprox. 1,8g<\/p>\n<\/li>\n<\/ul>\n<hr data-start=\"1007\" data-end=\"1010\">\n<h3 data-start=\"1012\" data-end=\"1027\">Garantia:<\/h3>\n<p data-start=\"1028\" data-end=\"1282\">Todos os berloques em <strong data-start=\"1050\" data-end=\"1063\">Prata 925<\/strong> acompanham <strong data-start=\"1075\" data-end=\"1119\">Certificado de Garantia de Autenticidade<\/strong>, assegurando a <strong data-start=\"1135\" data-end=\"1153\">dura\u00e7\u00e3o eterna<\/strong> do material. Diferente das bijuterias, pe\u00e7as em Prata 925 preservam brilho e valor por toda a vida, assim como o <strong data-start=\"1267\" data-end=\"1279\">Ouro 18k<\/strong>.<\/p>","protected":false},"excerpt":{"rendered":"<p>Detalhes do Produto: Berloque separador em Prata 925 leg\u00edtima, com design do s\u00edmbolo do infinito cravejado em zirc\u00f4nias, representando eternidade, amor infinito e conex\u00f5es que&#8230;<\/p>","protected":false},"featured_media":5194,"comment_status":"open","ping_status":"closed","template":"","meta":[],"etheme_brands":[],"product_brand":[],"product_cat":[127],"product_tag":[133],"class_list":{"0":"post-5196","1":"product","2":"type-product","3":"status-publish","4":"has-post-thumbnail","6":"product_cat-categoriaberloques","7":"product_tag-uze-pratas","9":"first","10":"outofstock","11":"shipping-taxable","12":"purchasable","13":"product-type-simple"},"_links":{"self":[{"href":"https:\/\/agenciausphot.com\/uze\/en\/wp-json\/wp\/v2\/product\/5196","targetHints":{"allow":["GET"]}}],"collection":[{"href":"https:\/\/agenciausphot.com\/uze\/en\/wp-json\/wp\/v2\/product"}],"about":[{"href":"https:\/\/agenciausphot.com\/uze\/en\/wp-json\/wp\/v2\/types\/product"}],"replies":[{"embeddable":true,"href":"https:\/\/agenciausphot.com\/uze\/en\/wp-json\/wp\/v2\/comments?post=5196"}],"version-history":[{"count":1,"href":"https:\/\/agenciausphot.com\/uze\/en\/wp-json\/wp\/v2\/product\/5196\/revisions"}],"predecessor-version":[{"id":6072,"href":"https:\/\/agenciausphot.com\/uze\/en\/wp-json\/wp\/v2\/product\/5196\/revisions\/6072"}],"wp:featuredmedia":[{"embeddable":true,"href":"https:\/\/agenciausphot.com\/uze\/en\/wp-json\/wp\/v2\/media\/5194"}],"wp:attachment":[{"href":"https:\/\/agenciausphot.com\/uze\/en\/wp-json\/wp\/v2\/media?parent=5196"}],"wp:term":[{"taxonomy":"brand","embeddable":true,"href":"https:\/\/agenciausphot.com\/uze\/en\/wp-json\/wp\/v2\/etheme_brands?post=5196"},{"taxonomy":"product_brand","embeddable":true,"href":"https:\/\/agenciausphot.com\/uze\/en\/wp-json\/wp\/v2\/product_brand?post=5196"},{"taxonomy":"product_cat","embeddable":true,"href":"https:\/\/agenciausphot.com\/uze\/en\/wp-json\/wp\/v2\/product_cat?post=5196"},{"taxonomy":"product_tag","embeddable":true,"href":"https:\/\/agenciausphot.com\/uze\/en\/wp-json\/wp\/v2\/product_tag?post=5196"}],"curies":[{"name":"wp","href":"https:\/\/api.w.org\/{rel}","templated":true}]}}