{"id":5193,"date":"2025-10-29T13:08:28","date_gmt":"2025-10-29T13:08:28","guid":{"rendered":"https:\/\/agenciausphot.com\/uze\/produto\/berloque-separador-infinito\/"},"modified":"2025-11-04T20:37:14","modified_gmt":"2025-11-04T20:37:14","slug":"berloque-separador-infinito","status":"publish","type":"product","link":"https:\/\/agenciausphot.com\/uze\/en\/product\/berloque-separador-infinito\/","title":{"rendered":"Berloque separador infinito"},"content":{"rendered":"<h3 data-start=\"109\" data-end=\"135\">Detalhes do Produto:<\/h3>\n<p data-start=\"136\" data-end=\"422\">Berloque separador em <strong data-start=\"158\" data-end=\"180\">Prata 925 leg\u00edtima<\/strong>, com design do <strong data-start=\"196\" data-end=\"219\">s\u00edmbolo do infinito<\/strong>, representando eternidade, amor sem fim e conex\u00f5es infinitas. Uma joia delicada e significativa, ideal para organizar berloques na pulseira, trazendo eleg\u00e2ncia e um toque especial cheio de simbolismo.<\/p>\n<p data-start=\"424\" data-end=\"547\">As pratas 925 possuem <strong data-start=\"446\" data-end=\"468\">garantia vital\u00edcia<\/strong>, reconhecidas por sua resist\u00eancia, durabilidade e excelente custo-benef\u00edcio.<\/p>\n<hr data-start=\"549\" data-end=\"552\">\n<h3 data-start=\"554\" data-end=\"586\">Especifica\u00e7\u00f5es do produto:<\/h3>\n<ul data-start=\"587\" data-end=\"984\">\n<li data-start=\"587\" data-end=\"630\">\n<p data-start=\"589\" data-end=\"630\"><strong data-start=\"589\" data-end=\"600\">Modelo:<\/strong> Berloque Separador Infinito<\/p>\n<\/li>\n<li data-start=\"631\" data-end=\"690\">\n<p data-start=\"633\" data-end=\"690\"><strong data-start=\"633\" data-end=\"645\">Formato:<\/strong> Cil\u00edndrico com detalhe de s\u00edmbolo infinito<\/p>\n<\/li>\n<li data-start=\"691\" data-end=\"727\">\n<p data-start=\"693\" data-end=\"727\"><strong data-start=\"693\" data-end=\"706\">Material:<\/strong> Prata 925 leg\u00edtima<\/p>\n<\/li>\n<li data-start=\"728\" data-end=\"826\">\n<p data-start=\"730\" data-end=\"826\"><strong data-start=\"730\" data-end=\"745\">Acabamento:<\/strong> Polido brilhante (varia\u00e7\u00f5es lisas ou cravejadas em zirc\u00f4nias, conforme modelo)<\/p>\n<\/li>\n<li data-start=\"827\" data-end=\"865\">\n<p data-start=\"829\" data-end=\"865\"><strong data-start=\"829\" data-end=\"840\">Fun\u00e7\u00e3o:<\/strong> Separador de berloques<\/p>\n<\/li>\n<li data-start=\"866\" data-end=\"951\">\n<p data-start=\"868\" data-end=\"951\"><strong data-start=\"868\" data-end=\"888\">Compatibilidade:<\/strong> Pulseiras estilo europeu (Pandora, Life, Morana e similares)<\/p>\n<\/li>\n<li data-start=\"952\" data-end=\"984\">\n<p data-start=\"954\" data-end=\"984\"><strong data-start=\"954\" data-end=\"963\">Peso:<\/strong> Aprox. 1,5g \u2013 1,8g<\/p>\n<\/li>\n<\/ul>\n<hr data-start=\"986\" data-end=\"989\">\n<h3 data-start=\"991\" data-end=\"1006\">Garantia:<\/h3>\n<p data-start=\"1007\" data-end=\"1261\">Todos os berloques em <strong data-start=\"1029\" data-end=\"1042\">Prata 925<\/strong> acompanham <strong data-start=\"1054\" data-end=\"1098\">Certificado de Garantia de Autenticidade<\/strong>, assegurando a <strong data-start=\"1114\" data-end=\"1132\">dura\u00e7\u00e3o eterna<\/strong> do material. Diferente das bijuterias, pe\u00e7as em Prata 925 preservam brilho e valor por toda a vida, assim como o <strong data-start=\"1246\" data-end=\"1258\">Ouro 18k<\/strong>.<\/p>","protected":false},"excerpt":{"rendered":"<p>Detalhes do Produto: Berloque separador em Prata 925 leg\u00edtima, com design do s\u00edmbolo do infinito, representando eternidade, amor sem fim e conex\u00f5es infinitas. Uma joia&#8230;<\/p>","protected":false},"featured_media":5191,"comment_status":"open","ping_status":"closed","template":"","meta":[],"etheme_brands":[],"product_brand":[],"product_cat":[127],"product_tag":[133],"class_list":{"0":"post-5193","1":"product","2":"type-product","3":"status-publish","4":"has-post-thumbnail","6":"product_cat-categoriaberloques","7":"product_tag-uze-pratas","9":"first","10":"instock","11":"shipping-taxable","12":"purchasable","13":"product-type-simple"},"_links":{"self":[{"href":"https:\/\/agenciausphot.com\/uze\/en\/wp-json\/wp\/v2\/product\/5193","targetHints":{"allow":["GET"]}}],"collection":[{"href":"https:\/\/agenciausphot.com\/uze\/en\/wp-json\/wp\/v2\/product"}],"about":[{"href":"https:\/\/agenciausphot.com\/uze\/en\/wp-json\/wp\/v2\/types\/product"}],"replies":[{"embeddable":true,"href":"https:\/\/agenciausphot.com\/uze\/en\/wp-json\/wp\/v2\/comments?post=5193"}],"version-history":[{"count":1,"href":"https:\/\/agenciausphot.com\/uze\/en\/wp-json\/wp\/v2\/product\/5193\/revisions"}],"predecessor-version":[{"id":6071,"href":"https:\/\/agenciausphot.com\/uze\/en\/wp-json\/wp\/v2\/product\/5193\/revisions\/6071"}],"wp:featuredmedia":[{"embeddable":true,"href":"https:\/\/agenciausphot.com\/uze\/en\/wp-json\/wp\/v2\/media\/5191"}],"wp:attachment":[{"href":"https:\/\/agenciausphot.com\/uze\/en\/wp-json\/wp\/v2\/media?parent=5193"}],"wp:term":[{"taxonomy":"brand","embeddable":true,"href":"https:\/\/agenciausphot.com\/uze\/en\/wp-json\/wp\/v2\/etheme_brands?post=5193"},{"taxonomy":"product_brand","embeddable":true,"href":"https:\/\/agenciausphot.com\/uze\/en\/wp-json\/wp\/v2\/product_brand?post=5193"},{"taxonomy":"product_cat","embeddable":true,"href":"https:\/\/agenciausphot.com\/uze\/en\/wp-json\/wp\/v2\/product_cat?post=5193"},{"taxonomy":"product_tag","embeddable":true,"href":"https:\/\/agenciausphot.com\/uze\/en\/wp-json\/wp\/v2\/product_tag?post=5193"}],"curies":[{"name":"wp","href":"https:\/\/api.w.org\/{rel}","templated":true}]}}