{"id":5180,"date":"2025-10-29T13:08:18","date_gmt":"2025-10-29T13:08:18","guid":{"rendered":"https:\/\/agenciausphot.com\/uze\/produto\/berloque-separador-arvore-da-vida\/"},"modified":"2025-11-04T20:37:10","modified_gmt":"2025-11-04T20:37:10","slug":"berloque-separador-arvore-da-vida","status":"publish","type":"product","link":"https:\/\/agenciausphot.com\/uze\/en\/product\/berloque-separador-arvore-da-vida\/","title":{"rendered":"Berloque separador \u00e1rvore da vida"},"content":{"rendered":"<h3 data-start=\"115\" data-end=\"141\">Detalhes do Produto:<\/h3>\n<p data-start=\"142\" data-end=\"413\">Berloque separador em <strong data-start=\"164\" data-end=\"186\">Prata 925 leg\u00edtima<\/strong>, com design da <strong data-start=\"202\" data-end=\"220\">\u00c1rvore da Vida<\/strong>, s\u00edmbolo de for\u00e7a, equil\u00edbrio e renova\u00e7\u00e3o. Uma joia delicada e cheia de significado, ideal para organizar berloques na pulseira enquanto adiciona um toque espiritual e elegante \u00e0 composi\u00e7\u00e3o.<\/p>\n<p data-start=\"415\" data-end=\"538\">As pratas 925 possuem <strong data-start=\"437\" data-end=\"459\">garantia vital\u00edcia<\/strong>, reconhecidas por sua resist\u00eancia, durabilidade e excelente custo-benef\u00edcio.<\/p>\n<hr data-start=\"540\" data-end=\"543\">\n<h3 data-start=\"545\" data-end=\"577\">Especifica\u00e7\u00f5es do produto:<\/h3>\n<ul data-start=\"578\" data-end=\"976\">\n<li data-start=\"578\" data-end=\"627\">\n<p data-start=\"580\" data-end=\"627\"><strong data-start=\"580\" data-end=\"591\">Modelo:<\/strong> Berloque Separador \u00c1rvore da Vida<\/p>\n<\/li>\n<li data-start=\"628\" data-end=\"681\">\n<p data-start=\"630\" data-end=\"681\"><strong data-start=\"630\" data-end=\"642\">Formato:<\/strong> Redondo com \u00e1rvore da vida detalhada<\/p>\n<\/li>\n<li data-start=\"682\" data-end=\"718\">\n<p data-start=\"684\" data-end=\"718\"><strong data-start=\"684\" data-end=\"697\">Material:<\/strong> Prata 925 leg\u00edtima<\/p>\n<\/li>\n<li data-start=\"719\" data-end=\"825\">\n<p data-start=\"721\" data-end=\"825\"><strong data-start=\"721\" data-end=\"736\">Acabamento:<\/strong> Polido brilhante + detalhes trabalhados (com op\u00e7\u00e3o lisa ou cravejada, conforme modelo)<\/p>\n<\/li>\n<li data-start=\"826\" data-end=\"864\">\n<p data-start=\"828\" data-end=\"864\"><strong data-start=\"828\" data-end=\"839\">Fun\u00e7\u00e3o:<\/strong> Separador de berloques<\/p>\n<\/li>\n<li data-start=\"865\" data-end=\"950\">\n<p data-start=\"867\" data-end=\"950\"><strong data-start=\"867\" data-end=\"887\">Compatibilidade:<\/strong> Pulseiras estilo europeu (Pandora, Life, Morana e similares)<\/p>\n<\/li>\n<li data-start=\"951\" data-end=\"976\">\n<p data-start=\"953\" data-end=\"976\"><strong data-start=\"953\" data-end=\"962\">Peso:<\/strong> Aprox. 1,8g<\/p>\n<\/li>\n<\/ul>\n<hr data-start=\"978\" data-end=\"981\">\n<h3 data-start=\"983\" data-end=\"998\">Garantia:<\/h3>\n<p data-start=\"999\" data-end=\"1253\">Todos os berloques em <strong data-start=\"1021\" data-end=\"1034\">Prata 925<\/strong> acompanham <strong data-start=\"1046\" data-end=\"1090\">Certificado de Garantia de Autenticidade<\/strong>, assegurando a <strong data-start=\"1106\" data-end=\"1124\">dura\u00e7\u00e3o eterna<\/strong> do material. Diferente das bijuterias, pe\u00e7as em Prata 925 preservam brilho e valor por toda a vida, assim como o <strong data-start=\"1238\" data-end=\"1250\">Ouro 18k<\/strong>.<\/p>","protected":false},"excerpt":{"rendered":"<p>Detalhes do Produto: Berloque separador em Prata 925 leg\u00edtima, com design da \u00c1rvore da Vida, s\u00edmbolo de for\u00e7a, equil\u00edbrio e renova\u00e7\u00e3o. Uma joia delicada e&#8230;<\/p>","protected":false},"featured_media":5179,"comment_status":"open","ping_status":"closed","template":"","meta":[],"etheme_brands":[],"product_brand":[],"product_cat":[127],"product_tag":[133],"class_list":{"0":"post-5180","1":"product","2":"type-product","3":"status-publish","4":"has-post-thumbnail","6":"product_cat-categoriaberloques","7":"product_tag-uze-pratas","9":"first","10":"instock","11":"shipping-taxable","12":"purchasable","13":"product-type-simple"},"_links":{"self":[{"href":"https:\/\/agenciausphot.com\/uze\/en\/wp-json\/wp\/v2\/product\/5180","targetHints":{"allow":["GET"]}}],"collection":[{"href":"https:\/\/agenciausphot.com\/uze\/en\/wp-json\/wp\/v2\/product"}],"about":[{"href":"https:\/\/agenciausphot.com\/uze\/en\/wp-json\/wp\/v2\/types\/product"}],"replies":[{"embeddable":true,"href":"https:\/\/agenciausphot.com\/uze\/en\/wp-json\/wp\/v2\/comments?post=5180"}],"version-history":[{"count":1,"href":"https:\/\/agenciausphot.com\/uze\/en\/wp-json\/wp\/v2\/product\/5180\/revisions"}],"predecessor-version":[{"id":6066,"href":"https:\/\/agenciausphot.com\/uze\/en\/wp-json\/wp\/v2\/product\/5180\/revisions\/6066"}],"wp:featuredmedia":[{"embeddable":true,"href":"https:\/\/agenciausphot.com\/uze\/en\/wp-json\/wp\/v2\/media\/5179"}],"wp:attachment":[{"href":"https:\/\/agenciausphot.com\/uze\/en\/wp-json\/wp\/v2\/media?parent=5180"}],"wp:term":[{"taxonomy":"brand","embeddable":true,"href":"https:\/\/agenciausphot.com\/uze\/en\/wp-json\/wp\/v2\/etheme_brands?post=5180"},{"taxonomy":"product_brand","embeddable":true,"href":"https:\/\/agenciausphot.com\/uze\/en\/wp-json\/wp\/v2\/product_brand?post=5180"},{"taxonomy":"product_cat","embeddable":true,"href":"https:\/\/agenciausphot.com\/uze\/en\/wp-json\/wp\/v2\/product_cat?post=5180"},{"taxonomy":"product_tag","embeddable":true,"href":"https:\/\/agenciausphot.com\/uze\/en\/wp-json\/wp\/v2\/product_tag?post=5180"}],"curies":[{"name":"wp","href":"https:\/\/api.w.org\/{rel}","templated":true}]}}