{"id":5178,"date":"2025-10-29T13:08:16","date_gmt":"2025-10-29T13:08:16","guid":{"rendered":"https:\/\/agenciausphot.com\/uze\/produto\/berloque-seja-luz-estrela\/"},"modified":"2025-11-04T20:37:10","modified_gmt":"2025-11-04T20:37:10","slug":"berloque-seja-luz-estrela","status":"publish","type":"product","link":"https:\/\/agenciausphot.com\/uze\/en\/product\/berloque-seja-luz-estrela\/","title":{"rendered":"Berloque seja luz estrela"},"content":{"rendered":"<h3 data-start=\"127\" data-end=\"153\">Detalhes do Produto:<\/h3>\n<p data-start=\"154\" data-end=\"570\">Berloque em <strong data-start=\"166\" data-end=\"188\">Prata 925 leg\u00edtima<\/strong>, com design delicado de <strong data-start=\"213\" data-end=\"235\">estrela estilizada<\/strong>, acompanhado da frase <strong data-start=\"258\" data-end=\"272\">\u201cSeja Luz\u201d<\/strong>, transmitindo f\u00e9, positividade e esperan\u00e7a. O grande diferencial desta pe\u00e7a \u00e9 o efeito <strong data-start=\"360\" data-end=\"380\">brilha no escuro<\/strong>, que traz ainda mais encanto e significado, iluminando os momentos mais especiais. Uma joia simb\u00f3lica e encantadora, perfeita para personalizar pulseiras com um toque espiritual e m\u00e1gico.<\/p>\n<p data-start=\"572\" data-end=\"695\">As pratas 925 possuem <strong data-start=\"594\" data-end=\"616\">garantia vital\u00edcia<\/strong>, reconhecidas por sua resist\u00eancia, durabilidade e excelente custo-benef\u00edcio.<\/p>\n<hr data-start=\"697\" data-end=\"700\">\n<h3 data-start=\"702\" data-end=\"734\">Especifica\u00e7\u00f5es do produto:<\/h3>\n<ul data-start=\"735\" data-end=\"1118\">\n<li data-start=\"735\" data-end=\"795\">\n<p data-start=\"737\" data-end=\"795\"><strong data-start=\"737\" data-end=\"748\">Modelo:<\/strong> Berloque Seja Luz Estrela \u2013 Brilha no Escuro<\/p>\n<\/li>\n<li data-start=\"796\" data-end=\"845\">\n<p data-start=\"798\" data-end=\"845\"><strong data-start=\"798\" data-end=\"810\">Formato:<\/strong> Estrela com inscri\u00e7\u00e3o &#8220;Seja Luz&#8221;<\/p>\n<\/li>\n<li data-start=\"846\" data-end=\"882\">\n<p data-start=\"848\" data-end=\"882\"><strong data-start=\"848\" data-end=\"861\">Material:<\/strong> Prata 925 leg\u00edtima<\/p>\n<\/li>\n<li data-start=\"883\" data-end=\"952\">\n<p data-start=\"885\" data-end=\"952\"><strong data-start=\"885\" data-end=\"900\">Acabamento:<\/strong> Polido brilhante + detalhe luminoso fosforescente<\/p>\n<\/li>\n<li data-start=\"953\" data-end=\"1006\">\n<p data-start=\"955\" data-end=\"1006\"><strong data-start=\"955\" data-end=\"966\">Efeito:<\/strong> Brilha no escuro ap\u00f3s exposi\u00e7\u00e3o \u00e0 luz<\/p>\n<\/li>\n<li data-start=\"1007\" data-end=\"1092\">\n<p data-start=\"1009\" data-end=\"1092\"><strong data-start=\"1009\" data-end=\"1029\">Compatibilidade:<\/strong> Pulseiras estilo europeu (Pandora, Life, Morana e similares)<\/p>\n<\/li>\n<li data-start=\"1093\" data-end=\"1118\">\n<p data-start=\"1095\" data-end=\"1118\"><strong data-start=\"1095\" data-end=\"1104\">Peso:<\/strong> Aprox. 2,0g<\/p>\n<\/li>\n<\/ul>\n<hr data-start=\"1120\" data-end=\"1123\">\n<h3 data-start=\"1125\" data-end=\"1140\">Garantia:<\/h3>\n<p data-start=\"1141\" data-end=\"1395\">Todos os berloques em <strong data-start=\"1163\" data-end=\"1176\">Prata 925<\/strong> acompanham <strong data-start=\"1188\" data-end=\"1232\">Certificado de Garantia de Autenticidade<\/strong>, assegurando a <strong data-start=\"1248\" data-end=\"1266\">dura\u00e7\u00e3o eterna<\/strong> do material. Diferente das bijuterias, pe\u00e7as em Prata 925 preservam brilho e valor por toda a vida, assim como o <strong data-start=\"1380\" data-end=\"1392\">Ouro 18k<\/strong>.<\/p>","protected":false},"excerpt":{"rendered":"<p>Detalhes do Produto: Berloque em Prata 925 leg\u00edtima, com design delicado de estrela estilizada, acompanhado da frase \u201cSeja Luz\u201d, transmitindo f\u00e9, positividade e esperan\u00e7a. O&#8230;<\/p>","protected":false},"featured_media":5176,"comment_status":"open","ping_status":"closed","template":"","meta":[],"etheme_brands":[],"product_brand":[],"product_cat":[127],"product_tag":[133],"class_list":{"0":"post-5178","1":"product","2":"type-product","3":"status-publish","4":"has-post-thumbnail","6":"product_cat-categoriaberloques","7":"product_tag-uze-pratas","9":"first","10":"instock","11":"shipping-taxable","12":"purchasable","13":"product-type-simple"},"_links":{"self":[{"href":"https:\/\/agenciausphot.com\/uze\/en\/wp-json\/wp\/v2\/product\/5178","targetHints":{"allow":["GET"]}}],"collection":[{"href":"https:\/\/agenciausphot.com\/uze\/en\/wp-json\/wp\/v2\/product"}],"about":[{"href":"https:\/\/agenciausphot.com\/uze\/en\/wp-json\/wp\/v2\/types\/product"}],"replies":[{"embeddable":true,"href":"https:\/\/agenciausphot.com\/uze\/en\/wp-json\/wp\/v2\/comments?post=5178"}],"version-history":[{"count":1,"href":"https:\/\/agenciausphot.com\/uze\/en\/wp-json\/wp\/v2\/product\/5178\/revisions"}],"predecessor-version":[{"id":6065,"href":"https:\/\/agenciausphot.com\/uze\/en\/wp-json\/wp\/v2\/product\/5178\/revisions\/6065"}],"wp:featuredmedia":[{"embeddable":true,"href":"https:\/\/agenciausphot.com\/uze\/en\/wp-json\/wp\/v2\/media\/5176"}],"wp:attachment":[{"href":"https:\/\/agenciausphot.com\/uze\/en\/wp-json\/wp\/v2\/media?parent=5178"}],"wp:term":[{"taxonomy":"brand","embeddable":true,"href":"https:\/\/agenciausphot.com\/uze\/en\/wp-json\/wp\/v2\/etheme_brands?post=5178"},{"taxonomy":"product_brand","embeddable":true,"href":"https:\/\/agenciausphot.com\/uze\/en\/wp-json\/wp\/v2\/product_brand?post=5178"},{"taxonomy":"product_cat","embeddable":true,"href":"https:\/\/agenciausphot.com\/uze\/en\/wp-json\/wp\/v2\/product_cat?post=5178"},{"taxonomy":"product_tag","embeddable":true,"href":"https:\/\/agenciausphot.com\/uze\/en\/wp-json\/wp\/v2\/product_tag?post=5178"}],"curies":[{"name":"wp","href":"https:\/\/api.w.org\/{rel}","templated":true}]}}