{"id":5171,"date":"2025-10-29T13:08:11","date_gmt":"2025-10-29T13:08:11","guid":{"rendered":"https:\/\/agenciausphot.com\/uze\/produto\/berloque-raquete-de-tenis\/"},"modified":"2025-11-04T20:37:08","modified_gmt":"2025-11-04T20:37:08","slug":"berloque-raquete-de-tenis","status":"publish","type":"product","link":"https:\/\/agenciausphot.com\/uze\/en\/product\/berloque-raquete-de-tenis\/","title":{"rendered":"Berloque raquete de t\u00eanis"},"content":{"rendered":"<h3 data-start=\"107\" data-end=\"133\">Detalhes do Produto:<\/h3>\n<p data-start=\"134\" data-end=\"424\">Berloque em <strong data-start=\"146\" data-end=\"168\">Prata 925 leg\u00edtima<\/strong>, em formato de <strong data-start=\"184\" data-end=\"215\">raquete de t\u00eanis estilizada<\/strong>, perfeito para amantes do esporte que simboliza energia, movimento e supera\u00e7\u00e3o. Uma pe\u00e7a delicada e cheia de personalidade, ideal para personalizar pulseiras e expressar a paix\u00e3o pelo t\u00eanis em cada detalhe.<\/p>\n<p data-start=\"426\" data-end=\"549\">As pratas 925 possuem <strong data-start=\"448\" data-end=\"470\">garantia vital\u00edcia<\/strong>, reconhecidas por sua resist\u00eancia, durabilidade e excelente custo-benef\u00edcio.<\/p>\n<hr data-start=\"551\" data-end=\"554\">\n<h3 data-start=\"556\" data-end=\"588\">Especifica\u00e7\u00f5es do produto:<\/h3>\n<ul data-start=\"589\" data-end=\"906\">\n<li data-start=\"589\" data-end=\"630\">\n<p data-start=\"591\" data-end=\"630\"><strong data-start=\"591\" data-end=\"602\">Modelo:<\/strong> Berloque Raquete de T\u00eanis<\/p>\n<\/li>\n<li data-start=\"631\" data-end=\"697\">\n<p data-start=\"633\" data-end=\"697\"><strong data-start=\"633\" data-end=\"645\">Formato:<\/strong> Raquete estilizada (com detalhes do aro e cordas)<\/p>\n<\/li>\n<li data-start=\"698\" data-end=\"734\">\n<p data-start=\"700\" data-end=\"734\"><strong data-start=\"700\" data-end=\"713\">Material:<\/strong> Prata 925 leg\u00edtima<\/p>\n<\/li>\n<li data-start=\"735\" data-end=\"794\">\n<p data-start=\"737\" data-end=\"794\"><strong data-start=\"737\" data-end=\"752\">Acabamento:<\/strong> Polido brilhante + detalhes trabalhados<\/p>\n<\/li>\n<li data-start=\"795\" data-end=\"880\">\n<p data-start=\"797\" data-end=\"880\"><strong data-start=\"797\" data-end=\"817\">Compatibilidade:<\/strong> Pulseiras estilo europeu (Pandora, Life, Morana e similares)<\/p>\n<\/li>\n<li data-start=\"881\" data-end=\"906\">\n<p data-start=\"883\" data-end=\"906\"><strong data-start=\"883\" data-end=\"892\">Peso:<\/strong> Aprox. 2,0g<\/p>\n<\/li>\n<\/ul>\n<hr data-start=\"908\" data-end=\"911\">\n<h3 data-start=\"913\" data-end=\"928\">Garantia:<\/h3>\n<p data-start=\"929\" data-end=\"1183\">Todos os berloques em <strong data-start=\"951\" data-end=\"964\">Prata 925<\/strong> acompanham <strong data-start=\"976\" data-end=\"1020\">Certificado de Garantia de Autenticidade<\/strong>, assegurando a <strong data-start=\"1036\" data-end=\"1054\">dura\u00e7\u00e3o eterna<\/strong> do material. Diferente das bijuterias, pe\u00e7as em Prata 925 preservam brilho e valor por toda a vida, assim como o <strong data-start=\"1168\" data-end=\"1180\">Ouro 18k<\/strong>.<\/p>","protected":false},"excerpt":{"rendered":"<p>Detalhes do Produto: Berloque em Prata 925 leg\u00edtima, em formato de raquete de t\u00eanis estilizada, perfeito para amantes do esporte que simboliza energia, movimento e&#8230;<\/p>","protected":false},"featured_media":5170,"comment_status":"open","ping_status":"closed","template":"","meta":[],"etheme_brands":[],"product_brand":[],"product_cat":[127],"product_tag":[133],"class_list":{"0":"post-5171","1":"product","2":"type-product","3":"status-publish","4":"has-post-thumbnail","6":"product_cat-categoriaberloques","7":"product_tag-uze-pratas","9":"first","10":"instock","11":"shipping-taxable","12":"purchasable","13":"product-type-simple"},"_links":{"self":[{"href":"https:\/\/agenciausphot.com\/uze\/en\/wp-json\/wp\/v2\/product\/5171","targetHints":{"allow":["GET"]}}],"collection":[{"href":"https:\/\/agenciausphot.com\/uze\/en\/wp-json\/wp\/v2\/product"}],"about":[{"href":"https:\/\/agenciausphot.com\/uze\/en\/wp-json\/wp\/v2\/types\/product"}],"replies":[{"embeddable":true,"href":"https:\/\/agenciausphot.com\/uze\/en\/wp-json\/wp\/v2\/comments?post=5171"}],"version-history":[{"count":1,"href":"https:\/\/agenciausphot.com\/uze\/en\/wp-json\/wp\/v2\/product\/5171\/revisions"}],"predecessor-version":[{"id":6062,"href":"https:\/\/agenciausphot.com\/uze\/en\/wp-json\/wp\/v2\/product\/5171\/revisions\/6062"}],"wp:featuredmedia":[{"embeddable":true,"href":"https:\/\/agenciausphot.com\/uze\/en\/wp-json\/wp\/v2\/media\/5170"}],"wp:attachment":[{"href":"https:\/\/agenciausphot.com\/uze\/en\/wp-json\/wp\/v2\/media?parent=5171"}],"wp:term":[{"taxonomy":"brand","embeddable":true,"href":"https:\/\/agenciausphot.com\/uze\/en\/wp-json\/wp\/v2\/etheme_brands?post=5171"},{"taxonomy":"product_brand","embeddable":true,"href":"https:\/\/agenciausphot.com\/uze\/en\/wp-json\/wp\/v2\/product_brand?post=5171"},{"taxonomy":"product_cat","embeddable":true,"href":"https:\/\/agenciausphot.com\/uze\/en\/wp-json\/wp\/v2\/product_cat?post=5171"},{"taxonomy":"product_tag","embeddable":true,"href":"https:\/\/agenciausphot.com\/uze\/en\/wp-json\/wp\/v2\/product_tag?post=5171"}],"curies":[{"name":"wp","href":"https:\/\/api.w.org\/{rel}","templated":true}]}}