{"id":5167,"date":"2025-10-29T13:08:08","date_gmt":"2025-10-29T13:08:08","guid":{"rendered":"https:\/\/agenciausphot.com\/uze\/produto\/berloque-pedagogia\/"},"modified":"2025-12-04T18:41:34","modified_gmt":"2025-12-04T18:41:34","slug":"berloque-pedagogia","status":"publish","type":"product","link":"https:\/\/agenciausphot.com\/uze\/en\/product\/berloque-pedagogia\/","title":{"rendered":"Berloque pedagogia"},"content":{"rendered":"<h3 data-start=\"100\" data-end=\"126\">Detalhes do Produto:<\/h3>\n<p data-start=\"127\" data-end=\"481\">Berloque em <strong data-start=\"139\" data-end=\"161\">Prata 925 leg\u00edtima<\/strong>, inspirado no s\u00edmbolo da <strong data-start=\"187\" data-end=\"200\">Pedagogia<\/strong>, profiss\u00e3o que representa ensino, sabedoria e dedica\u00e7\u00e3o \u00e0 forma\u00e7\u00e3o de gera\u00e7\u00f5es. Uma joia delicada e significativa, ideal para estudantes, formandos e profissionais da \u00e1rea da educa\u00e7\u00e3o, perfeita para expressar amor pela carreira e eternizar conquistas acad\u00eamicas e profissionais.<\/p>\n<p data-start=\"483\" data-end=\"606\">As pratas 925 possuem <strong data-start=\"505\" data-end=\"527\">garantia vital\u00edcia<\/strong>, reconhecidas por sua resist\u00eancia, durabilidade e excelente custo-benef\u00edcio.<\/p>\n<hr data-start=\"608\" data-end=\"611\">\n<h3 data-start=\"613\" data-end=\"645\">Especifica\u00e7\u00f5es do produto:<\/h3>\n<ul data-start=\"646\" data-end=\"1032\">\n<li data-start=\"646\" data-end=\"680\">\n<p data-start=\"648\" data-end=\"680\"><strong data-start=\"648\" data-end=\"659\">Modelo:<\/strong> Berloque Pedagogia<\/p>\n<\/li>\n<li data-start=\"681\" data-end=\"800\">\n<p data-start=\"683\" data-end=\"800\"><strong data-start=\"683\" data-end=\"695\">Formato:<\/strong> S\u00edmbolo da pedagogia (livro aberto, \u00e1rvore do conhecimento ou emblema oficial \u2013 varia conforme modelo)<\/p>\n<\/li>\n<li data-start=\"801\" data-end=\"837\">\n<p data-start=\"803\" data-end=\"837\"><strong data-start=\"803\" data-end=\"816\">Material:<\/strong> Prata 925 leg\u00edtima<\/p>\n<\/li>\n<li data-start=\"838\" data-end=\"920\">\n<p data-start=\"840\" data-end=\"920\"><strong data-start=\"840\" data-end=\"855\">Acabamento:<\/strong> Polido brilhante + detalhes esmaltados (varia conforme modelo)<\/p>\n<\/li>\n<li data-start=\"921\" data-end=\"1006\">\n<p data-start=\"923\" data-end=\"1006\"><strong data-start=\"923\" data-end=\"943\">Compatibilidade:<\/strong> Pulseiras estilo europeu (Pandora, Life, Morana e similares)<\/p>\n<\/li>\n<li data-start=\"1007\" data-end=\"1032\">\n<p data-start=\"1009\" data-end=\"1032\"><strong data-start=\"1009\" data-end=\"1018\">Peso:<\/strong> Aprox. 2,0g<\/p>\n<\/li>\n<\/ul>\n<hr data-start=\"1034\" data-end=\"1037\">\n<h3 data-start=\"1039\" data-end=\"1054\">Garantia:<\/h3>\n<p data-start=\"1055\" data-end=\"1309\">Todos os berloques em <strong data-start=\"1077\" data-end=\"1090\">Prata 925<\/strong> acompanham <strong data-start=\"1102\" data-end=\"1146\">Certificado de Garantia de Autenticidade<\/strong>, assegurando a <strong data-start=\"1162\" data-end=\"1180\">dura\u00e7\u00e3o eterna<\/strong> do material. Diferente das bijuterias, pe\u00e7as em Prata 925 preservam brilho e valor por toda a vida, assim como o <strong data-start=\"1294\" data-end=\"1306\">Ouro 18k<\/strong>.<\/p>","protected":false},"excerpt":{"rendered":"<p>Detalhes do Produto: Berloque em Prata 925 leg\u00edtima, inspirado no s\u00edmbolo da Pedagogia, profiss\u00e3o que representa ensino, sabedoria e dedica\u00e7\u00e3o \u00e0 forma\u00e7\u00e3o de gera\u00e7\u00f5es. Uma&#8230;<\/p>","protected":false},"featured_media":5165,"comment_status":"open","ping_status":"closed","template":"","meta":[],"etheme_brands":[],"product_brand":[],"product_cat":[127],"product_tag":[133],"class_list":{"0":"post-5167","1":"product","2":"type-product","3":"status-publish","4":"has-post-thumbnail","6":"product_cat-categoriaberloques","7":"product_tag-uze-pratas","9":"first","10":"instock","11":"shipping-taxable","12":"purchasable","13":"product-type-simple"},"_links":{"self":[{"href":"https:\/\/agenciausphot.com\/uze\/en\/wp-json\/wp\/v2\/product\/5167","targetHints":{"allow":["GET"]}}],"collection":[{"href":"https:\/\/agenciausphot.com\/uze\/en\/wp-json\/wp\/v2\/product"}],"about":[{"href":"https:\/\/agenciausphot.com\/uze\/en\/wp-json\/wp\/v2\/types\/product"}],"replies":[{"embeddable":true,"href":"https:\/\/agenciausphot.com\/uze\/en\/wp-json\/wp\/v2\/comments?post=5167"}],"version-history":[{"count":1,"href":"https:\/\/agenciausphot.com\/uze\/en\/wp-json\/wp\/v2\/product\/5167\/revisions"}],"predecessor-version":[{"id":6060,"href":"https:\/\/agenciausphot.com\/uze\/en\/wp-json\/wp\/v2\/product\/5167\/revisions\/6060"}],"wp:featuredmedia":[{"embeddable":true,"href":"https:\/\/agenciausphot.com\/uze\/en\/wp-json\/wp\/v2\/media\/5165"}],"wp:attachment":[{"href":"https:\/\/agenciausphot.com\/uze\/en\/wp-json\/wp\/v2\/media?parent=5167"}],"wp:term":[{"taxonomy":"brand","embeddable":true,"href":"https:\/\/agenciausphot.com\/uze\/en\/wp-json\/wp\/v2\/etheme_brands?post=5167"},{"taxonomy":"product_brand","embeddable":true,"href":"https:\/\/agenciausphot.com\/uze\/en\/wp-json\/wp\/v2\/product_brand?post=5167"},{"taxonomy":"product_cat","embeddable":true,"href":"https:\/\/agenciausphot.com\/uze\/en\/wp-json\/wp\/v2\/product_cat?post=5167"},{"taxonomy":"product_tag","embeddable":true,"href":"https:\/\/agenciausphot.com\/uze\/en\/wp-json\/wp\/v2\/product_tag?post=5167"}],"curies":[{"name":"wp","href":"https:\/\/api.w.org\/{rel}","templated":true}]}}