{"id":5164,"date":"2025-10-29T13:08:06","date_gmt":"2025-10-29T13:08:06","guid":{"rendered":"https:\/\/agenciausphot.com\/uze\/produto\/berloque-profissao-juiz\/"},"modified":"2025-11-04T20:37:06","modified_gmt":"2025-11-04T20:37:06","slug":"berloque-profissao-juiz","status":"publish","type":"product","link":"https:\/\/agenciausphot.com\/uze\/en\/product\/berloque-profissao-juiz\/","title":{"rendered":"Berloque profiss\u00e3o juiz"},"content":{"rendered":"<h3 data-start=\"105\" data-end=\"131\">Detalhes do Produto:<\/h3>\n<p data-start=\"132\" data-end=\"479\">Berloque em <strong data-start=\"144\" data-end=\"166\">Prata 925 leg\u00edtima<\/strong>, com design inspirado na <strong data-start=\"192\" data-end=\"213\">profiss\u00e3o de Juiz<\/strong>, trazendo s\u00edmbolos da justi\u00e7a como o <strong data-start=\"251\" data-end=\"262\">martelo<\/strong> ou a <strong data-start=\"268\" data-end=\"279\">balan\u00e7a<\/strong>, representando equil\u00edbrio, \u00e9tica e autoridade. Uma joia especial para estudantes e profissionais da \u00e1rea jur\u00eddica, perfeita para eternizar conquistas acad\u00eamicas ou homenagear a paix\u00e3o pelo Direito.<\/p>\n<p data-start=\"481\" data-end=\"604\">As pratas 925 possuem <strong data-start=\"503\" data-end=\"525\">garantia vital\u00edcia<\/strong>, reconhecidas por sua resist\u00eancia, durabilidade e excelente custo-benef\u00edcio.<\/p>\n<hr data-start=\"606\" data-end=\"609\">\n<h3 data-start=\"611\" data-end=\"643\">Especifica\u00e7\u00f5es do produto:<\/h3>\n<ul data-start=\"644\" data-end=\"971\">\n<li data-start=\"644\" data-end=\"683\">\n<p data-start=\"646\" data-end=\"683\"><strong data-start=\"646\" data-end=\"657\">Modelo:<\/strong> Berloque Profiss\u00e3o Juiz<\/p>\n<\/li>\n<li data-start=\"684\" data-end=\"762\">\n<p data-start=\"686\" data-end=\"762\"><strong data-start=\"686\" data-end=\"698\">Formato:<\/strong> Martelo do juiz ou balan\u00e7a da justi\u00e7a (varia conforme modelo)<\/p>\n<\/li>\n<li data-start=\"763\" data-end=\"799\">\n<p data-start=\"765\" data-end=\"799\"><strong data-start=\"765\" data-end=\"778\">Material:<\/strong> Prata 925 leg\u00edtima<\/p>\n<\/li>\n<li data-start=\"800\" data-end=\"859\">\n<p data-start=\"802\" data-end=\"859\"><strong data-start=\"802\" data-end=\"817\">Acabamento:<\/strong> Polido brilhante + detalhes trabalhados<\/p>\n<\/li>\n<li data-start=\"860\" data-end=\"945\">\n<p data-start=\"862\" data-end=\"945\"><strong data-start=\"862\" data-end=\"882\">Compatibilidade:<\/strong> Pulseiras estilo europeu (Pandora, Life, Morana e similares)<\/p>\n<\/li>\n<li data-start=\"946\" data-end=\"971\">\n<p data-start=\"948\" data-end=\"971\"><strong data-start=\"948\" data-end=\"957\">Peso:<\/strong> Aprox. 2,0g<\/p>\n<\/li>\n<\/ul>\n<hr data-start=\"973\" data-end=\"976\">\n<h3 data-start=\"978\" data-end=\"993\">Garantia:<\/h3>\n<p data-start=\"994\" data-end=\"1248\">Todos os berloques em <strong data-start=\"1016\" data-end=\"1029\">Prata 925<\/strong> acompanham <strong data-start=\"1041\" data-end=\"1085\">Certificado de Garantia de Autenticidade<\/strong>, assegurando a <strong data-start=\"1101\" data-end=\"1119\">dura\u00e7\u00e3o eterna<\/strong> do material. Diferente das bijuterias, pe\u00e7as em Prata 925 preservam brilho e valor por toda a vida, assim como o <strong data-start=\"1233\" data-end=\"1245\">Ouro 18k<\/strong>.<\/p>","protected":false},"excerpt":{"rendered":"<p>Detalhes do Produto: Berloque em Prata 925 leg\u00edtima, com design inspirado na profiss\u00e3o de Juiz, trazendo s\u00edmbolos da justi\u00e7a como o martelo ou a balan\u00e7a,&#8230;<\/p>","protected":false},"featured_media":5163,"comment_status":"open","ping_status":"closed","template":"","meta":[],"etheme_brands":[],"product_brand":[],"product_cat":[127],"product_tag":[133],"class_list":{"0":"post-5164","1":"product","2":"type-product","3":"status-publish","4":"has-post-thumbnail","6":"product_cat-categoriaberloques","7":"product_tag-uze-pratas","9":"first","10":"instock","11":"shipping-taxable","12":"purchasable","13":"product-type-simple"},"_links":{"self":[{"href":"https:\/\/agenciausphot.com\/uze\/en\/wp-json\/wp\/v2\/product\/5164","targetHints":{"allow":["GET"]}}],"collection":[{"href":"https:\/\/agenciausphot.com\/uze\/en\/wp-json\/wp\/v2\/product"}],"about":[{"href":"https:\/\/agenciausphot.com\/uze\/en\/wp-json\/wp\/v2\/types\/product"}],"replies":[{"embeddable":true,"href":"https:\/\/agenciausphot.com\/uze\/en\/wp-json\/wp\/v2\/comments?post=5164"}],"version-history":[{"count":1,"href":"https:\/\/agenciausphot.com\/uze\/en\/wp-json\/wp\/v2\/product\/5164\/revisions"}],"predecessor-version":[{"id":6059,"href":"https:\/\/agenciausphot.com\/uze\/en\/wp-json\/wp\/v2\/product\/5164\/revisions\/6059"}],"wp:featuredmedia":[{"embeddable":true,"href":"https:\/\/agenciausphot.com\/uze\/en\/wp-json\/wp\/v2\/media\/5163"}],"wp:attachment":[{"href":"https:\/\/agenciausphot.com\/uze\/en\/wp-json\/wp\/v2\/media?parent=5164"}],"wp:term":[{"taxonomy":"brand","embeddable":true,"href":"https:\/\/agenciausphot.com\/uze\/en\/wp-json\/wp\/v2\/etheme_brands?post=5164"},{"taxonomy":"product_brand","embeddable":true,"href":"https:\/\/agenciausphot.com\/uze\/en\/wp-json\/wp\/v2\/product_brand?post=5164"},{"taxonomy":"product_cat","embeddable":true,"href":"https:\/\/agenciausphot.com\/uze\/en\/wp-json\/wp\/v2\/product_cat?post=5164"},{"taxonomy":"product_tag","embeddable":true,"href":"https:\/\/agenciausphot.com\/uze\/en\/wp-json\/wp\/v2\/product_tag?post=5164"}],"curies":[{"name":"wp","href":"https:\/\/api.w.org\/{rel}","templated":true}]}}