{"id":5162,"date":"2025-10-29T13:08:04","date_gmt":"2025-10-29T13:08:04","guid":{"rendered":"https:\/\/agenciausphot.com\/uze\/produto\/berloque-administracao\/"},"modified":"2025-11-04T20:37:05","modified_gmt":"2025-11-04T20:37:05","slug":"berloque-administracao","status":"publish","type":"product","link":"https:\/\/agenciausphot.com\/uze\/en\/product\/berloque-administracao\/","title":{"rendered":"Berloque administra\u00e7\u00e3o"},"content":{"rendered":"<h3 data-start=\"104\" data-end=\"130\">Detalhes do Produto:<\/h3>\n<p data-start=\"131\" data-end=\"446\">Berloque em <strong data-start=\"143\" data-end=\"165\">Prata 925 leg\u00edtima<\/strong>, com design inspirado no s\u00edmbolo da <strong data-start=\"202\" data-end=\"219\">Administra\u00e7\u00e3o<\/strong>, representando lideran\u00e7a, estrat\u00e9gia e organiza\u00e7\u00e3o. Uma joia significativa para estudantes, formandos e profissionais da \u00e1rea, perfeita para expressar orgulho pela profiss\u00e3o e eternizar conquistas acad\u00eamicas e profissionais.<\/p>\n<p data-start=\"448\" data-end=\"571\">As pratas 925 possuem <strong data-start=\"470\" data-end=\"492\">garantia vital\u00edcia<\/strong>, reconhecidas por sua resist\u00eancia, durabilidade e excelente custo-benef\u00edcio.<\/p>\n<hr data-start=\"573\" data-end=\"576\">\n<h3 data-start=\"578\" data-end=\"610\">Especifica\u00e7\u00f5es do produto:<\/h3>\n<ul data-start=\"611\" data-end=\"969\">\n<li data-start=\"611\" data-end=\"649\">\n<p data-start=\"613\" data-end=\"649\"><strong data-start=\"613\" data-end=\"624\">Modelo:<\/strong> Berloque Administra\u00e7\u00e3o<\/p>\n<\/li>\n<li data-start=\"650\" data-end=\"729\">\n<p data-start=\"652\" data-end=\"729\"><strong data-start=\"652\" data-end=\"664\">Formato:<\/strong> S\u00edmbolo oficial da Administra\u00e7\u00e3o (losango com linhas internas)<\/p>\n<\/li>\n<li data-start=\"730\" data-end=\"766\">\n<p data-start=\"732\" data-end=\"766\"><strong data-start=\"732\" data-end=\"745\">Material:<\/strong> Prata 925 leg\u00edtima<\/p>\n<\/li>\n<li data-start=\"767\" data-end=\"857\">\n<p data-start=\"769\" data-end=\"857\"><strong data-start=\"769\" data-end=\"784\">Acabamento:<\/strong> Polido brilhante + detalhes esmaltados em azul (varia conforme modelo)<\/p>\n<\/li>\n<li data-start=\"858\" data-end=\"943\">\n<p data-start=\"860\" data-end=\"943\"><strong data-start=\"860\" data-end=\"880\">Compatibilidade:<\/strong> Pulseiras estilo europeu (Pandora, Life, Morana e similares)<\/p>\n<\/li>\n<li data-start=\"944\" data-end=\"969\">\n<p data-start=\"946\" data-end=\"969\"><strong data-start=\"946\" data-end=\"955\">Peso:<\/strong> Aprox. 2,0g<\/p>\n<\/li>\n<\/ul>\n<hr data-start=\"971\" data-end=\"974\">\n<h3 data-start=\"976\" data-end=\"991\">Garantia:<\/h3>\n<p data-start=\"992\" data-end=\"1246\">Todos os berloques em <strong data-start=\"1014\" data-end=\"1027\">Prata 925<\/strong> acompanham <strong data-start=\"1039\" data-end=\"1083\">Certificado de Garantia de Autenticidade<\/strong>, assegurando a <strong data-start=\"1099\" data-end=\"1117\">dura\u00e7\u00e3o eterna<\/strong> do material. Diferente das bijuterias, pe\u00e7as em Prata 925 preservam brilho e valor por toda a vida, assim como o <strong data-start=\"1231\" data-end=\"1243\">Ouro 18k<\/strong>.<\/p>","protected":false},"excerpt":{"rendered":"<p>Detalhes do Produto: Berloque em Prata 925 leg\u00edtima, com design inspirado no s\u00edmbolo da Administra\u00e7\u00e3o, representando lideran\u00e7a, estrat\u00e9gia e organiza\u00e7\u00e3o. Uma joia significativa para estudantes,&#8230;<\/p>","protected":false},"featured_media":5161,"comment_status":"open","ping_status":"closed","template":"","meta":[],"etheme_brands":[],"product_brand":[],"product_cat":[127],"product_tag":[133],"class_list":{"0":"post-5162","1":"product","2":"type-product","3":"status-publish","4":"has-post-thumbnail","6":"product_cat-categoriaberloques","7":"product_tag-uze-pratas","9":"first","10":"instock","11":"shipping-taxable","12":"purchasable","13":"product-type-simple"},"_links":{"self":[{"href":"https:\/\/agenciausphot.com\/uze\/en\/wp-json\/wp\/v2\/product\/5162","targetHints":{"allow":["GET"]}}],"collection":[{"href":"https:\/\/agenciausphot.com\/uze\/en\/wp-json\/wp\/v2\/product"}],"about":[{"href":"https:\/\/agenciausphot.com\/uze\/en\/wp-json\/wp\/v2\/types\/product"}],"replies":[{"embeddable":true,"href":"https:\/\/agenciausphot.com\/uze\/en\/wp-json\/wp\/v2\/comments?post=5162"}],"version-history":[{"count":1,"href":"https:\/\/agenciausphot.com\/uze\/en\/wp-json\/wp\/v2\/product\/5162\/revisions"}],"predecessor-version":[{"id":6058,"href":"https:\/\/agenciausphot.com\/uze\/en\/wp-json\/wp\/v2\/product\/5162\/revisions\/6058"}],"wp:featuredmedia":[{"embeddable":true,"href":"https:\/\/agenciausphot.com\/uze\/en\/wp-json\/wp\/v2\/media\/5161"}],"wp:attachment":[{"href":"https:\/\/agenciausphot.com\/uze\/en\/wp-json\/wp\/v2\/media?parent=5162"}],"wp:term":[{"taxonomy":"brand","embeddable":true,"href":"https:\/\/agenciausphot.com\/uze\/en\/wp-json\/wp\/v2\/etheme_brands?post=5162"},{"taxonomy":"product_brand","embeddable":true,"href":"https:\/\/agenciausphot.com\/uze\/en\/wp-json\/wp\/v2\/product_brand?post=5162"},{"taxonomy":"product_cat","embeddable":true,"href":"https:\/\/agenciausphot.com\/uze\/en\/wp-json\/wp\/v2\/product_cat?post=5162"},{"taxonomy":"product_tag","embeddable":true,"href":"https:\/\/agenciausphot.com\/uze\/en\/wp-json\/wp\/v2\/product_tag?post=5162"}],"curies":[{"name":"wp","href":"https:\/\/api.w.org\/{rel}","templated":true}]}}