{"id":5156,"date":"2025-10-29T13:08:00","date_gmt":"2025-10-29T13:08:00","guid":{"rendered":"https:\/\/agenciausphot.com\/uze\/produto\/berloque-levantamento-de-peso\/"},"modified":"2025-11-04T20:37:03","modified_gmt":"2025-11-04T20:37:03","slug":"berloque-levantamento-de-peso","status":"publish","type":"product","link":"https:\/\/agenciausphot.com\/uze\/en\/product\/berloque-levantamento-de-peso\/","title":{"rendered":"Berloque levantamento de peso"},"content":{"rendered":"<h3 data-start=\"112\" data-end=\"138\">Detalhes do Produto:<\/h3>\n<p data-start=\"139\" data-end=\"475\">Berloque em <strong data-start=\"151\" data-end=\"173\">Prata 925 leg\u00edtima<\/strong>, com design em formato de <strong data-start=\"200\" data-end=\"233\">halteres\/levantamento de peso<\/strong>, perfeito para simbolizar for\u00e7a, disciplina e supera\u00e7\u00e3o. Uma joia moderna e cheia de personalidade, ideal para amantes da muscula\u00e7\u00e3o, crossfit e do universo fitness que desejam eternizar sua paix\u00e3o pelo esporte em cada detalhe da pulseira.<\/p>\n<p data-start=\"477\" data-end=\"600\">As pratas 925 possuem <strong data-start=\"499\" data-end=\"521\">garantia vital\u00edcia<\/strong>, reconhecidas por sua resist\u00eancia, durabilidade e excelente custo-benef\u00edcio.<\/p>\n<hr data-start=\"602\" data-end=\"605\">\n<h3 data-start=\"607\" data-end=\"639\">Especifica\u00e7\u00f5es do produto:<\/h3>\n<ul data-start=\"640\" data-end=\"946\">\n<li data-start=\"640\" data-end=\"685\">\n<p data-start=\"642\" data-end=\"685\"><strong data-start=\"642\" data-end=\"653\">Modelo:<\/strong> Berloque Levantamento de Peso<\/p>\n<\/li>\n<li data-start=\"686\" data-end=\"737\">\n<p data-start=\"688\" data-end=\"737\"><strong data-start=\"688\" data-end=\"700\">Formato:<\/strong> Mini barra com anilhas estilizadas<\/p>\n<\/li>\n<li data-start=\"738\" data-end=\"774\">\n<p data-start=\"740\" data-end=\"774\"><strong data-start=\"740\" data-end=\"753\">Material:<\/strong> Prata 925 leg\u00edtima<\/p>\n<\/li>\n<li data-start=\"775\" data-end=\"834\">\n<p data-start=\"777\" data-end=\"834\"><strong data-start=\"777\" data-end=\"792\">Acabamento:<\/strong> Polido brilhante + detalhes trabalhados<\/p>\n<\/li>\n<li data-start=\"835\" data-end=\"920\">\n<p data-start=\"837\" data-end=\"920\"><strong data-start=\"837\" data-end=\"857\">Compatibilidade:<\/strong> Pulseiras estilo europeu (Pandora, Life, Morana e similares)<\/p>\n<\/li>\n<li data-start=\"921\" data-end=\"946\">\n<p data-start=\"923\" data-end=\"946\"><strong data-start=\"923\" data-end=\"932\">Peso:<\/strong> Aprox. 2,0g<\/p>\n<\/li>\n<\/ul>\n<hr data-start=\"948\" data-end=\"951\">\n<h3 data-start=\"953\" data-end=\"968\">Garantia:<\/h3>\n<p data-start=\"969\" data-end=\"1223\">Todos os berloques em <strong data-start=\"991\" data-end=\"1004\">Prata 925<\/strong> acompanham <strong data-start=\"1016\" data-end=\"1060\">Certificado de Garantia de Autenticidade<\/strong>, assegurando a <strong data-start=\"1076\" data-end=\"1094\">dura\u00e7\u00e3o eterna<\/strong> do material. Diferente das bijuterias, pe\u00e7as em Prata 925 preservam brilho e valor por toda a vida, assim como o <strong data-start=\"1208\" data-end=\"1220\">Ouro 18k<\/strong>.<\/p>","protected":false},"excerpt":{"rendered":"<p>Detalhes do Produto: Berloque em Prata 925 leg\u00edtima, com design em formato de halteres\/levantamento de peso, perfeito para simbolizar for\u00e7a, disciplina e supera\u00e7\u00e3o. Uma joia&#8230;<\/p>","protected":false},"featured_media":5155,"comment_status":"open","ping_status":"closed","template":"","meta":[],"etheme_brands":[],"product_brand":[],"product_cat":[127],"product_tag":[133],"class_list":{"0":"post-5156","1":"product","2":"type-product","3":"status-publish","4":"has-post-thumbnail","6":"product_cat-categoriaberloques","7":"product_tag-uze-pratas","9":"first","10":"instock","11":"shipping-taxable","12":"purchasable","13":"product-type-simple"},"_links":{"self":[{"href":"https:\/\/agenciausphot.com\/uze\/en\/wp-json\/wp\/v2\/product\/5156","targetHints":{"allow":["GET"]}}],"collection":[{"href":"https:\/\/agenciausphot.com\/uze\/en\/wp-json\/wp\/v2\/product"}],"about":[{"href":"https:\/\/agenciausphot.com\/uze\/en\/wp-json\/wp\/v2\/types\/product"}],"replies":[{"embeddable":true,"href":"https:\/\/agenciausphot.com\/uze\/en\/wp-json\/wp\/v2\/comments?post=5156"}],"version-history":[{"count":1,"href":"https:\/\/agenciausphot.com\/uze\/en\/wp-json\/wp\/v2\/product\/5156\/revisions"}],"predecessor-version":[{"id":6055,"href":"https:\/\/agenciausphot.com\/uze\/en\/wp-json\/wp\/v2\/product\/5156\/revisions\/6055"}],"wp:featuredmedia":[{"embeddable":true,"href":"https:\/\/agenciausphot.com\/uze\/en\/wp-json\/wp\/v2\/media\/5155"}],"wp:attachment":[{"href":"https:\/\/agenciausphot.com\/uze\/en\/wp-json\/wp\/v2\/media?parent=5156"}],"wp:term":[{"taxonomy":"brand","embeddable":true,"href":"https:\/\/agenciausphot.com\/uze\/en\/wp-json\/wp\/v2\/etheme_brands?post=5156"},{"taxonomy":"product_brand","embeddable":true,"href":"https:\/\/agenciausphot.com\/uze\/en\/wp-json\/wp\/v2\/product_brand?post=5156"},{"taxonomy":"product_cat","embeddable":true,"href":"https:\/\/agenciausphot.com\/uze\/en\/wp-json\/wp\/v2\/product_cat?post=5156"},{"taxonomy":"product_tag","embeddable":true,"href":"https:\/\/agenciausphot.com\/uze\/en\/wp-json\/wp\/v2\/product_tag?post=5156"}],"curies":[{"name":"wp","href":"https:\/\/api.w.org\/{rel}","templated":true}]}}