{"id":5154,"date":"2025-10-29T13:07:59","date_gmt":"2025-10-29T13:07:59","guid":{"rendered":"https:\/\/agenciausphot.com\/uze\/produto\/berloque-balde-de-pipoca\/"},"modified":"2025-11-04T20:37:02","modified_gmt":"2025-11-04T20:37:02","slug":"berloque-balde-de-pipoca","status":"publish","type":"product","link":"https:\/\/agenciausphot.com\/uze\/en\/product\/berloque-balde-de-pipoca\/","title":{"rendered":"Berloque balde de pipoca"},"content":{"rendered":"<h3 data-start=\"106\" data-end=\"132\">Detalhes do Produto:<\/h3>\n<p data-start=\"133\" data-end=\"436\">Berloque em <strong data-start=\"145\" data-end=\"167\">Prata 925 leg\u00edtima<\/strong>, com design divertido em formato de <strong data-start=\"204\" data-end=\"223\">balde de pipoca<\/strong>, perfeito para simbolizar momentos de lazer, cinema e descontra\u00e7\u00e3o. Uma pe\u00e7a criativa e cheia de charme, ideal para personalizar pulseiras e eternizar mem\u00f3rias especiais ligadas \u00e0 divers\u00e3o com amigos e fam\u00edlia.<\/p>\n<p data-start=\"438\" data-end=\"561\">As pratas 925 possuem <strong data-start=\"460\" data-end=\"482\">garantia vital\u00edcia<\/strong>, reconhecidas por sua resist\u00eancia, durabilidade e excelente custo-benef\u00edcio.<\/p>\n<hr data-start=\"563\" data-end=\"566\">\n<h3 data-start=\"568\" data-end=\"600\">Especifica\u00e7\u00f5es do produto:<\/h3>\n<ul data-start=\"601\" data-end=\"935\">\n<li data-start=\"601\" data-end=\"641\">\n<p data-start=\"603\" data-end=\"641\"><strong data-start=\"603\" data-end=\"614\">Modelo:<\/strong> Berloque Balde de Pipoca<\/p>\n<\/li>\n<li data-start=\"642\" data-end=\"692\">\n<p data-start=\"644\" data-end=\"692\"><strong data-start=\"644\" data-end=\"656\">Formato:<\/strong> Mini balde estilizado com pipocas<\/p>\n<\/li>\n<li data-start=\"693\" data-end=\"729\">\n<p data-start=\"695\" data-end=\"729\"><strong data-start=\"695\" data-end=\"708\">Material:<\/strong> Prata 925 leg\u00edtima<\/p>\n<\/li>\n<li data-start=\"730\" data-end=\"823\">\n<p data-start=\"732\" data-end=\"823\"><strong data-start=\"732\" data-end=\"747\">Acabamento:<\/strong> Polido brilhante + detalhes esmaltados (vermelho\/branco, conforme modelo)<\/p>\n<\/li>\n<li data-start=\"824\" data-end=\"909\">\n<p data-start=\"826\" data-end=\"909\"><strong data-start=\"826\" data-end=\"846\">Compatibilidade:<\/strong> Pulseiras estilo europeu (Pandora, Life, Morana e similares)<\/p>\n<\/li>\n<li data-start=\"910\" data-end=\"935\">\n<p data-start=\"912\" data-end=\"935\"><strong data-start=\"912\" data-end=\"921\">Peso:<\/strong> Aprox. 2,0g<\/p>\n<\/li>\n<\/ul>\n<hr data-start=\"937\" data-end=\"940\">\n<h3 data-start=\"942\" data-end=\"957\">Garantia:<\/h3>\n<p data-start=\"958\" data-end=\"1212\">Todos os berloques em <strong data-start=\"980\" data-end=\"993\">Prata 925<\/strong> acompanham <strong data-start=\"1005\" data-end=\"1049\">Certificado de Garantia de Autenticidade<\/strong>, assegurando a <strong data-start=\"1065\" data-end=\"1083\">dura\u00e7\u00e3o eterna<\/strong> do material. Diferente das bijuterias, pe\u00e7as em Prata 925 preservam brilho e valor por toda a vida, assim como o <strong data-start=\"1197\" data-end=\"1209\">Ouro 18k<\/strong>.<\/p>","protected":false},"excerpt":{"rendered":"<p>Detalhes do Produto: Berloque em Prata 925 leg\u00edtima, com design divertido em formato de balde de pipoca, perfeito para simbolizar momentos de lazer, cinema e&#8230;<\/p>","protected":false},"featured_media":5153,"comment_status":"open","ping_status":"closed","template":"","meta":[],"etheme_brands":[],"product_brand":[],"product_cat":[127],"product_tag":[133],"class_list":{"0":"post-5154","1":"product","2":"type-product","3":"status-publish","4":"has-post-thumbnail","6":"product_cat-categoriaberloques","7":"product_tag-uze-pratas","9":"first","10":"instock","11":"shipping-taxable","12":"purchasable","13":"product-type-simple"},"_links":{"self":[{"href":"https:\/\/agenciausphot.com\/uze\/en\/wp-json\/wp\/v2\/product\/5154","targetHints":{"allow":["GET"]}}],"collection":[{"href":"https:\/\/agenciausphot.com\/uze\/en\/wp-json\/wp\/v2\/product"}],"about":[{"href":"https:\/\/agenciausphot.com\/uze\/en\/wp-json\/wp\/v2\/types\/product"}],"replies":[{"embeddable":true,"href":"https:\/\/agenciausphot.com\/uze\/en\/wp-json\/wp\/v2\/comments?post=5154"}],"version-history":[{"count":1,"href":"https:\/\/agenciausphot.com\/uze\/en\/wp-json\/wp\/v2\/product\/5154\/revisions"}],"predecessor-version":[{"id":6054,"href":"https:\/\/agenciausphot.com\/uze\/en\/wp-json\/wp\/v2\/product\/5154\/revisions\/6054"}],"wp:featuredmedia":[{"embeddable":true,"href":"https:\/\/agenciausphot.com\/uze\/en\/wp-json\/wp\/v2\/media\/5153"}],"wp:attachment":[{"href":"https:\/\/agenciausphot.com\/uze\/en\/wp-json\/wp\/v2\/media?parent=5154"}],"wp:term":[{"taxonomy":"brand","embeddable":true,"href":"https:\/\/agenciausphot.com\/uze\/en\/wp-json\/wp\/v2\/etheme_brands?post=5154"},{"taxonomy":"product_brand","embeddable":true,"href":"https:\/\/agenciausphot.com\/uze\/en\/wp-json\/wp\/v2\/product_brand?post=5154"},{"taxonomy":"product_cat","embeddable":true,"href":"https:\/\/agenciausphot.com\/uze\/en\/wp-json\/wp\/v2\/product_cat?post=5154"},{"taxonomy":"product_tag","embeddable":true,"href":"https:\/\/agenciausphot.com\/uze\/en\/wp-json\/wp\/v2\/product_tag?post=5154"}],"curies":[{"name":"wp","href":"https:\/\/api.w.org\/{rel}","templated":true}]}}