{"id":5145,"date":"2025-10-29T13:07:52","date_gmt":"2025-10-29T13:07:52","guid":{"rendered":"https:\/\/agenciausphot.com\/uze\/produto\/berloque-picole\/"},"modified":"2025-11-04T20:36:59","modified_gmt":"2025-11-04T20:36:59","slug":"berloque-picole","status":"publish","type":"product","link":"https:\/\/agenciausphot.com\/uze\/en\/product\/berloque-picole\/","title":{"rendered":"Berloque picole"},"content":{"rendered":"<h3 data-start=\"97\" data-end=\"123\">Detalhes do Produto:<\/h3>\n<p data-start=\"124\" data-end=\"489\">Berloque em <strong data-start=\"136\" data-end=\"158\">Prata 925 leg\u00edtima<\/strong>, com design divertido e delicado em formato de <strong data-start=\"206\" data-end=\"216\">picol\u00e9<\/strong>, simbolizando leveza, alegria e momentos doces da vida. Uma pe\u00e7a criativa e cheia de personalidade, perfeita para personalizar pulseiras e deixar o visual mais descontra\u00eddo e encantador. Pode contar com detalhes esmaltados coloridos, que trazem ainda mais charme \u00e0 joia.<\/p>\n<p data-start=\"491\" data-end=\"614\">As pratas 925 possuem <strong data-start=\"513\" data-end=\"535\">garantia vital\u00edcia<\/strong>, reconhecidas por sua resist\u00eancia, durabilidade e excelente custo-benef\u00edcio.<\/p>\n<hr data-start=\"616\" data-end=\"619\">\n<h3 data-start=\"621\" data-end=\"653\">Especifica\u00e7\u00f5es do produto:<\/h3>\n<ul data-start=\"654\" data-end=\"962\">\n<li data-start=\"654\" data-end=\"685\">\n<p data-start=\"656\" data-end=\"685\"><strong data-start=\"656\" data-end=\"667\">Modelo:<\/strong> Berloque Picol\u00e9<\/p>\n<\/li>\n<li data-start=\"686\" data-end=\"720\">\n<p data-start=\"688\" data-end=\"720\"><strong data-start=\"688\" data-end=\"700\">Formato:<\/strong> Picol\u00e9 estilizado<\/p>\n<\/li>\n<li data-start=\"721\" data-end=\"757\">\n<p data-start=\"723\" data-end=\"757\"><strong data-start=\"723\" data-end=\"736\">Material:<\/strong> Prata 925 leg\u00edtima<\/p>\n<\/li>\n<li data-start=\"758\" data-end=\"850\">\n<p data-start=\"760\" data-end=\"850\"><strong data-start=\"760\" data-end=\"775\">Acabamento:<\/strong> Polido brilhante + detalhes esmaltados coloridos (varia conforme modelo)<\/p>\n<\/li>\n<li data-start=\"851\" data-end=\"936\">\n<p data-start=\"853\" data-end=\"936\"><strong data-start=\"853\" data-end=\"873\">Compatibilidade:<\/strong> Pulseiras estilo europeu (Pandora, Life, Morana e similares)<\/p>\n<\/li>\n<li data-start=\"937\" data-end=\"962\">\n<p data-start=\"939\" data-end=\"962\"><strong data-start=\"939\" data-end=\"948\">Peso:<\/strong> Aprox. 1,8g<\/p>\n<\/li>\n<\/ul>\n<hr data-start=\"964\" data-end=\"967\">\n<h3 data-start=\"969\" data-end=\"984\">Garantia:<\/h3>\n<p data-start=\"985\" data-end=\"1239\">Todos os berloques em <strong data-start=\"1007\" data-end=\"1020\">Prata 925<\/strong> acompanham <strong data-start=\"1032\" data-end=\"1076\">Certificado de Garantia de Autenticidade<\/strong>, assegurando a <strong data-start=\"1092\" data-end=\"1110\">dura\u00e7\u00e3o eterna<\/strong> do material. Diferente das bijuterias, pe\u00e7as em Prata 925 preservam brilho e valor por toda a vida, assim como o <strong data-start=\"1224\" data-end=\"1236\">Ouro 18k<\/strong>.<\/p>","protected":false},"excerpt":{"rendered":"<p>Detalhes do Produto: Berloque em Prata 925 leg\u00edtima, com design divertido e delicado em formato de picol\u00e9, simbolizando leveza, alegria e momentos doces da vida&#8230;.<\/p>","protected":false},"featured_media":5143,"comment_status":"open","ping_status":"closed","template":"","meta":[],"etheme_brands":[],"product_brand":[],"product_cat":[127],"product_tag":[133],"class_list":{"0":"post-5145","1":"product","2":"type-product","3":"status-publish","4":"has-post-thumbnail","6":"product_cat-categoriaberloques","7":"product_tag-uze-pratas","9":"first","10":"instock","11":"shipping-taxable","12":"purchasable","13":"product-type-simple"},"_links":{"self":[{"href":"https:\/\/agenciausphot.com\/uze\/en\/wp-json\/wp\/v2\/product\/5145","targetHints":{"allow":["GET"]}}],"collection":[{"href":"https:\/\/agenciausphot.com\/uze\/en\/wp-json\/wp\/v2\/product"}],"about":[{"href":"https:\/\/agenciausphot.com\/uze\/en\/wp-json\/wp\/v2\/types\/product"}],"replies":[{"embeddable":true,"href":"https:\/\/agenciausphot.com\/uze\/en\/wp-json\/wp\/v2\/comments?post=5145"}],"version-history":[{"count":1,"href":"https:\/\/agenciausphot.com\/uze\/en\/wp-json\/wp\/v2\/product\/5145\/revisions"}],"predecessor-version":[{"id":6050,"href":"https:\/\/agenciausphot.com\/uze\/en\/wp-json\/wp\/v2\/product\/5145\/revisions\/6050"}],"wp:featuredmedia":[{"embeddable":true,"href":"https:\/\/agenciausphot.com\/uze\/en\/wp-json\/wp\/v2\/media\/5143"}],"wp:attachment":[{"href":"https:\/\/agenciausphot.com\/uze\/en\/wp-json\/wp\/v2\/media?parent=5145"}],"wp:term":[{"taxonomy":"brand","embeddable":true,"href":"https:\/\/agenciausphot.com\/uze\/en\/wp-json\/wp\/v2\/etheme_brands?post=5145"},{"taxonomy":"product_brand","embeddable":true,"href":"https:\/\/agenciausphot.com\/uze\/en\/wp-json\/wp\/v2\/product_brand?post=5145"},{"taxonomy":"product_cat","embeddable":true,"href":"https:\/\/agenciausphot.com\/uze\/en\/wp-json\/wp\/v2\/product_cat?post=5145"},{"taxonomy":"product_tag","embeddable":true,"href":"https:\/\/agenciausphot.com\/uze\/en\/wp-json\/wp\/v2\/product_tag?post=5145"}],"curies":[{"name":"wp","href":"https:\/\/api.w.org\/{rel}","templated":true}]}}