{"id":5140,"date":"2025-10-29T13:07:48","date_gmt":"2025-10-29T13:07:48","guid":{"rendered":"https:\/\/agenciausphot.com\/uze\/produto\/berloque-outubro-rosa\/"},"modified":"2025-12-05T04:41:36","modified_gmt":"2025-12-05T04:41:36","slug":"berloque-outubro-rosa","status":"publish","type":"product","link":"https:\/\/agenciausphot.com\/uze\/en\/product\/berloque-outubro-rosa\/","title":{"rendered":"Berloque outubro rosa"},"content":{"rendered":"<h3 data-start=\"103\" data-end=\"129\">Detalhes do Produto:<\/h3>\n<p data-start=\"130\" data-end=\"470\">Berloque em <strong data-start=\"142\" data-end=\"164\">Prata 925 leg\u00edtima<\/strong>, com design especial do <strong data-start=\"189\" data-end=\"202\">la\u00e7o rosa<\/strong>, s\u00edmbolo oficial da campanha <strong data-start=\"232\" data-end=\"248\">Outubro Rosa<\/strong>, que representa a conscientiza\u00e7\u00e3o e a luta contra o c\u00e2ncer de mama. Uma joia cheia de significado, que une delicadeza e solidariedade, perfeita para personalizar pulseiras e demonstrar apoio a essa causa t\u00e3o importante.<\/p>\n<p data-start=\"472\" data-end=\"595\">As pratas 925 possuem <strong data-start=\"494\" data-end=\"516\">garantia vital\u00edcia<\/strong>, reconhecidas por sua resist\u00eancia, durabilidade e excelente custo-benef\u00edcio.<\/p>\n<hr data-start=\"597\" data-end=\"600\">\n<h3 data-start=\"602\" data-end=\"634\">Especifica\u00e7\u00f5es do produto:<\/h3>\n<ul data-start=\"635\" data-end=\"961\">\n<li data-start=\"635\" data-end=\"672\">\n<p data-start=\"637\" data-end=\"672\"><strong data-start=\"637\" data-end=\"648\">Modelo:<\/strong> Berloque Outubro Rosa<\/p>\n<\/li>\n<li data-start=\"673\" data-end=\"710\">\n<p data-start=\"675\" data-end=\"710\"><strong data-start=\"675\" data-end=\"687\">Formato:<\/strong> La\u00e7o rosa estilizado<\/p>\n<\/li>\n<li data-start=\"711\" data-end=\"747\">\n<p data-start=\"713\" data-end=\"747\"><strong data-start=\"713\" data-end=\"726\">Material:<\/strong> Prata 925 leg\u00edtima<\/p>\n<\/li>\n<li data-start=\"748\" data-end=\"849\">\n<p data-start=\"750\" data-end=\"849\"><strong data-start=\"750\" data-end=\"765\">Acabamento:<\/strong> Polido brilhante + detalhe esmaltado ou cravejado em rosa (varia conforme modelo)<\/p>\n<\/li>\n<li data-start=\"850\" data-end=\"935\">\n<p data-start=\"852\" data-end=\"935\"><strong data-start=\"852\" data-end=\"872\">Compatibilidade:<\/strong> Pulseiras estilo europeu (Pandora, Life, Morana e similares)<\/p>\n<\/li>\n<li data-start=\"936\" data-end=\"961\">\n<p data-start=\"938\" data-end=\"961\"><strong data-start=\"938\" data-end=\"947\">Peso:<\/strong> Aprox. 2,0g<\/p>\n<\/li>\n<\/ul>\n<hr data-start=\"963\" data-end=\"966\">\n<h3 data-start=\"968\" data-end=\"983\">Garantia:<\/h3>\n<p data-start=\"984\" data-end=\"1238\">Todos os berloques em <strong data-start=\"1006\" data-end=\"1019\">Prata 925<\/strong> acompanham <strong data-start=\"1031\" data-end=\"1075\">Certificado de Garantia de Autenticidade<\/strong>, assegurando a <strong data-start=\"1091\" data-end=\"1109\">dura\u00e7\u00e3o eterna<\/strong> do material. Diferente das bijuterias, pe\u00e7as em Prata 925 preservam brilho e valor por toda a vida, assim como o <strong data-start=\"1223\" data-end=\"1235\">Ouro 18k<\/strong>.<\/p>","protected":false},"excerpt":{"rendered":"<p>Detalhes do Produto: Berloque em Prata 925 leg\u00edtima, com design especial do la\u00e7o rosa, s\u00edmbolo oficial da campanha Outubro Rosa, que representa a conscientiza\u00e7\u00e3o e&#8230;<\/p>","protected":false},"featured_media":5139,"comment_status":"open","ping_status":"closed","template":"","meta":[],"etheme_brands":[],"product_brand":[],"product_cat":[127],"product_tag":[133],"class_list":{"0":"post-5140","1":"product","2":"type-product","3":"status-publish","4":"has-post-thumbnail","6":"product_cat-categoriaberloques","7":"product_tag-uze-pratas","9":"first","10":"instock","11":"shipping-taxable","12":"purchasable","13":"product-type-simple"},"_links":{"self":[{"href":"https:\/\/agenciausphot.com\/uze\/en\/wp-json\/wp\/v2\/product\/5140","targetHints":{"allow":["GET"]}}],"collection":[{"href":"https:\/\/agenciausphot.com\/uze\/en\/wp-json\/wp\/v2\/product"}],"about":[{"href":"https:\/\/agenciausphot.com\/uze\/en\/wp-json\/wp\/v2\/types\/product"}],"replies":[{"embeddable":true,"href":"https:\/\/agenciausphot.com\/uze\/en\/wp-json\/wp\/v2\/comments?post=5140"}],"version-history":[{"count":1,"href":"https:\/\/agenciausphot.com\/uze\/en\/wp-json\/wp\/v2\/product\/5140\/revisions"}],"predecessor-version":[{"id":6048,"href":"https:\/\/agenciausphot.com\/uze\/en\/wp-json\/wp\/v2\/product\/5140\/revisions\/6048"}],"wp:featuredmedia":[{"embeddable":true,"href":"https:\/\/agenciausphot.com\/uze\/en\/wp-json\/wp\/v2\/media\/5139"}],"wp:attachment":[{"href":"https:\/\/agenciausphot.com\/uze\/en\/wp-json\/wp\/v2\/media?parent=5140"}],"wp:term":[{"taxonomy":"brand","embeddable":true,"href":"https:\/\/agenciausphot.com\/uze\/en\/wp-json\/wp\/v2\/etheme_brands?post=5140"},{"taxonomy":"product_brand","embeddable":true,"href":"https:\/\/agenciausphot.com\/uze\/en\/wp-json\/wp\/v2\/product_brand?post=5140"},{"taxonomy":"product_cat","embeddable":true,"href":"https:\/\/agenciausphot.com\/uze\/en\/wp-json\/wp\/v2\/product_cat?post=5140"},{"taxonomy":"product_tag","embeddable":true,"href":"https:\/\/agenciausphot.com\/uze\/en\/wp-json\/wp\/v2\/product_tag?post=5140"}],"curies":[{"name":"wp","href":"https:\/\/api.w.org\/{rel}","templated":true}]}}