{"id":5138,"date":"2025-10-29T13:07:47","date_gmt":"2025-10-29T13:07:47","guid":{"rendered":"https:\/\/agenciausphot.com\/uze\/produto\/berloque-oculos-vazado\/"},"modified":"2025-11-04T20:36:57","modified_gmt":"2025-11-04T20:36:57","slug":"berloque-oculos-vazado","status":"publish","type":"product","link":"https:\/\/agenciausphot.com\/uze\/en\/product\/berloque-oculos-vazado\/","title":{"rendered":"Berloque \u00f3culos vazado"},"content":{"rendered":"<h3 data-start=\"104\" data-end=\"130\">Detalhes do Produto:<\/h3>\n<p data-start=\"131\" data-end=\"464\">Berloque em <strong data-start=\"143\" data-end=\"165\">Prata 925 leg\u00edtima<\/strong>, em formato de <strong data-start=\"181\" data-end=\"209\">\u00f3culos estilizado vazado<\/strong>, moderno e descontra\u00eddo, perfeito para quem ama moda, estilo e acess\u00f3rios criativos. Uma pe\u00e7a divertida e cheia de personalidade, ideal para personalizar pulseiras e representar paix\u00e3o por viagens, praia, ver\u00e3o ou simplesmente pelo lifestyle descolado.<\/p>\n<p data-start=\"466\" data-end=\"589\">As pratas 925 possuem <strong data-start=\"488\" data-end=\"510\">garantia vital\u00edcia<\/strong>, reconhecidas por sua resist\u00eancia, durabilidade e excelente custo-benef\u00edcio.<\/p>\n<hr data-start=\"591\" data-end=\"594\">\n<h3 data-start=\"596\" data-end=\"628\">Especifica\u00e7\u00f5es do produto:<\/h3>\n<ul data-start=\"629\" data-end=\"888\">\n<li data-start=\"629\" data-end=\"667\">\n<p data-start=\"631\" data-end=\"667\"><strong data-start=\"631\" data-end=\"642\">Modelo:<\/strong> Berloque \u00d3culos Vazado<\/p>\n<\/li>\n<li data-start=\"668\" data-end=\"702\">\n<p data-start=\"670\" data-end=\"702\"><strong data-start=\"670\" data-end=\"682\">Formato:<\/strong> \u00d3culos estilizado<\/p>\n<\/li>\n<li data-start=\"703\" data-end=\"739\">\n<p data-start=\"705\" data-end=\"739\"><strong data-start=\"705\" data-end=\"718\">Material:<\/strong> Prata 925 leg\u00edtima<\/p>\n<\/li>\n<li data-start=\"740\" data-end=\"776\">\n<p data-start=\"742\" data-end=\"776\"><strong data-start=\"742\" data-end=\"757\">Acabamento:<\/strong> Polido brilhante<\/p>\n<\/li>\n<li data-start=\"777\" data-end=\"862\">\n<p data-start=\"779\" data-end=\"862\"><strong data-start=\"779\" data-end=\"799\">Compatibilidade:<\/strong> Pulseiras estilo europeu (Pandora, Life, Morana e similares)<\/p>\n<\/li>\n<li data-start=\"863\" data-end=\"888\">\n<p data-start=\"865\" data-end=\"888\"><strong data-start=\"865\" data-end=\"874\">Peso:<\/strong> Aprox. 1,8g<\/p>\n<\/li>\n<\/ul>\n<hr data-start=\"890\" data-end=\"893\">\n<h3 data-start=\"895\" data-end=\"910\">Garantia:<\/h3>\n<p data-start=\"911\" data-end=\"1165\">Todos os berloques em <strong data-start=\"933\" data-end=\"946\">Prata 925<\/strong> acompanham <strong data-start=\"958\" data-end=\"1002\">Certificado de Garantia de Autenticidade<\/strong>, assegurando a <strong data-start=\"1018\" data-end=\"1036\">dura\u00e7\u00e3o eterna<\/strong> do material. Diferente das bijuterias, pe\u00e7as em Prata 925 preservam brilho e valor por toda a vida, assim como o <strong data-start=\"1150\" data-end=\"1162\">Ouro 18k<\/strong>.<\/p>","protected":false},"excerpt":{"rendered":"<p>Detalhes do Produto: Berloque em Prata 925 leg\u00edtima, em formato de \u00f3culos estilizado vazado, moderno e descontra\u00eddo, perfeito para quem ama moda, estilo e acess\u00f3rios&#8230;<\/p>","protected":false},"featured_media":5136,"comment_status":"open","ping_status":"closed","template":"","meta":[],"etheme_brands":[],"product_brand":[],"product_cat":[127],"product_tag":[133],"class_list":{"0":"post-5138","1":"product","2":"type-product","3":"status-publish","4":"has-post-thumbnail","6":"product_cat-categoriaberloques","7":"product_tag-uze-pratas","9":"first","10":"instock","11":"shipping-taxable","12":"purchasable","13":"product-type-simple"},"_links":{"self":[{"href":"https:\/\/agenciausphot.com\/uze\/en\/wp-json\/wp\/v2\/product\/5138","targetHints":{"allow":["GET"]}}],"collection":[{"href":"https:\/\/agenciausphot.com\/uze\/en\/wp-json\/wp\/v2\/product"}],"about":[{"href":"https:\/\/agenciausphot.com\/uze\/en\/wp-json\/wp\/v2\/types\/product"}],"replies":[{"embeddable":true,"href":"https:\/\/agenciausphot.com\/uze\/en\/wp-json\/wp\/v2\/comments?post=5138"}],"version-history":[{"count":1,"href":"https:\/\/agenciausphot.com\/uze\/en\/wp-json\/wp\/v2\/product\/5138\/revisions"}],"predecessor-version":[{"id":6047,"href":"https:\/\/agenciausphot.com\/uze\/en\/wp-json\/wp\/v2\/product\/5138\/revisions\/6047"}],"wp:featuredmedia":[{"embeddable":true,"href":"https:\/\/agenciausphot.com\/uze\/en\/wp-json\/wp\/v2\/media\/5136"}],"wp:attachment":[{"href":"https:\/\/agenciausphot.com\/uze\/en\/wp-json\/wp\/v2\/media?parent=5138"}],"wp:term":[{"taxonomy":"brand","embeddable":true,"href":"https:\/\/agenciausphot.com\/uze\/en\/wp-json\/wp\/v2\/etheme_brands?post=5138"},{"taxonomy":"product_brand","embeddable":true,"href":"https:\/\/agenciausphot.com\/uze\/en\/wp-json\/wp\/v2\/product_brand?post=5138"},{"taxonomy":"product_cat","embeddable":true,"href":"https:\/\/agenciausphot.com\/uze\/en\/wp-json\/wp\/v2\/product_cat?post=5138"},{"taxonomy":"product_tag","embeddable":true,"href":"https:\/\/agenciausphot.com\/uze\/en\/wp-json\/wp\/v2\/product_tag?post=5138"}],"curies":[{"name":"wp","href":"https:\/\/api.w.org\/{rel}","templated":true}]}}