{"id":5133,"date":"2025-10-29T13:07:43","date_gmt":"2025-10-29T13:07:43","guid":{"rendered":"https:\/\/agenciausphot.com\/uze\/produto\/berloque-mom\/"},"modified":"2025-11-04T20:36:56","modified_gmt":"2025-11-04T20:36:56","slug":"berloque-mom","status":"publish","type":"product","link":"https:\/\/agenciausphot.com\/uze\/en\/product\/berloque-mom\/","title":{"rendered":"Berloque mom"},"content":{"rendered":"<h3 data-start=\"94\" data-end=\"120\">Detalhes do Produto:<\/h3>\n<p data-start=\"121\" data-end=\"397\">Berloque em <strong data-start=\"133\" data-end=\"155\">Prata 925 leg\u00edtima<\/strong>, com design delicado da palavra <strong data-start=\"188\" data-end=\"205\">\u201cMOM\u201d (mam\u00e3e)<\/strong>, perfeito para simbolizar amor, gratid\u00e3o e carinho eterno pelas m\u00e3es. Uma joia especial, cheia de afeto e significado, ideal para presentear e eternizar esse v\u00ednculo \u00fanico e insubstitu\u00edvel.<\/p>\n<p data-start=\"399\" data-end=\"522\">As pratas 925 possuem <strong data-start=\"421\" data-end=\"443\">garantia vital\u00edcia<\/strong>, reconhecidas por sua resist\u00eancia, durabilidade e excelente custo-benef\u00edcio.<\/p>\n<hr data-start=\"524\" data-end=\"527\">\n<h3 data-start=\"529\" data-end=\"561\">Especifica\u00e7\u00f5es do produto:<\/h3>\n<ul data-start=\"562\" data-end=\"929\">\n<li data-start=\"562\" data-end=\"590\">\n<p data-start=\"564\" data-end=\"590\"><strong data-start=\"564\" data-end=\"575\">Modelo:<\/strong> Berloque MOM<\/p>\n<\/li>\n<li data-start=\"591\" data-end=\"691\">\n<p data-start=\"593\" data-end=\"691\"><strong data-start=\"593\" data-end=\"605\">Formato:<\/strong> Palavra MOM estilizada (com op\u00e7\u00e3o de detalhes cravejados ou lisos, conforme modelo)<\/p>\n<\/li>\n<li data-start=\"692\" data-end=\"728\">\n<p data-start=\"694\" data-end=\"728\"><strong data-start=\"694\" data-end=\"707\">Material:<\/strong> Prata 925 leg\u00edtima<\/p>\n<\/li>\n<li data-start=\"729\" data-end=\"817\">\n<p data-start=\"731\" data-end=\"817\"><strong data-start=\"731\" data-end=\"746\">Acabamento:<\/strong> Polido brilhante (varia\u00e7\u00f5es com detalhes em zirc\u00f4nias ou esmaltados)<\/p>\n<\/li>\n<li data-start=\"818\" data-end=\"903\">\n<p data-start=\"820\" data-end=\"903\"><strong data-start=\"820\" data-end=\"840\">Compatibilidade:<\/strong> Pulseiras estilo europeu (Pandora, Life, Morana e similares)<\/p>\n<\/li>\n<li data-start=\"904\" data-end=\"929\">\n<p data-start=\"906\" data-end=\"929\"><strong data-start=\"906\" data-end=\"915\">Peso:<\/strong> Aprox. 2,0g<\/p>\n<\/li>\n<\/ul>\n<hr data-start=\"931\" data-end=\"934\">\n<h3 data-start=\"936\" data-end=\"951\">Garantia:<\/h3>\n<p data-start=\"952\" data-end=\"1206\">Todos os berloques em <strong data-start=\"974\" data-end=\"987\">Prata 925<\/strong> acompanham <strong data-start=\"999\" data-end=\"1043\">Certificado de Garantia de Autenticidade<\/strong>, assegurando a <strong data-start=\"1059\" data-end=\"1077\">dura\u00e7\u00e3o eterna<\/strong> do material. Diferente das bijuterias, pe\u00e7as em Prata 925 preservam brilho e valor por toda a vida, assim como o <strong data-start=\"1191\" data-end=\"1203\">Ouro 18k<\/strong>.<\/p>","protected":false},"excerpt":{"rendered":"<p>Detalhes do Produto: Berloque em Prata 925 leg\u00edtima, com design delicado da palavra \u201cMOM\u201d (mam\u00e3e), perfeito para simbolizar amor, gratid\u00e3o e carinho eterno pelas m\u00e3es&#8230;.<\/p>","protected":false},"featured_media":5132,"comment_status":"open","ping_status":"closed","template":"","meta":[],"etheme_brands":[],"product_brand":[],"product_cat":[127],"product_tag":[133],"class_list":{"0":"post-5133","1":"product","2":"type-product","3":"status-publish","4":"has-post-thumbnail","6":"product_cat-categoriaberloques","7":"product_tag-uze-pratas","9":"first","10":"instock","11":"shipping-taxable","12":"purchasable","13":"product-type-simple"},"_links":{"self":[{"href":"https:\/\/agenciausphot.com\/uze\/en\/wp-json\/wp\/v2\/product\/5133","targetHints":{"allow":["GET"]}}],"collection":[{"href":"https:\/\/agenciausphot.com\/uze\/en\/wp-json\/wp\/v2\/product"}],"about":[{"href":"https:\/\/agenciausphot.com\/uze\/en\/wp-json\/wp\/v2\/types\/product"}],"replies":[{"embeddable":true,"href":"https:\/\/agenciausphot.com\/uze\/en\/wp-json\/wp\/v2\/comments?post=5133"}],"version-history":[{"count":1,"href":"https:\/\/agenciausphot.com\/uze\/en\/wp-json\/wp\/v2\/product\/5133\/revisions"}],"predecessor-version":[{"id":6045,"href":"https:\/\/agenciausphot.com\/uze\/en\/wp-json\/wp\/v2\/product\/5133\/revisions\/6045"}],"wp:featuredmedia":[{"embeddable":true,"href":"https:\/\/agenciausphot.com\/uze\/en\/wp-json\/wp\/v2\/media\/5132"}],"wp:attachment":[{"href":"https:\/\/agenciausphot.com\/uze\/en\/wp-json\/wp\/v2\/media?parent=5133"}],"wp:term":[{"taxonomy":"brand","embeddable":true,"href":"https:\/\/agenciausphot.com\/uze\/en\/wp-json\/wp\/v2\/etheme_brands?post=5133"},{"taxonomy":"product_brand","embeddable":true,"href":"https:\/\/agenciausphot.com\/uze\/en\/wp-json\/wp\/v2\/product_brand?post=5133"},{"taxonomy":"product_cat","embeddable":true,"href":"https:\/\/agenciausphot.com\/uze\/en\/wp-json\/wp\/v2\/product_cat?post=5133"},{"taxonomy":"product_tag","embeddable":true,"href":"https:\/\/agenciausphot.com\/uze\/en\/wp-json\/wp\/v2\/product_tag?post=5133"}],"curies":[{"name":"wp","href":"https:\/\/api.w.org\/{rel}","templated":true}]}}