{"id":5131,"date":"2025-10-29T13:07:41","date_gmt":"2025-10-29T13:07:41","guid":{"rendered":"https:\/\/agenciausphot.com\/uze\/produto\/berloque-minions\/"},"modified":"2025-11-04T20:36:55","modified_gmt":"2025-11-04T20:36:55","slug":"berloque-minions","status":"publish","type":"product","link":"https:\/\/agenciausphot.com\/uze\/en\/product\/berloque-minions\/","title":{"rendered":"Berloque minions"},"content":{"rendered":"<h3 data-start=\"100\" data-end=\"126\">Detalhes do Produto:<\/h3>\n<p data-start=\"127\" data-end=\"432\">Berloque em <strong data-start=\"139\" data-end=\"161\">Prata 925 leg\u00edtima<\/strong>, com design divertido inspirado nos <strong data-start=\"198\" data-end=\"209\">Minions<\/strong>, personagens ic\u00f4nicos que simbolizam alegria, humor e amizade. Uma pe\u00e7a criativa e cheia de personalidade, perfeita para quem ama o universo desses personagens e deseja trazer divers\u00e3o e descontra\u00e7\u00e3o para suas pulseiras.<\/p>\n<p data-start=\"434\" data-end=\"557\">As pratas 925 possuem <strong data-start=\"456\" data-end=\"478\">garantia vital\u00edcia<\/strong>, reconhecidas por sua resist\u00eancia, durabilidade e excelente custo-benef\u00edcio.<\/p>\n<hr data-start=\"559\" data-end=\"562\">\n<h3 data-start=\"564\" data-end=\"596\">Especifica\u00e7\u00f5es do produto:<\/h3>\n<ul data-start=\"597\" data-end=\"914\">\n<li data-start=\"597\" data-end=\"629\">\n<p data-start=\"599\" data-end=\"629\"><strong data-start=\"599\" data-end=\"610\">Modelo:<\/strong> Berloque Minions<\/p>\n<\/li>\n<li data-start=\"630\" data-end=\"696\">\n<p data-start=\"632\" data-end=\"696\"><strong data-start=\"632\" data-end=\"644\">Formato:<\/strong> Personagem estilizado (varia\u00e7\u00f5es conforme modelo)<\/p>\n<\/li>\n<li data-start=\"697\" data-end=\"733\">\n<p data-start=\"699\" data-end=\"733\"><strong data-start=\"699\" data-end=\"712\">Material:<\/strong> Prata 925 leg\u00edtima<\/p>\n<\/li>\n<li data-start=\"734\" data-end=\"802\">\n<p data-start=\"736\" data-end=\"802\"><strong data-start=\"736\" data-end=\"751\">Acabamento:<\/strong> Polido brilhante + detalhes esmaltados coloridos<\/p>\n<\/li>\n<li data-start=\"803\" data-end=\"888\">\n<p data-start=\"805\" data-end=\"888\"><strong data-start=\"805\" data-end=\"825\">Compatibilidade:<\/strong> Pulseiras estilo europeu (Pandora, Life, Morana e similares)<\/p>\n<\/li>\n<li data-start=\"889\" data-end=\"914\">\n<p data-start=\"891\" data-end=\"914\"><strong data-start=\"891\" data-end=\"900\">Peso:<\/strong> Aprox. 2,5g<\/p>\n<\/li>\n<\/ul>\n<hr data-start=\"916\" data-end=\"919\">\n<h3 data-start=\"921\" data-end=\"936\">Garantia:<\/h3>\n<p data-start=\"937\" data-end=\"1191\">Todos os berloques em <strong data-start=\"959\" data-end=\"972\">Prata 925<\/strong> acompanham <strong data-start=\"984\" data-end=\"1028\">Certificado de Garantia de Autenticidade<\/strong>, assegurando a <strong data-start=\"1044\" data-end=\"1062\">dura\u00e7\u00e3o eterna<\/strong> do material. Diferente das bijuterias, pe\u00e7as em Prata 925 preservam brilho e valor por toda a vida, assim como o <strong data-start=\"1176\" data-end=\"1188\">Ouro 18k<\/strong>.<\/p>","protected":false},"excerpt":{"rendered":"<p>Detalhes do Produto: Berloque em Prata 925 leg\u00edtima, com design divertido inspirado nos Minions, personagens ic\u00f4nicos que simbolizam alegria, humor e amizade. Uma pe\u00e7a criativa&#8230;<\/p>","protected":false},"featured_media":5130,"comment_status":"open","ping_status":"closed","template":"","meta":[],"etheme_brands":[],"product_brand":[],"product_cat":[127],"product_tag":[133],"class_list":{"0":"post-5131","1":"product","2":"type-product","3":"status-publish","4":"has-post-thumbnail","6":"product_cat-categoriaberloques","7":"product_tag-uze-pratas","9":"first","10":"instock","11":"shipping-taxable","12":"purchasable","13":"product-type-simple"},"_links":{"self":[{"href":"https:\/\/agenciausphot.com\/uze\/en\/wp-json\/wp\/v2\/product\/5131","targetHints":{"allow":["GET"]}}],"collection":[{"href":"https:\/\/agenciausphot.com\/uze\/en\/wp-json\/wp\/v2\/product"}],"about":[{"href":"https:\/\/agenciausphot.com\/uze\/en\/wp-json\/wp\/v2\/types\/product"}],"replies":[{"embeddable":true,"href":"https:\/\/agenciausphot.com\/uze\/en\/wp-json\/wp\/v2\/comments?post=5131"}],"version-history":[{"count":1,"href":"https:\/\/agenciausphot.com\/uze\/en\/wp-json\/wp\/v2\/product\/5131\/revisions"}],"predecessor-version":[{"id":6044,"href":"https:\/\/agenciausphot.com\/uze\/en\/wp-json\/wp\/v2\/product\/5131\/revisions\/6044"}],"wp:featuredmedia":[{"embeddable":true,"href":"https:\/\/agenciausphot.com\/uze\/en\/wp-json\/wp\/v2\/media\/5130"}],"wp:attachment":[{"href":"https:\/\/agenciausphot.com\/uze\/en\/wp-json\/wp\/v2\/media?parent=5131"}],"wp:term":[{"taxonomy":"brand","embeddable":true,"href":"https:\/\/agenciausphot.com\/uze\/en\/wp-json\/wp\/v2\/etheme_brands?post=5131"},{"taxonomy":"product_brand","embeddable":true,"href":"https:\/\/agenciausphot.com\/uze\/en\/wp-json\/wp\/v2\/product_brand?post=5131"},{"taxonomy":"product_cat","embeddable":true,"href":"https:\/\/agenciausphot.com\/uze\/en\/wp-json\/wp\/v2\/product_cat?post=5131"},{"taxonomy":"product_tag","embeddable":true,"href":"https:\/\/agenciausphot.com\/uze\/en\/wp-json\/wp\/v2\/product_tag?post=5131"}],"curies":[{"name":"wp","href":"https:\/\/api.w.org\/{rel}","templated":true}]}}