{"id":5125,"date":"2025-10-29T13:07:37","date_gmt":"2025-10-29T13:07:37","guid":{"rendered":"https:\/\/agenciausphot.com\/uze\/produto\/berloque-mae-e-filho\/"},"modified":"2025-11-04T20:36:53","modified_gmt":"2025-11-04T20:36:53","slug":"berloque-mae-e-filho","status":"publish","type":"product","link":"https:\/\/agenciausphot.com\/uze\/en\/product\/berloque-mae-e-filho\/","title":{"rendered":"Berloque m\u00e3e e filho"},"content":{"rendered":"<h3 data-start=\"105\" data-end=\"131\">Detalhes do Produto:<\/h3>\n<p data-start=\"132\" data-end=\"517\">Berloque em <strong data-start=\"144\" data-end=\"166\">Prata 925 leg\u00edtima<\/strong>, com design delicado representando a uni\u00e3o entre <strong data-start=\"216\" data-end=\"231\">m\u00e3e e filho<\/strong>, s\u00edmbolo de amor incondicional, carinho e v\u00ednculo eterno. Uma joia cheia de significado, perfeita para eternizar esse la\u00e7o t\u00e3o especial e carregar sempre consigo um pedacinho dessa conex\u00e3o \u00fanica. Ideal para presentear ou colecionar momentos inesquec\u00edveis em pulseiras personalizadas.<\/p>\n<p data-start=\"519\" data-end=\"642\">As pratas 925 possuem <strong data-start=\"541\" data-end=\"563\">garantia vital\u00edcia<\/strong>, reconhecidas por sua resist\u00eancia, durabilidade e excelente custo-benef\u00edcio.<\/p>\n<hr data-start=\"644\" data-end=\"647\">\n<h3 data-start=\"649\" data-end=\"681\">Especifica\u00e7\u00f5es do produto:<\/h3>\n<ul data-start=\"682\" data-end=\"1005\">\n<li data-start=\"682\" data-end=\"718\">\n<p data-start=\"684\" data-end=\"718\"><strong data-start=\"684\" data-end=\"695\">Modelo:<\/strong> Berloque M\u00e3e e Filho<\/p>\n<\/li>\n<li data-start=\"719\" data-end=\"796\">\n<p data-start=\"721\" data-end=\"796\"><strong data-start=\"721\" data-end=\"733\">Formato:<\/strong> Silhueta estilizada de m\u00e3e com filho (varia conforme modelo)<\/p>\n<\/li>\n<li data-start=\"797\" data-end=\"833\">\n<p data-start=\"799\" data-end=\"833\"><strong data-start=\"799\" data-end=\"812\">Material:<\/strong> Prata 925 leg\u00edtima<\/p>\n<\/li>\n<li data-start=\"834\" data-end=\"893\">\n<p data-start=\"836\" data-end=\"893\"><strong data-start=\"836\" data-end=\"851\">Acabamento:<\/strong> Polido brilhante + detalhes trabalhados<\/p>\n<\/li>\n<li data-start=\"894\" data-end=\"979\">\n<p data-start=\"896\" data-end=\"979\"><strong data-start=\"896\" data-end=\"916\">Compatibilidade:<\/strong> Pulseiras estilo europeu (Pandora, Life, Morana e similares)<\/p>\n<\/li>\n<li data-start=\"980\" data-end=\"1005\">\n<p data-start=\"982\" data-end=\"1005\"><strong data-start=\"982\" data-end=\"991\">Peso:<\/strong> Aprox. 2,2g<\/p>\n<\/li>\n<\/ul>\n<hr data-start=\"1007\" data-end=\"1010\">\n<h3 data-start=\"1012\" data-end=\"1027\">Garantia:<\/h3>\n<p data-start=\"1028\" data-end=\"1282\">Todos os berloques em <strong data-start=\"1050\" data-end=\"1063\">Prata 925<\/strong> acompanham <strong data-start=\"1075\" data-end=\"1119\">Certificado de Garantia de Autenticidade<\/strong>, assegurando a <strong data-start=\"1135\" data-end=\"1153\">dura\u00e7\u00e3o eterna<\/strong> do material. Diferente das bijuterias, pe\u00e7as em Prata 925 preservam brilho e valor por toda a vida, assim como o <strong data-start=\"1267\" data-end=\"1279\">Ouro 18k<\/strong>.<\/p>","protected":false},"excerpt":{"rendered":"<p>Detalhes do Produto: Berloque em Prata 925 leg\u00edtima, com design delicado representando a uni\u00e3o entre m\u00e3e e filho, s\u00edmbolo de amor incondicional, carinho e v\u00ednculo&#8230;<\/p>","protected":false},"featured_media":5123,"comment_status":"open","ping_status":"closed","template":"","meta":[],"etheme_brands":[],"product_brand":[],"product_cat":[127],"product_tag":[133],"class_list":{"0":"post-5125","1":"product","2":"type-product","3":"status-publish","4":"has-post-thumbnail","6":"product_cat-categoriaberloques","7":"product_tag-uze-pratas","9":"first","10":"instock","11":"shipping-taxable","12":"purchasable","13":"product-type-simple"},"_links":{"self":[{"href":"https:\/\/agenciausphot.com\/uze\/en\/wp-json\/wp\/v2\/product\/5125","targetHints":{"allow":["GET"]}}],"collection":[{"href":"https:\/\/agenciausphot.com\/uze\/en\/wp-json\/wp\/v2\/product"}],"about":[{"href":"https:\/\/agenciausphot.com\/uze\/en\/wp-json\/wp\/v2\/types\/product"}],"replies":[{"embeddable":true,"href":"https:\/\/agenciausphot.com\/uze\/en\/wp-json\/wp\/v2\/comments?post=5125"}],"version-history":[{"count":1,"href":"https:\/\/agenciausphot.com\/uze\/en\/wp-json\/wp\/v2\/product\/5125\/revisions"}],"predecessor-version":[{"id":6041,"href":"https:\/\/agenciausphot.com\/uze\/en\/wp-json\/wp\/v2\/product\/5125\/revisions\/6041"}],"wp:featuredmedia":[{"embeddable":true,"href":"https:\/\/agenciausphot.com\/uze\/en\/wp-json\/wp\/v2\/media\/5123"}],"wp:attachment":[{"href":"https:\/\/agenciausphot.com\/uze\/en\/wp-json\/wp\/v2\/media?parent=5125"}],"wp:term":[{"taxonomy":"brand","embeddable":true,"href":"https:\/\/agenciausphot.com\/uze\/en\/wp-json\/wp\/v2\/etheme_brands?post=5125"},{"taxonomy":"product_brand","embeddable":true,"href":"https:\/\/agenciausphot.com\/uze\/en\/wp-json\/wp\/v2\/product_brand?post=5125"},{"taxonomy":"product_cat","embeddable":true,"href":"https:\/\/agenciausphot.com\/uze\/en\/wp-json\/wp\/v2\/product_cat?post=5125"},{"taxonomy":"product_tag","embeddable":true,"href":"https:\/\/agenciausphot.com\/uze\/en\/wp-json\/wp\/v2\/product_tag?post=5125"}],"curies":[{"name":"wp","href":"https:\/\/api.w.org\/{rel}","templated":true}]}}