{"id":5122,"date":"2025-10-29T13:07:34","date_gmt":"2025-10-29T13:07:34","guid":{"rendered":"https:\/\/agenciausphot.com\/uze\/produto\/berloque-fusca\/"},"modified":"2025-11-04T20:36:53","modified_gmt":"2025-11-04T20:36:53","slug":"berloque-fusca","status":"publish","type":"product","link":"https:\/\/agenciausphot.com\/uze\/en\/product\/berloque-fusca\/","title":{"rendered":"Berloque fusca"},"content":{"rendered":"<h3 data-start=\"96\" data-end=\"122\">Detalhes do Produto:<\/h3>\n<p data-start=\"123\" data-end=\"431\">Berloque em <strong data-start=\"135\" data-end=\"157\">Prata 925 leg\u00edtima<\/strong>, com design criativo em formato de <strong data-start=\"193\" data-end=\"202\">fusca<\/strong>, um dos carros mais ic\u00f4nicos e queridos do mundo. Uma pe\u00e7a cheia de estilo e nostalgia, perfeita para amantes de carros cl\u00e1ssicos e para quem deseja eternizar boas lembran\u00e7as ligadas a viagens, liberdade e hist\u00f3rias especiais.<\/p>\n<p data-start=\"433\" data-end=\"556\">As pratas 925 possuem <strong data-start=\"455\" data-end=\"477\">garantia vital\u00edcia<\/strong>, reconhecidas por sua resist\u00eancia, durabilidade e excelente custo-benef\u00edcio.<\/p>\n<hr data-start=\"558\" data-end=\"561\">\n<h3 data-start=\"563\" data-end=\"595\">Especifica\u00e7\u00f5es do produto:<\/h3>\n<ul data-start=\"596\" data-end=\"901\">\n<li data-start=\"596\" data-end=\"626\">\n<p data-start=\"598\" data-end=\"626\"><strong data-start=\"598\" data-end=\"609\">Modelo:<\/strong> Berloque Fusca<\/p>\n<\/li>\n<li data-start=\"627\" data-end=\"666\">\n<p data-start=\"629\" data-end=\"666\"><strong data-start=\"629\" data-end=\"641\">Formato:<\/strong> Carro fusca estilizado<\/p>\n<\/li>\n<li data-start=\"667\" data-end=\"703\">\n<p data-start=\"669\" data-end=\"703\"><strong data-start=\"669\" data-end=\"682\">Material:<\/strong> Prata 925 leg\u00edtima<\/p>\n<\/li>\n<li data-start=\"704\" data-end=\"789\">\n<p data-start=\"706\" data-end=\"789\"><strong data-start=\"706\" data-end=\"721\">Acabamento:<\/strong> Polido brilhante + detalhes esmaltados (varia\u00e7\u00e3o conforme modelo)<\/p>\n<\/li>\n<li data-start=\"790\" data-end=\"875\">\n<p data-start=\"792\" data-end=\"875\"><strong data-start=\"792\" data-end=\"812\">Compatibilidade:<\/strong> Pulseiras estilo europeu (Pandora, Life, Morana e similares)<\/p>\n<\/li>\n<li data-start=\"876\" data-end=\"901\">\n<p data-start=\"878\" data-end=\"901\"><strong data-start=\"878\" data-end=\"887\">Peso:<\/strong> Aprox. 2,2g<\/p>\n<\/li>\n<\/ul>\n<hr data-start=\"903\" data-end=\"906\">\n<h3 data-start=\"908\" data-end=\"923\">Garantia:<\/h3>\n<p data-start=\"924\" data-end=\"1178\">Todos os berloques em <strong data-start=\"946\" data-end=\"959\">Prata 925<\/strong> acompanham <strong data-start=\"971\" data-end=\"1015\">Certificado de Garantia de Autenticidade<\/strong>, assegurando a <strong data-start=\"1031\" data-end=\"1049\">dura\u00e7\u00e3o eterna<\/strong> do material. Diferente das bijuterias, pe\u00e7as em Prata 925 preservam brilho e valor por toda a vida, assim como o <strong data-start=\"1163\" data-end=\"1175\">Ouro 18k<\/strong>.<\/p>","protected":false},"excerpt":{"rendered":"<p>Detalhes do Produto: Berloque em Prata 925 leg\u00edtima, com design criativo em formato de fusca, um dos carros mais ic\u00f4nicos e queridos do mundo. Uma&#8230;<\/p>","protected":false},"featured_media":5120,"comment_status":"open","ping_status":"closed","template":"","meta":[],"etheme_brands":[],"product_brand":[],"product_cat":[127],"product_tag":[133],"class_list":{"0":"post-5122","1":"product","2":"type-product","3":"status-publish","4":"has-post-thumbnail","6":"product_cat-categoriaberloques","7":"product_tag-uze-pratas","9":"first","10":"instock","11":"shipping-taxable","12":"purchasable","13":"product-type-simple"},"_links":{"self":[{"href":"https:\/\/agenciausphot.com\/uze\/en\/wp-json\/wp\/v2\/product\/5122","targetHints":{"allow":["GET"]}}],"collection":[{"href":"https:\/\/agenciausphot.com\/uze\/en\/wp-json\/wp\/v2\/product"}],"about":[{"href":"https:\/\/agenciausphot.com\/uze\/en\/wp-json\/wp\/v2\/types\/product"}],"replies":[{"embeddable":true,"href":"https:\/\/agenciausphot.com\/uze\/en\/wp-json\/wp\/v2\/comments?post=5122"}],"version-history":[{"count":1,"href":"https:\/\/agenciausphot.com\/uze\/en\/wp-json\/wp\/v2\/product\/5122\/revisions"}],"predecessor-version":[{"id":6040,"href":"https:\/\/agenciausphot.com\/uze\/en\/wp-json\/wp\/v2\/product\/5122\/revisions\/6040"}],"wp:featuredmedia":[{"embeddable":true,"href":"https:\/\/agenciausphot.com\/uze\/en\/wp-json\/wp\/v2\/media\/5120"}],"wp:attachment":[{"href":"https:\/\/agenciausphot.com\/uze\/en\/wp-json\/wp\/v2\/media?parent=5122"}],"wp:term":[{"taxonomy":"brand","embeddable":true,"href":"https:\/\/agenciausphot.com\/uze\/en\/wp-json\/wp\/v2\/etheme_brands?post=5122"},{"taxonomy":"product_brand","embeddable":true,"href":"https:\/\/agenciausphot.com\/uze\/en\/wp-json\/wp\/v2\/product_brand?post=5122"},{"taxonomy":"product_cat","embeddable":true,"href":"https:\/\/agenciausphot.com\/uze\/en\/wp-json\/wp\/v2\/product_cat?post=5122"},{"taxonomy":"product_tag","embeddable":true,"href":"https:\/\/agenciausphot.com\/uze\/en\/wp-json\/wp\/v2\/product_tag?post=5122"}],"curies":[{"name":"wp","href":"https:\/\/api.w.org\/{rel}","templated":true}]}}